{"id":2,"date":"2012-05-18T14:23:54","date_gmt":"2012-05-18T14:23:54","guid":{"rendered":"http:\/\/koton.org\/?page_id=2"},"modified":"2013-08-09T14:29:16","modified_gmt":"2013-08-09T14:29:16","slug":"beispiel-seite","status":"publish","type":"page","link":"https:\/\/koton.de\/wp\/?page_id=2","title":{"rendered":"Impressum"},"content":{"rendered":"<p><strong>KOTON e.K.<\/strong><\/p>\n<p>Barer Stra\u00dfe 38<br \/>\n80333 M\u00fcnchen<br \/>\nBRD<\/p>\n<p><span style=\"font-family: Arial, Helvetica, Geneva, Swiss, SunSans-Regular; font-size: xx-small;\"><strong>Inhaber :<br \/>\n<\/strong>Ewgenij Naum Koton<\/span><\/p>\n<p>HRA 100982 Amtsgericht M\u00fcnchen<br \/>\nSteuer-Nr. 145\/143\/40006<br \/>\nUst ID DE212211414<\/p>\n<p><strong>Konzeption und Design:<br \/>\n<\/strong>Ewgenij Naum Koton<\/p>\n<p><strong>Copyright<br \/>\n<\/strong>Die in der Website enthaltenen Textbeitr\u00e4ge und Abbildungen sind urheberrechtlich gesch\u00fctzt. Das Copyright f\u00fcr Abbildungen liegt bei KOTON oder den genannten Herstellern.<br \/>\nAlle Teile der Website unterliegen dem Copyright und sind urheberrechtlich als Datensammelwerk gesch\u00fctzt. Jede Verwertung bedarf der schriftlichen Zustimmung von KOTON.<\/p>\n<p><strong>Haftungsausschluss<br \/>\n<\/strong>Trotz sorgf\u00e4ltiger inhaltlicher Kontrolle \u00fcbernehmen wir keine Haftung f\u00fcr die Inhalte externer Links. F\u00fcr den Inhalt der verlinkten Seiten sind ausschlie\u00dflich deren Betreiber selbst verantwortlich.<\/p>\n","protected":false},"excerpt":{"rendered":"<p>KOTON e.K. Barer Stra\u00dfe 38 80333 M\u00fcnchen BRD Inhaber : Ewgenij Naum Koton HRA 100982 Amtsgericht M\u00fcnchen Steuer-Nr. 145\/143\/40006 Ust ID DE212211414 Konzeption und Design: Ewgenij Naum Koton Copyright Die in der Website enthaltenen Textbeitr\u00e4ge und Abbildungen sind urheberrechtlich gesch\u00fctzt. &hellip;<\/p>\n","protected":false},"author":1,"featured_media":0,"parent":329,"menu_order":3,"comment_status":"closed","ping_status":"closed","template":"","meta":[],"_links":{"self":[{"href":"https:\/\/koton.de\/wp\/index.php?rest_route=\/wp\/v2\/pages\/2"}],"collection":[{"href":"https:\/\/koton.de\/wp\/index.php?rest_route=\/wp\/v2\/pages"}],"about":[{"href":"https:\/\/koton.de\/wp\/index.php?rest_route=\/wp\/v2\/types\/page"}],"author":[{"embeddable":true,"href":"https:\/\/koton.de\/wp\/index.php?rest_route=\/wp\/v2\/users\/1"}],"replies":[{"embeddable":true,"href":"https:\/\/koton.de\/wp\/index.php?rest_route=%2Fwp%2Fv2%2Fcomments&post=2"}],"version-history":[{"count":9,"href":"https:\/\/koton.de\/wp\/index.php?rest_route=\/wp\/v2\/pages\/2\/revisions"}],"predecessor-version":[{"id":1267,"href":"https:\/\/koton.de\/wp\/index.php?rest_route=\/wp\/v2\/pages\/2\/revisions\/1267"}],"up":[{"embeddable":true,"href":"https:\/\/koton.de\/wp\/index.php?rest_route=\/wp\/v2\/pages\/329"}],"wp:attachment":[{"href":"https:\/\/koton.de\/wp\/index.php?rest_route=%2Fwp%2Fv2%2Fmedia&parent=2"}],"curies":[{"name":"wp","href":"https:\/\/api.w.org\/{rel}","templated":true}]}}