{"id":79,"date":"2013-12-15T18:38:52","date_gmt":"2013-12-15T16:38:52","guid":{"rendered":"http:\/\/koton.de\/de\/?page_id=79"},"modified":"2024-04-23T13:27:38","modified_gmt":"2024-04-23T11:27:38","slug":"o-luce","status":"publish","type":"page","link":"https:\/\/koton.de\/de\/o-luce\/","title":{"rendered":"Oluce"},"content":{"rendered":"<p><strong>Bereits 1946 gegr\u00fcndet, agiert Oluce heute als die \u00e4lteste noch aktive italienische Designfirma im Beleuchtungssektor. Dank der Vielfalt aus geometrischen Formen von Vico Magistretti, der klassischen Modernit\u00e4t von Joe Colombo und der eleganten Diskretion von Tito Agnolio und Marco Zanuso z\u00e4hlen die Leuchten von Oluce heute als absolute Designklassiker. F\u00fcr individuelle Beratung zu zeitlosen Lampen wie der Atollo oder Coup\u00e9 sowie Ma\u00dfanfertigungen besuchen Sie uns gerne in unserem Showroom in M\u00fcnchen!<\/strong><\/p>\n<p>&nbsp;<\/p>\n<hr \/>\n<p>&nbsp;<\/p>\n<div class=\"recent-posts clearfix\"><div class=\"four columns\">\n<div class=\"item clearfix\">\n\n    \n            \n                <div class=\"image-post-slider\">\n                    <ul>\n                                                    <li><a data-fancybox-group=\"lightbox\" href=\"https:\/\/koton.de\/de\/classic-tischlampe-atollo-glass-von-oluce\/\" class=\"single-image link-icon\"><img loading=\"lazy\" decoding=\"async\" src=\"https:\/\/koton.de\/de\/wp-content\/uploads\/2024\/02\/Oluce_Atollo_Glas_Tischlampe_Koton_Design_Muenchen_1-580x360.jpeg\" width=\"580\" height=\"360\" alt=\"CLASSIC: TISCHLAMPE ATOLLO GLASS VON OLUCE\" \/><\/a><\/li>\n                                                    <li><a data-fancybox-group=\"lightbox\" href=\"https:\/\/koton.de\/de\/classic-tischlampe-atollo-glass-von-oluce\/\" class=\"single-image link-icon\"><img loading=\"lazy\" decoding=\"async\" src=\"https:\/\/koton.de\/de\/wp-content\/uploads\/2024\/02\/Oluce_Atollo_Glas_Tischlampe_Koton_Design_Muenchen-580x360.jpeg\" width=\"580\" height=\"360\" alt=\"CLASSIC: TISCHLAMPE ATOLLO GLASS VON OLUCE\" \/><\/a><\/li>\n                                            <\/ul>\n                <\/div><!--\/ .image-post-slider-->\n\n                        \n    <div class=\"entry-meta\">\n\t\t\n\t\t<h5 class=\"title\"><a href=\"https:\/\/koton.de\/de\/classic-tischlampe-atollo-glass-von-oluce\/\">CLASSIC: TISCHLAMPE ATOLLO GLASS VON OLUCE<\/a><\/h5>\n\t\t\n\t\t\t\t\n\t<\/div><!--\/ .entry-meta-->\n\n    <div class=\"entry-body\">\n\n        <p>\n            Die Tischleuchte Atollo von Oluce gilt heute als Archetyp der Pilzlampe. Das Design von Vico Magistretti ist das Ergebnis der Vereinigung vo ...        <\/p>\n\t\t\n\t\t \n    <\/div><!--\/ .entry-body-->\n\n<\/div><!--\/ .item--><\/div><div class=\"four columns\">\n<div class=\"item clearfix\">\n\n    \n            \n                <div class=\"image-post-slider\">\n                    <ul>\n                                                    <li><a data-fancybox-group=\"lightbox\" href=\"https:\/\/koton.de\/de\/neu-oluce-dancing-queen-haengelampe\/\" class=\"single-image link-icon\"><img loading=\"lazy\" decoding=\"async\" src=\"https:\/\/koton.de\/de\/wp-content\/uploads\/2024\/01\/Oluce_Haengelampe_Dancing_Queen_Koton_Muenchen-580x360.jpeg\" width=\"580\" height=\"360\" alt=\"NEU: OLUCE DANCING QUEEN H\u00c4NGELAMPE\" \/><\/a><\/li>\n                                                    <li><a data-fancybox-group=\"lightbox\" href=\"https:\/\/koton.de\/de\/neu-oluce-dancing-queen-haengelampe\/\" class=\"single-image link-icon\"><img loading=\"lazy\" decoding=\"async\" src=\"https:\/\/koton.de\/de\/wp-content\/uploads\/2024\/01\/Oluce_Dancing_Queen_Haengelampe_Koton_Design-580x360.jpeg\" width=\"580\" height=\"360\" alt=\"NEU: OLUCE DANCING QUEEN H\u00c4NGELAMPE\" \/><\/a><\/li>\n                                                    <li><a data-fancybox-group=\"lightbox\" href=\"https:\/\/koton.de\/de\/neu-oluce-dancing-queen-haengelampe\/\" class=\"single-image link-icon\"><img loading=\"lazy\" decoding=\"async\" src=\"https:\/\/koton.de\/de\/wp-content\/uploads\/2024\/01\/Oluce_Dancing_Queen_Haengeleuchte_Koton_Muenchen-580x360.jpeg\" width=\"580\" height=\"360\" alt=\"NEU: OLUCE DANCING QUEEN H\u00c4NGELAMPE\" \/><\/a><\/li>\n                                            <\/ul>\n                <\/div><!--\/ .image-post-slider-->\n\n                        \n    <div class=\"entry-meta\">\n\t\t\n\t\t<h5 class=\"title\"><a href=\"https:\/\/koton.de\/de\/neu-oluce-dancing-queen-haengelampe\/\">NEU: OLUCE DANCING QUEEN H\u00c4NGELAMPE<\/a><\/h5>\n\t\t\n\t\t\t\t\n\t<\/div><!--\/ .entry-meta-->\n\n    <div class=\"entry-body\">\n\n        <p>\n            Mit der H\u00e4ngelampe Dancing Queen entwarf der Designer Victor Vasilev eine dekorative und zugleich technische Neuheit f\u00fcr Oluce. Die Leucht ...        <\/p>\n\t\t\n\t\t \n    <\/div><!--\/ .entry-body-->\n\n<\/div><!--\/ .item--><\/div><div class=\"four columns\">\n<div class=\"item clearfix\">\n\n    \n            \n                <div class=\"image-post-slider\">\n                    <ul>\n                                                    <li><a data-fancybox-group=\"lightbox\" href=\"https:\/\/koton.de\/de\/neu-oluce-mini-coupe-tischleuchte\/\" class=\"single-image link-icon\"><img loading=\"lazy\" decoding=\"async\" src=\"https:\/\/koton.de\/de\/wp-content\/uploads\/2023\/09\/Oluce_Mini_Coupe_Tischleuchte_Joe_Colombo_Koton_Muenchen_2-580x360.jpeg\" width=\"580\" height=\"360\" alt=\"CLASSIC: OLUCE MINI COUP\u00c9 TISCHLEUCHTE\" \/><\/a><\/li>\n                                                    <li><a data-fancybox-group=\"lightbox\" href=\"https:\/\/koton.de\/de\/neu-oluce-mini-coupe-tischleuchte\/\" class=\"single-image link-icon\"><img loading=\"lazy\" decoding=\"async\" src=\"https:\/\/koton.de\/de\/wp-content\/uploads\/2023\/09\/Oluce_Mini_Coupe_Tischlampe_Joe_Colombo_Koton_Muenchen-e1694603781972-580x360.jpeg\" width=\"580\" height=\"360\" alt=\"CLASSIC: OLUCE MINI COUP\u00c9 TISCHLEUCHTE\" \/><\/a><\/li>\n                                                    <li><a data-fancybox-group=\"lightbox\" href=\"https:\/\/koton.de\/de\/neu-oluce-mini-coupe-tischleuchte\/\" class=\"single-image link-icon\"><img loading=\"lazy\" decoding=\"async\" src=\"https:\/\/koton.de\/de\/wp-content\/uploads\/2023\/09\/Oluce_Mini_Coupe_Tischlampe_Joe_Colombo_Koton_Muenchen_2-580x360.jpeg\" width=\"580\" height=\"360\" alt=\"CLASSIC: OLUCE MINI COUP\u00c9 TISCHLEUCHTE\" \/><\/a><\/li>\n                                                    <li><a data-fancybox-group=\"lightbox\" href=\"https:\/\/koton.de\/de\/neu-oluce-mini-coupe-tischleuchte\/\" class=\"single-image link-icon\"><img loading=\"lazy\" decoding=\"async\" src=\"https:\/\/koton.de\/de\/wp-content\/uploads\/2023\/09\/Oluce_Mini_Coupe_Tischleuchte_Joe_Colombo_Koton_Muenchen-e1694603826337-580x360.jpeg\" width=\"580\" height=\"360\" alt=\"CLASSIC: OLUCE MINI COUP\u00c9 TISCHLEUCHTE\" \/><\/a><\/li>\n                                            <\/ul>\n                <\/div><!--\/ .image-post-slider-->\n\n                        \n    <div class=\"entry-meta\">\n\t\t\n\t\t<h5 class=\"title\"><a href=\"https:\/\/koton.de\/de\/neu-oluce-mini-coupe-tischleuchte\/\">CLASSIC: OLUCE MINI COUP\u00c9 TISCHLEUCHTE<\/a><\/h5>\n\t\t\n\t\t\t\t\n\t<\/div><!--\/ .entry-meta-->\n\n    <div class=\"entry-body\">\n\n        <p>\n            Als Joe Colombo 1967 erstmals die Tischlampe Mini Coup\u00e9 vorstellte, verk\u00fcndete der Designer, dass er urspr\u00fcnglich eine neue Variation der ...        <\/p>\n\t\t\n\t\t \n    <\/div><!--\/ .entry-body-->\n\n<\/div><!--\/ .item--><\/div><div class=\"four columns\">\n<div class=\"item clearfix\">\n\n    \n            \n                <div class=\"image-post-slider\">\n                    <ul>\n                                                    <li><a data-fancybox-group=\"lightbox\" href=\"https:\/\/koton.de\/de\/neu-oluce-berlin-720-721-wand-und-deckenlampe\/\" class=\"single-image link-icon\"><img loading=\"lazy\" decoding=\"async\" src=\"http:\/\/koton.de\/de\/wp-content\/uploads\/2023\/06\/Oluce-Berlin-720721-Wand-und-Deckenlampe-Christophe-Pillet-3-580x360.jpg\" width=\"580\" height=\"360\" alt=\"NEU: OLUCE BERLIN 720\/721 WAND- UND DECKENLAMPE\" \/><\/a><\/li>\n                                                    <li><a data-fancybox-group=\"lightbox\" href=\"https:\/\/koton.de\/de\/neu-oluce-berlin-720-721-wand-und-deckenlampe\/\" class=\"single-image link-icon\"><img loading=\"lazy\" decoding=\"async\" src=\"http:\/\/koton.de\/de\/wp-content\/uploads\/2023\/06\/Oluce-Berlin-720721-Wand-und-Deckenlampe-Christophe-Pillet-580x360.jpg\" width=\"580\" height=\"360\" alt=\"NEU: OLUCE BERLIN 720\/721 WAND- UND DECKENLAMPE\" \/><\/a><\/li>\n                                                    <li><a data-fancybox-group=\"lightbox\" href=\"https:\/\/koton.de\/de\/neu-oluce-berlin-720-721-wand-und-deckenlampe\/\" class=\"single-image link-icon\"><img loading=\"lazy\" decoding=\"async\" src=\"http:\/\/koton.de\/de\/wp-content\/uploads\/2023\/06\/Oluce-Berlin-720721-Wand-und-Deckenlampe-Christophe-Pillet-4-580x360.jpg\" width=\"580\" height=\"360\" alt=\"NEU: OLUCE BERLIN 720\/721 WAND- UND DECKENLAMPE\" \/><\/a><\/li>\n                                                    <li><a data-fancybox-group=\"lightbox\" href=\"https:\/\/koton.de\/de\/neu-oluce-berlin-720-721-wand-und-deckenlampe\/\" class=\"single-image link-icon\"><img loading=\"lazy\" decoding=\"async\" src=\"http:\/\/koton.de\/de\/wp-content\/uploads\/2023\/06\/Oluce-Berlin-720721-Wand-und-Deckenlampe-Christophe-Pillet-2-580x360.jpg\" width=\"580\" height=\"360\" alt=\"NEU: OLUCE BERLIN 720\/721 WAND- UND DECKENLAMPE\" \/><\/a><\/li>\n                                            <\/ul>\n                <\/div><!--\/ .image-post-slider-->\n\n                        \n    <div class=\"entry-meta\">\n\t\t\n\t\t<h5 class=\"title\"><a href=\"https:\/\/koton.de\/de\/neu-oluce-berlin-720-721-wand-und-deckenlampe\/\">NEU: OLUCE BERLIN 720\/721 WAND- UND DECKENLAMPE<\/a><\/h5>\n\t\t\n\t\t\t\t\n\t<\/div><!--\/ .entry-meta-->\n\n    <div class=\"entry-body\">\n\n        <p>\n            Der Designer Christophe Pillet entwarf mit der Wand- und Deckenlampe\u00a0Berlin ein Designobjekt, das das g\u00e4ngige Verst\u00e4ndnis der Deckenleuch ...        <\/p>\n\t\t\n\t\t \n    <\/div><!--\/ .entry-body-->\n\n<\/div><!--\/ .item--><\/div><div class=\"four columns\">\n<div class=\"item clearfix\">\n\n    \n            \n                <div class=\"image-post-slider\">\n                    <ul>\n                                                    <li><a data-fancybox-group=\"lightbox\" href=\"https:\/\/koton.de\/de\/neu-oluce-atollo-metal\/\" class=\"single-image link-icon\"><img loading=\"lazy\" decoding=\"async\" src=\"http:\/\/koton.de\/de\/wp-content\/uploads\/2023\/06\/Oluce-Atollo-Metal-Vico-Magistretti-Lampe-580x360.jpeg\" width=\"580\" height=\"360\" alt=\"NEU: OLUCE ATOLLO METAL\" \/><\/a><\/li>\n                                                    <li><a data-fancybox-group=\"lightbox\" href=\"https:\/\/koton.de\/de\/neu-oluce-atollo-metal\/\" class=\"single-image link-icon\"><img loading=\"lazy\" decoding=\"async\" src=\"http:\/\/koton.de\/de\/wp-content\/uploads\/2023\/06\/Oluce-Atollo-Metal-Vico-Magistretti-Nero-Lampe-580x360.jpeg\" width=\"580\" height=\"360\" alt=\"NEU: OLUCE ATOLLO METAL\" \/><\/a><\/li>\n                                                    <li><a data-fancybox-group=\"lightbox\" href=\"https:\/\/koton.de\/de\/neu-oluce-atollo-metal\/\" class=\"single-image link-icon\"><img loading=\"lazy\" decoding=\"async\" src=\"http:\/\/koton.de\/de\/wp-content\/uploads\/2023\/06\/Oluce-Atollo-Metal-Vico-Magistretti-Lampe-2-580x360.jpeg\" width=\"580\" height=\"360\" alt=\"NEU: OLUCE ATOLLO METAL\" \/><\/a><\/li>\n                                            <\/ul>\n                <\/div><!--\/ .image-post-slider-->\n\n                        \n    <div class=\"entry-meta\">\n\t\t\n\t\t<h5 class=\"title\"><a href=\"https:\/\/koton.de\/de\/neu-oluce-atollo-metal\/\">NEU: OLUCE ATOLLO METAL<\/a><\/h5>\n\t\t\n\t\t\t\t\n\t<\/div><!--\/ .entry-meta-->\n\n    <div class=\"entry-body\">\n\n        <p>\n            Die Tischleuchte Atollo von Oluce gilt heute als Archetyp der Pilzlampe. Das Design von Vico Magistretti ist das Ergebnis der Vereinigung vo ...        <\/p>\n\t\t\n\t\t \n    <\/div><!--\/ .entry-body-->\n\n<\/div><!--\/ .item--><\/div><div class=\"four columns\">\n<div class=\"item clearfix\">\n\n    \n            \n                <div class=\"image-post-slider\">\n                    <ul>\n                                                    <li><a data-fancybox-group=\"lightbox\" href=\"https:\/\/koton.de\/de\/neu-oluce-atollo-satin-bronze\/\" class=\"single-image link-icon\"><img loading=\"lazy\" decoding=\"async\" src=\"http:\/\/koton.de\/de\/wp-content\/uploads\/2019\/08\/Atollo-Bronze-EuroLuce-2019-580x360.jpg\" width=\"580\" height=\"360\" alt=\"NEU: OLUCE ATOLLO SATIN BRONZE\" \/><\/a><\/li>\n                                            <\/ul>\n                <\/div><!--\/ .image-post-slider-->\n\n                        \n    <div class=\"entry-meta\">\n\t\t\n\t\t<h5 class=\"title\"><a href=\"https:\/\/koton.de\/de\/neu-oluce-atollo-satin-bronze\/\">NEU: OLUCE ATOLLO SATIN BRONZE<\/a><\/h5>\n\t\t\n\t\t\t\t\n\t<\/div><!--\/ .entry-meta-->\n\n    <div class=\"entry-body\">\n\n        <p>\n            \nSeit diesem Sommer gibt es die Atollo Serie von oluce auch in Satin Bronze. Alle anderen Ausf\u00fchrungen gibt es weiterhin. Somit sind die At ...        <\/p>\n\t\t\n\t\t \n    <\/div><!--\/ .entry-body-->\n\n<\/div><!--\/ .item--><\/div><div class=\"four columns\">\n<div class=\"item clearfix\">\n\n    \n            \n                <div class=\"image-post-slider\">\n                    <ul>\n                                                    <li><a data-fancybox-group=\"lightbox\" href=\"https:\/\/koton.de\/de\/spider-tischlampe\/\" class=\"single-image link-icon\"><img loading=\"lazy\" decoding=\"async\" src=\"http:\/\/koton.de\/de\/wp-content\/uploads\/2014\/07\/depadova05_big-580x360.jpg\" width=\"580\" height=\"360\" alt=\"Spider Tischlampe\" \/><\/a><\/li>\n                                            <\/ul>\n                <\/div><!--\/ .image-post-slider-->\n\n                        \n    <div class=\"entry-meta\">\n\t\t\n\t\t<h5 class=\"title\"><a href=\"https:\/\/koton.de\/de\/spider-tischlampe\/\">Spider Tischlampe<\/a><\/h5>\n\t\t\n\t\t\t\t\n\t<\/div><!--\/ .entry-meta-->\n\n    <div class=\"entry-body\">\n\n        <p>\n            Die Spider ist aus dem Jahr 1965 und wurde von Joe Colombo entworfen. Der Kopf der Spider 291 ist drehbar und in der H\u00f6he verstellbar. Die  ...        <\/p>\n\t\t\n\t\t \n    <\/div><!--\/ .entry-body-->\n\n<\/div><!--\/ .item--><\/div><div class=\"four columns\">\n<div class=\"item clearfix\">\n\n    \n            \n                <div class=\"image-post-slider\">\n                    <ul>\n                                                    <li><a data-fancybox-group=\"lightbox\" href=\"https:\/\/koton.de\/de\/fiore\/\" class=\"single-image link-icon\"><img loading=\"lazy\" decoding=\"async\" src=\"http:\/\/koton.de\/de\/wp-content\/uploads\/2014\/07\/fiore_103_123_173_02-580x360.jpg\" width=\"580\" height=\"360\" alt=\"Fiore \" \/><\/a><\/li>\n                                                    <li><a data-fancybox-group=\"lightbox\" href=\"https:\/\/koton.de\/de\/fiore\/\" class=\"single-image link-icon\"><img loading=\"lazy\" decoding=\"async\" src=\"http:\/\/koton.de\/de\/wp-content\/uploads\/2014\/07\/fiore_103_123_173_01-580x360.jpg\" width=\"580\" height=\"360\" alt=\"Fiore \" \/><\/a><\/li>\n                                            <\/ul>\n                <\/div><!--\/ .image-post-slider-->\n\n                        \n    <div class=\"entry-meta\">\n\t\t\n\t\t<h5 class=\"title\"><a href=\"https:\/\/koton.de\/de\/fiore\/\">Fiore <\/a><\/h5>\n\t\t\n\t\t\t\t\n\t<\/div><!--\/ .entry-meta-->\n\n    <div class=\"entry-body\">\n\n        <p>\n            Designt von Marta Laudani & Marco Romanelli, 2007, soll die Fiore ein R\u00fcckblick in die 70er bieten. Die Fiore repr\u00e4sentiert die klassischs ...        <\/p>\n\t\t\n\t\t \n    <\/div><!--\/ .entry-body-->\n\n<\/div><!--\/ .item--><\/div><div class=\"four columns\">\n<div class=\"item clearfix\">\n\n    \n            \n                <div class=\"image-post-slider\">\n                    <ul>\n                                                    <li><a data-fancybox-group=\"lightbox\" href=\"https:\/\/koton.de\/de\/coupe\/\" class=\"single-image link-icon\"><img loading=\"lazy\" decoding=\"async\" src=\"http:\/\/koton.de\/de\/wp-content\/uploads\/2014\/06\/coupe_3320R_02-580x360.jpg\" width=\"580\" height=\"360\" alt=\"Coup\u00e9 Stehlampe\" \/><\/a><\/li>\n                                            <\/ul>\n                <\/div><!--\/ .image-post-slider-->\n\n                        \n    <div class=\"entry-meta\">\n\t\t\n\t\t<h5 class=\"title\"><a href=\"https:\/\/koton.de\/de\/coupe\/\">Coup\u00e9 Stehlampe<\/a><\/h5>\n\t\t\n\t\t\t\t\n\t<\/div><!--\/ .entry-meta-->\n\n    <div class=\"entry-body\">\n\n        <p>\n            Die h\u00f6henverstellbare Bogenleuchte Coup\u00e9 mit dem markanten Schlitz im Reflektor entwarf Joe Colombo 1967 f\u00fcr Oluce, durch den seitlichen  ...        <\/p>\n\t\t\n\t\t \n    <\/div><!--\/ .entry-body-->\n\n<\/div><!--\/ .item--><\/div><div class=\"four columns\">\n<div class=\"item clearfix\">\n\n    \n            \n                <div class=\"image-post-slider\">\n                    <ul>\n                                                    <li><a data-fancybox-group=\"lightbox\" href=\"https:\/\/koton.de\/de\/atollo-tischlampe-von-oluce\/\" class=\"single-image link-icon\"><img loading=\"lazy\" decoding=\"async\" src=\"http:\/\/koton.de\/de\/wp-content\/uploads\/2014\/02\/depadova01_big-580x360.jpg\" width=\"580\" height=\"360\" alt=\"Atollo Tischleuchte von Oluce\" \/><\/a><\/li>\n                                                    <li><a data-fancybox-group=\"lightbox\" href=\"https:\/\/koton.de\/de\/atollo-tischlampe-von-oluce\/\" class=\"single-image link-icon\"><img loading=\"lazy\" decoding=\"async\" src=\"http:\/\/koton.de\/de\/wp-content\/uploads\/2014\/02\/molteni01_big-580x360.jpg\" width=\"580\" height=\"360\" alt=\"Atollo Tischleuchte von Oluce\" \/><\/a><\/li>\n                                            <\/ul>\n                <\/div><!--\/ .image-post-slider-->\n\n                        \n    <div class=\"entry-meta\">\n\t\t\n\t\t<h5 class=\"title\"><a href=\"https:\/\/koton.de\/de\/atollo-tischlampe-von-oluce\/\">Atollo Tischleuchte von Oluce<\/a><\/h5>\n\t\t\n\t\t\t\t\n\t<\/div><!--\/ .entry-meta-->\n\n    <div class=\"entry-body\">\n\n        <p>\n            Die Atollo Tischleuchte, designt von Vico Magistretti, 1977, gibt es aus lackiertem Aluminium in den Farben schwarz, wei\u00df, gold und aus opa ...        <\/p>\n\t\t\n\t\t \n    <\/div><!--\/ .entry-body-->\n\n<\/div><!--\/ .item--><\/div><\/div>\n<p>&nbsp;<\/p>\n<hr \/>\n<p>&nbsp;<\/p>\n<div class=\"tnp tnp-subscription-minimal  \"><form action=\"https:\/\/koton.de\/de\/wp-admin\/admin-ajax.php?action=tnp&amp;na=s\" method=\"post\" style=\"text-align: center\"><input type=\"hidden\" name=\"nr\" value=\"minimal\">\n<input type=\"hidden\" name=\"nlang\" value=\"\">\n<input class=\"tnp-email\" type=\"email\" required name=\"ne\" value=\"\" placeholder=\"E-Mail-Adresse\"><input class=\"tnp-submit\" type=\"submit\" value=\"Abonnieren\" style=\"\">\n<\/form><\/div>\n\n","protected":false},"excerpt":{"rendered":"<p>Bereits 1946 gegr\u00fcndet, agiert Oluce heute als die \u00e4lteste noch aktive italienische Designfirma im Beleuchtungssektor. Dank der Vielfalt aus geometrischen Formen von Vico Magistretti, der klassischen Modernit\u00e4t von Joe Colombo und der eleganten Diskretion von Tito Agnolio und Marco Zanuso z\u00e4hlen die Leuchten von Oluce heute als absolute Designklassiker. F\u00fcr individuelle Beratung zu zeitlosen Lampen [&hellip;]<\/p>\n","protected":false},"author":1,"featured_media":0,"parent":0,"menu_order":0,"comment_status":"closed","ping_status":"closed","template":"","meta":{"_exactmetrics_skip_tracking":false,"_exactmetrics_sitenote_active":false,"_exactmetrics_sitenote_note":"","_exactmetrics_sitenote_category":0,"footnotes":""},"class_list":["post-79","page","type-page","status-publish","hentry"],"_links":{"self":[{"href":"https:\/\/koton.de\/de\/wp-json\/wp\/v2\/pages\/79","targetHints":{"allow":["GET"]}}],"collection":[{"href":"https:\/\/koton.de\/de\/wp-json\/wp\/v2\/pages"}],"about":[{"href":"https:\/\/koton.de\/de\/wp-json\/wp\/v2\/types\/page"}],"author":[{"embeddable":true,"href":"https:\/\/koton.de\/de\/wp-json\/wp\/v2\/users\/1"}],"replies":[{"embeddable":true,"href":"https:\/\/koton.de\/de\/wp-json\/wp\/v2\/comments?post=79"}],"version-history":[{"count":3,"href":"https:\/\/koton.de\/de\/wp-json\/wp\/v2\/pages\/79\/revisions"}],"predecessor-version":[{"id":3134,"href":"https:\/\/koton.de\/de\/wp-json\/wp\/v2\/pages\/79\/revisions\/3134"}],"wp:attachment":[{"href":"https:\/\/koton.de\/de\/wp-json\/wp\/v2\/media?parent=79"}],"curies":[{"name":"wp","href":"https:\/\/api.w.org\/{rel}","templated":true}]}}