{"id":77,"date":"2013-12-15T18:38:19","date_gmt":"2013-12-15T16:38:19","guid":{"rendered":"http:\/\/koton.de\/de\/?page_id=77"},"modified":"2024-04-23T13:55:46","modified_gmt":"2024-04-23T11:55:46","slug":"gubi","status":"publish","type":"page","link":"https:\/\/koton.de\/de\/gubi\/","title":{"rendered":"GUBI"},"content":{"rendered":"<p><strong>Seit \u00fcber einem Jahrhundert steht Gubi f\u00fcr eine Kombination aus zeitlosen Designikonen und zeitgen\u00f6ssischen Entw\u00fcrfen. Der M\u00f6belhersteller mit Sitz in D\u00e4nemark arbeitete \u00fcber die Jahre immer wieder mit namhaften Designern wie Joe Colombo, Gretea M. Grossmann, Pierre Paulin oder Rainer Daumiller zusammen, entwickelt aber auch heute noch neue innovative M\u00f6bel mit jungen kreativen Talenten. Bei uns in der Ausstellung in M\u00fcnchen finden Sie Designklassiker wie die Timberline Stehleuchte, Multi-Lite H\u00e4ngelampe oder den Beetle oder Pacha Lounge Chair!<span class=\"Apple-converted-space\">\u00a0<\/span><\/strong><\/p>\n<p>&nbsp;<\/p>\n<hr \/>\n<p>&nbsp;<\/p>\n<div class=\"recent-posts clearfix\"><div class=\"four columns\">\n<div class=\"item clearfix\">\n\n    \n            \n                <div class=\"image-post-slider\">\n                    <ul>\n                                                    <li><a data-fancybox-group=\"lightbox\" href=\"https:\/\/koton.de\/de\/neu-daumiller-armchair-von-gubi\/\" class=\"single-image link-icon\"><img loading=\"lazy\" decoding=\"async\" src=\"https:\/\/koton.de\/de\/wp-content\/uploads\/2024\/06\/Gubi_Daumiller_Stuhl_Armlehne_Koton_Design_Muenchen_3-e1717589147153-580x360.jpeg\" width=\"580\" height=\"360\" alt=\"NEU: DAUMILLER ARMCHAIR VON GUBI\" \/><\/a><\/li>\n                                                    <li><a data-fancybox-group=\"lightbox\" href=\"https:\/\/koton.de\/de\/neu-daumiller-armchair-von-gubi\/\" class=\"single-image link-icon\"><img loading=\"lazy\" decoding=\"async\" src=\"https:\/\/koton.de\/de\/wp-content\/uploads\/2024\/06\/Gubi_Daumiller_Stuhl_Armlehne_Holz_Koton_Design_Muenchen-e1717589209319-580x360.jpeg\" width=\"580\" height=\"360\" alt=\"NEU: DAUMILLER ARMCHAIR VON GUBI\" \/><\/a><\/li>\n                                                    <li><a data-fancybox-group=\"lightbox\" href=\"https:\/\/koton.de\/de\/neu-daumiller-armchair-von-gubi\/\" class=\"single-image link-icon\"><img loading=\"lazy\" decoding=\"async\" src=\"https:\/\/koton.de\/de\/wp-content\/uploads\/2024\/06\/Gubi_Daumiller_Armchair_Koton_Design_Muenchen-e1717589183321-580x360.jpeg\" width=\"580\" height=\"360\" alt=\"NEU: DAUMILLER ARMCHAIR VON GUBI\" \/><\/a><\/li>\n                                                    <li><a data-fancybox-group=\"lightbox\" href=\"https:\/\/koton.de\/de\/neu-daumiller-armchair-von-gubi\/\" class=\"single-image link-icon\"><img loading=\"lazy\" decoding=\"async\" src=\"https:\/\/koton.de\/de\/wp-content\/uploads\/2024\/06\/Gubi_Daumiller_Stuhl_Armlehne_Koton_Design_Muenchen_1-e1717589240521-580x360.jpeg\" width=\"580\" height=\"360\" alt=\"NEU: DAUMILLER ARMCHAIR VON GUBI\" \/><\/a><\/li>\n                                                    <li><a data-fancybox-group=\"lightbox\" href=\"https:\/\/koton.de\/de\/neu-daumiller-armchair-von-gubi\/\" class=\"single-image link-icon\"><img loading=\"lazy\" decoding=\"async\" src=\"https:\/\/koton.de\/de\/wp-content\/uploads\/2024\/06\/Gubi_Daumiller_Stuhl_Armlehne_Koton_Design_Muenchen_2-580x360.jpeg\" width=\"580\" height=\"360\" alt=\"NEU: DAUMILLER ARMCHAIR VON GUBI\" \/><\/a><\/li>\n                                            <\/ul>\n                <\/div><!--\/ .image-post-slider-->\n\n                        \n    <div class=\"entry-meta\">\n\t\t\n\t\t<h5 class=\"title\"><a href=\"https:\/\/koton.de\/de\/neu-daumiller-armchair-von-gubi\/\">NEU: DAUMILLER ARMCHAIR VON GUBI<\/a><\/h5>\n\t\t\n\t\t\t\t\n\t<\/div><!--\/ .entry-meta-->\n\n    <div class=\"entry-body\">\n\n        <p>\n            Als Inspiration f\u00fcr den Daumiller Armchair von Rainer Daumiller f\u00fcr Gubi diente ein traditioneller d\u00e4nischer Melkschemel, der duch seine  ...        <\/p>\n\t\t\n\t\t \n    <\/div><!--\/ .entry-body-->\n\n<\/div><!--\/ .item--><\/div><div class=\"four columns\">\n<div class=\"item clearfix\">\n\n    \n            \n                <div class=\"image-post-slider\">\n                    <ul>\n                                                    <li><a data-fancybox-group=\"lightbox\" href=\"https:\/\/koton.de\/de\/classic-pacha-lounge-chair-von-gubi\/\" class=\"single-image link-icon\"><img loading=\"lazy\" decoding=\"async\" src=\"https:\/\/koton.de\/de\/wp-content\/uploads\/2024\/03\/Gubi_Pacha_Lounge_Chair_Koton_Design_Muenchen_3-580x360.jpeg\" width=\"580\" height=\"360\" alt=\"CLASSIC: PACHA LOUNGE CHAIR VON GUBI\" \/><\/a><\/li>\n                                                    <li><a data-fancybox-group=\"lightbox\" href=\"https:\/\/koton.de\/de\/classic-pacha-lounge-chair-von-gubi\/\" class=\"single-image link-icon\"><img loading=\"lazy\" decoding=\"async\" src=\"https:\/\/koton.de\/de\/wp-content\/uploads\/2024\/03\/Gubi_Pacha_Lounge_Chair_Koton_Design_Muenchen_5-e1710344877298-580x360.jpeg\" width=\"580\" height=\"360\" alt=\"CLASSIC: PACHA LOUNGE CHAIR VON GUBI\" \/><\/a><\/li>\n                                                    <li><a data-fancybox-group=\"lightbox\" href=\"https:\/\/koton.de\/de\/classic-pacha-lounge-chair-von-gubi\/\" class=\"single-image link-icon\"><img loading=\"lazy\" decoding=\"async\" src=\"https:\/\/koton.de\/de\/wp-content\/uploads\/2024\/03\/Gubi_Pacha_Lounge_Chair_Koton_Design_Muenchen_1-e1710344835622-580x360.jpeg\" width=\"580\" height=\"360\" alt=\"CLASSIC: PACHA LOUNGE CHAIR VON GUBI\" \/><\/a><\/li>\n                                                    <li><a data-fancybox-group=\"lightbox\" href=\"https:\/\/koton.de\/de\/classic-pacha-lounge-chair-von-gubi\/\" class=\"single-image link-icon\"><img loading=\"lazy\" decoding=\"async\" src=\"https:\/\/koton.de\/de\/wp-content\/uploads\/2024\/03\/Gubi_Pacha_Lounge_Chair_Koton_Design_Muenchen_4-e1710344856987-580x360.jpeg\" width=\"580\" height=\"360\" alt=\"CLASSIC: PACHA LOUNGE CHAIR VON GUBI\" \/><\/a><\/li>\n                                                    <li><a data-fancybox-group=\"lightbox\" href=\"https:\/\/koton.de\/de\/classic-pacha-lounge-chair-von-gubi\/\" class=\"single-image link-icon\"><img loading=\"lazy\" decoding=\"async\" src=\"https:\/\/koton.de\/de\/wp-content\/uploads\/2024\/03\/Gubi_Pacha_Lounge_Chair_Koton_Design_Muenchen-scaled-e1710344899207-580x360.jpeg\" width=\"580\" height=\"360\" alt=\"CLASSIC: PACHA LOUNGE CHAIR VON GUBI\" \/><\/a><\/li>\n                                            <\/ul>\n                <\/div><!--\/ .image-post-slider-->\n\n                        \n    <div class=\"entry-meta\">\n\t\t\n\t\t<h5 class=\"title\"><a href=\"https:\/\/koton.de\/de\/classic-pacha-lounge-chair-von-gubi\/\">CLASSIC: PACHA LOUNGE CHAIR VON GUBI<\/a><\/h5>\n\t\t\n\t\t\t\t\n\t<\/div><!--\/ .entry-meta-->\n\n    <div class=\"entry-body\">\n\n        <p>\n            Inspiriert von Wolken und ihren organischen Formen, entwarf der Designer Pierre Paulin 1975 den Pacha Lounge Chair f\u00fcr Mobilier Internation ...        <\/p>\n\t\t\n\t\t \n    <\/div><!--\/ .entry-body-->\n\n<\/div><!--\/ .item--><\/div><div class=\"four columns\">\n<div class=\"item clearfix\">\n\n    \n            \n                <div class=\"image-post-slider\">\n                    <ul>\n                                                    <li><a data-fancybox-group=\"lightbox\" href=\"https:\/\/koton.de\/de\/neue-farben-gubi-graeshoppa-stehleuchte\/\" class=\"single-image link-icon\"><img loading=\"lazy\" decoding=\"async\" src=\"https:\/\/koton.de\/de\/wp-content\/uploads\/2024\/02\/Gubi_Graeshoppa_Stehlampe_Koton_Design_Muenchen_2-580x360.jpeg\" width=\"580\" height=\"360\" alt=\"NEUE FARBEN: GUBI GR\u00c4SHOPPA STEHLEUCHTE\" \/><\/a><\/li>\n                                                    <li><a data-fancybox-group=\"lightbox\" href=\"https:\/\/koton.de\/de\/neue-farben-gubi-graeshoppa-stehleuchte\/\" class=\"single-image link-icon\"><img loading=\"lazy\" decoding=\"async\" src=\"https:\/\/koton.de\/de\/wp-content\/uploads\/2024\/02\/Gubi_Graeshoppa_Stehlampe_Koton_Design_Muenchen_3-scaled-580x360.jpg\" width=\"580\" height=\"360\" alt=\"NEUE FARBEN: GUBI GR\u00c4SHOPPA STEHLEUCHTE\" \/><\/a><\/li>\n                                                    <li><a data-fancybox-group=\"lightbox\" href=\"https:\/\/koton.de\/de\/neue-farben-gubi-graeshoppa-stehleuchte\/\" class=\"single-image link-icon\"><img loading=\"lazy\" decoding=\"async\" src=\"https:\/\/koton.de\/de\/wp-content\/uploads\/2024\/02\/Gubi_Graeshoppa_Stehlampe_Koton_Design_Muenchen-580x360.jpeg\" width=\"580\" height=\"360\" alt=\"NEUE FARBEN: GUBI GR\u00c4SHOPPA STEHLEUCHTE\" \/><\/a><\/li>\n                                                    <li><a data-fancybox-group=\"lightbox\" href=\"https:\/\/koton.de\/de\/neue-farben-gubi-graeshoppa-stehleuchte\/\" class=\"single-image link-icon\"><img loading=\"lazy\" decoding=\"async\" src=\"https:\/\/koton.de\/de\/wp-content\/uploads\/2024\/02\/Gubi_Graeshoppa_Stehlampe_Koton_Design_Muenchen_1-580x360.jpeg\" width=\"580\" height=\"360\" alt=\"NEUE FARBEN: GUBI GR\u00c4SHOPPA STEHLEUCHTE\" \/><\/a><\/li>\n                                            <\/ul>\n                <\/div><!--\/ .image-post-slider-->\n\n                        \n    <div class=\"entry-meta\">\n\t\t\n\t\t<h5 class=\"title\"><a href=\"https:\/\/koton.de\/de\/neue-farben-gubi-graeshoppa-stehleuchte\/\">NEUE FARBEN: GUBI GR\u00c4SHOPPA STEHLEUCHTE<\/a><\/h5>\n\t\t\n\t\t\t\t\n\t<\/div><!--\/ .entry-meta-->\n\n    <div class=\"entry-body\">\n\n        <p>\n            F\u00fcr den Entwurf der ikonischen Gr\u00e4shoppa Stehleuchte von Gubi lie\u00df sich die Designerin Greta M. Grossmann 1947 vom gleichnamigen Insekt i ...        <\/p>\n\t\t\n\t\t \n    <\/div><!--\/ .entry-body-->\n\n<\/div><!--\/ .item--><\/div><div class=\"four columns\">\n<div class=\"item clearfix\">\n\n    \n            \n                <div class=\"image-post-slider\">\n                    <ul>\n                                                    <li><a data-fancybox-group=\"lightbox\" href=\"https:\/\/koton.de\/de\/neu-gubi-multi-lite-portable-tischlampe\/\" class=\"single-image link-icon\"><img loading=\"lazy\" decoding=\"async\" src=\"https:\/\/koton.de\/de\/wp-content\/uploads\/2023\/10\/Gubi_Multi-Lite_Portable_Tischleuchte_Koton_Muenchen_2-e1696945965282-580x360.jpeg\" width=\"580\" height=\"360\" alt=\"CLASSIC: GUBI MULTI-LITE PORTABLE TISCHLAMPE\" \/><\/a><\/li>\n                                                    <li><a data-fancybox-group=\"lightbox\" href=\"https:\/\/koton.de\/de\/neu-gubi-multi-lite-portable-tischlampe\/\" class=\"single-image link-icon\"><img loading=\"lazy\" decoding=\"async\" src=\"https:\/\/koton.de\/de\/wp-content\/uploads\/2023\/10\/Gubi_Multi-Lite_Portable_Tischlampe_Koton_Muenchen_2-e1696945928746-580x360.jpeg\" width=\"580\" height=\"360\" alt=\"CLASSIC: GUBI MULTI-LITE PORTABLE TISCHLAMPE\" \/><\/a><\/li>\n                                                    <li><a data-fancybox-group=\"lightbox\" href=\"https:\/\/koton.de\/de\/neu-gubi-multi-lite-portable-tischlampe\/\" class=\"single-image link-icon\"><img loading=\"lazy\" decoding=\"async\" src=\"https:\/\/koton.de\/de\/wp-content\/uploads\/2023\/10\/Gubi_Multi-Lite_Portable_Tischlampe_Koton_Muenchen-e1696945947915-580x360.jpeg\" width=\"580\" height=\"360\" alt=\"CLASSIC: GUBI MULTI-LITE PORTABLE TISCHLAMPE\" \/><\/a><\/li>\n                                                    <li><a data-fancybox-group=\"lightbox\" href=\"https:\/\/koton.de\/de\/neu-gubi-multi-lite-portable-tischlampe\/\" class=\"single-image link-icon\"><img loading=\"lazy\" decoding=\"async\" src=\"https:\/\/koton.de\/de\/wp-content\/uploads\/2023\/10\/Gubi_Multi-Lite_Portable_Tischleuchte_Koton_Muenchen-e1696945991314-580x360.jpeg\" width=\"580\" height=\"360\" alt=\"CLASSIC: GUBI MULTI-LITE PORTABLE TISCHLAMPE\" \/><\/a><\/li>\n                                            <\/ul>\n                <\/div><!--\/ .image-post-slider-->\n\n                        \n    <div class=\"entry-meta\">\n\t\t\n\t\t<h5 class=\"title\"><a href=\"https:\/\/koton.de\/de\/neu-gubi-multi-lite-portable-tischlampe\/\">CLASSIC: GUBI MULTI-LITE PORTABLE TISCHLAMPE<\/a><\/h5>\n\t\t\n\t\t\t\t\n\t<\/div><!--\/ .entry-meta-->\n\n    <div class=\"entry-body\">\n\n        <p>\n            Die Tischlampe Multi-Lite wurde 1972 von Designer Louis Weisdorf f\u00fcr GUBI entworfen und ist - damals wie heute - einzigartig in seiner spie ...        <\/p>\n\t\t\n\t\t \n    <\/div><!--\/ .entry-body-->\n\n<\/div><!--\/ .item--><\/div><\/div>\n<div class=\"recent-posts clearfix\"><div class=\"four columns\">\n<div class=\"item clearfix\">\n\n    \n            \n                <div class=\"image-post-slider\">\n                    <ul>\n                                                    <li><a data-fancybox-group=\"lightbox\" href=\"https:\/\/koton.de\/de\/neu-gubi-timberline-stehlampe\/\" class=\"single-image link-icon\"><img loading=\"lazy\" decoding=\"async\" src=\"http:\/\/koton.de\/de\/wp-content\/uploads\/2023\/05\/Gubi-Timberline-Stehleuchte-580x360.jpeg\" width=\"580\" height=\"360\" alt=\"CLASSIC: GUBI TIMBERLINE STEHLAMPE\" \/><\/a><\/li>\n                                                    <li><a data-fancybox-group=\"lightbox\" href=\"https:\/\/koton.de\/de\/neu-gubi-timberline-stehlampe\/\" class=\"single-image link-icon\"><img loading=\"lazy\" decoding=\"async\" src=\"http:\/\/koton.de\/de\/wp-content\/uploads\/2023\/05\/Gubi-Timberline-Stehleuchte-2-580x360.jpeg\" width=\"580\" height=\"360\" alt=\"CLASSIC: GUBI TIMBERLINE STEHLAMPE\" \/><\/a><\/li>\n                                                    <li><a data-fancybox-group=\"lightbox\" href=\"https:\/\/koton.de\/de\/neu-gubi-timberline-stehlampe\/\" class=\"single-image link-icon\"><img loading=\"lazy\" decoding=\"async\" src=\"http:\/\/koton.de\/de\/wp-content\/uploads\/2023\/05\/Gubi-Timberline-Stehleuchte-3-580x360.jpg\" width=\"580\" height=\"360\" alt=\"CLASSIC: GUBI TIMBERLINE STEHLAMPE\" \/><\/a><\/li>\n                                            <\/ul>\n                <\/div><!--\/ .image-post-slider-->\n\n                        \n    <div class=\"entry-meta\">\n\t\t\n\t\t<h5 class=\"title\"><a href=\"https:\/\/koton.de\/de\/neu-gubi-timberline-stehlampe\/\">CLASSIC: GUBI TIMBERLINE STEHLAMPE<\/a><\/h5>\n\t\t\n\t\t\t\t\n\t<\/div><!--\/ .entry-meta-->\n\n    <div class=\"entry-body\">\n\n        <p>\n            Als Mads Caprani in den 1970ern Fragezeichen auf seine Entw\u00fcrfe kritzelte, ging dem Designer im wahrsten Sinne des Wortes ein Licht auf: Di ...        <\/p>\n\t\t\n\t\t \n    <\/div><!--\/ .entry-body-->\n\n<\/div><!--\/ .item--><\/div><div class=\"four columns\">\n<div class=\"item clearfix\">\n\n    \n            \n                <div class=\"image-post-slider\">\n                    <ul>\n                                                    <li><a data-fancybox-group=\"lightbox\" href=\"https:\/\/koton.de\/de\/pedrera\/\" class=\"single-image link-icon\"><img loading=\"lazy\" decoding=\"async\" src=\"http:\/\/koton.de\/de\/wp-content\/uploads\/2014\/07\/pd1_nickel_bedroom_300_dpi-580x360.jpg\" width=\"580\" height=\"360\" alt=\"Pedrera\" \/><\/a><\/li>\n                                                    <li><a data-fancybox-group=\"lightbox\" href=\"https:\/\/koton.de\/de\/pedrera\/\" class=\"single-image link-icon\"><img loading=\"lazy\" decoding=\"async\" src=\"http:\/\/koton.de\/de\/wp-content\/uploads\/2014\/07\/pd2_black_living_room_300_dpi-580x360.jpg\" width=\"580\" height=\"360\" alt=\"Pedrera\" \/><\/a><\/li>\n                                            <\/ul>\n                <\/div><!--\/ .image-post-slider-->\n\n                        \n    <div class=\"entry-meta\">\n\t\t\n\t\t<h5 class=\"title\"><a href=\"https:\/\/koton.de\/de\/pedrera\/\">Pedrera<\/a><\/h5>\n\t\t\n\t\t\t\t\n\t<\/div><!--\/ .entry-meta-->\n\n    <div class=\"entry-body\">\n\n        <p>\n            Im Jahr 1955 plant die Immobiliengesellschaft, die Antoni Gaud\u00eds ber\u00fchmtes Wohngeb\u00e4ude \u00bbPedrera\u00ab in Barcelona verwaltet, in dessen Dach ...        <\/p>\n\t\t\n\t\t \n    <\/div><!--\/ .entry-body-->\n\n<\/div><!--\/ .item--><\/div><\/div>\n<p>&nbsp;<\/p>\n<hr \/>\n<p>&nbsp;<\/p>\n<div class=\"tnp tnp-subscription-minimal  \"><form action=\"https:\/\/koton.de\/de\/wp-admin\/admin-ajax.php?action=tnp&amp;na=s\" method=\"post\" style=\"text-align: center\"><input type=\"hidden\" name=\"nr\" value=\"minimal\">\n<input type=\"hidden\" name=\"nlang\" value=\"\">\n<input class=\"tnp-email\" type=\"email\" required name=\"ne\" value=\"\" placeholder=\"E-Mail-Adresse\"><input class=\"tnp-submit\" type=\"submit\" value=\"Abonnieren\" style=\"\">\n<\/form><\/div>\n\n","protected":false},"excerpt":{"rendered":"<p>Seit \u00fcber einem Jahrhundert steht Gubi f\u00fcr eine Kombination aus zeitlosen Designikonen und zeitgen\u00f6ssischen Entw\u00fcrfen. Der M\u00f6belhersteller mit Sitz in D\u00e4nemark arbeitete \u00fcber die Jahre immer wieder mit namhaften Designern wie Joe Colombo, Gretea M. Grossmann, Pierre Paulin oder Rainer Daumiller zusammen, entwickelt aber auch heute noch neue innovative M\u00f6bel mit jungen kreativen Talenten. Bei [&hellip;]<\/p>\n","protected":false},"author":1,"featured_media":0,"parent":0,"menu_order":0,"comment_status":"closed","ping_status":"closed","template":"","meta":{"_exactmetrics_skip_tracking":false,"_exactmetrics_sitenote_active":false,"_exactmetrics_sitenote_note":"","_exactmetrics_sitenote_category":0,"footnotes":""},"class_list":["post-77","page","type-page","status-publish","hentry"],"_links":{"self":[{"href":"https:\/\/koton.de\/de\/wp-json\/wp\/v2\/pages\/77","targetHints":{"allow":["GET"]}}],"collection":[{"href":"https:\/\/koton.de\/de\/wp-json\/wp\/v2\/pages"}],"about":[{"href":"https:\/\/koton.de\/de\/wp-json\/wp\/v2\/types\/page"}],"author":[{"embeddable":true,"href":"https:\/\/koton.de\/de\/wp-json\/wp\/v2\/users\/1"}],"replies":[{"embeddable":true,"href":"https:\/\/koton.de\/de\/wp-json\/wp\/v2\/comments?post=77"}],"version-history":[{"count":4,"href":"https:\/\/koton.de\/de\/wp-json\/wp\/v2\/pages\/77\/revisions"}],"predecessor-version":[{"id":3137,"href":"https:\/\/koton.de\/de\/wp-json\/wp\/v2\/pages\/77\/revisions\/3137"}],"wp:attachment":[{"href":"https:\/\/koton.de\/de\/wp-json\/wp\/v2\/media?parent=77"}],"curies":[{"name":"wp","href":"https:\/\/api.w.org\/{rel}","templated":true}]}}