{"id":75,"date":"2013-12-15T18:38:07","date_gmt":"2013-12-15T16:38:07","guid":{"rendered":"http:\/\/koton.de\/de\/?page_id=75"},"modified":"2024-04-18T11:31:13","modified_gmt":"2024-04-18T09:31:13","slug":"classicon","status":"publish","type":"page","link":"https:\/\/koton.de\/de\/classicon\/","title":{"rendered":"ClassiCon"},"content":{"rendered":"<p><strong>Der M\u00f6belhersteller ClassiCon setzt sich aus den W\u00f6rtern 'Classics' und 'Contemporary Design' zusammen und ging in den 90ern aus den traditionsreichen Vereinigten Werkst\u00e4tten in M\u00fcnchen hervor. Neben zeitgen\u00f6ssischen Entw\u00fcrfen von Sebastian Herkner, Neri &amp; Hu, Konstantin Gricic oder Jader Almeida, ist ClassiCon insbesondere f\u00fcr Klassiker der Moderne, wie beispielsweise von Eileen Gray, Eckart Muhtesius oder Otto Bl\u00fcmel, bekannt. In unserem Showroom k\u00f6nnen Sie das elegante Spannungsverh\u00e4ltnis aus Designikonen wie dem Adjustable Table und Neuheiten wie dem Bell Table Marmor live erleben!<\/strong><\/p>\n<p>&nbsp;<\/p>\n<hr \/>\n<p>&nbsp;<\/p>\n<p><div class=\"recent-posts clearfix\"><div class=\"four columns\">\n<div class=\"item clearfix\">\n\n    \n            \n                <div class=\"image-post-slider\">\n                    <ul>\n                                                    <li><a data-fancybox-group=\"lightbox\" href=\"https:\/\/koton.de\/de\/neu-classicon-volkshaus-lounge-chair-side-table-und-stool\/\" class=\"single-image link-icon\"><img loading=\"lazy\" decoding=\"async\" src=\"https:\/\/koton.de\/de\/wp-content\/uploads\/2024\/04\/ClassiCon_Volkshaus_Koton_Design_Muenchen-scaled-580x360.jpg\" width=\"580\" height=\"360\" alt=\"NEU: CLASSICON VOLKSHAUS LOUNGE CHAIR, SIDE TABLE UND STOOL\" \/><\/a><\/li>\n                                                    <li><a data-fancybox-group=\"lightbox\" href=\"https:\/\/koton.de\/de\/neu-classicon-volkshaus-lounge-chair-side-table-und-stool\/\" class=\"single-image link-icon\"><img loading=\"lazy\" decoding=\"async\" src=\"https:\/\/koton.de\/de\/wp-content\/uploads\/2024\/04\/ClassiCon_Volkshaus_Lounge-Chair_Sessel_Koton_Design_Muenchen_1-580x360.jpg\" width=\"580\" height=\"360\" alt=\"NEU: CLASSICON VOLKSHAUS LOUNGE CHAIR, SIDE TABLE UND STOOL\" \/><\/a><\/li>\n                                                    <li><a data-fancybox-group=\"lightbox\" href=\"https:\/\/koton.de\/de\/neu-classicon-volkshaus-lounge-chair-side-table-und-stool\/\" class=\"single-image link-icon\"><img loading=\"lazy\" decoding=\"async\" src=\"https:\/\/koton.de\/de\/wp-content\/uploads\/2024\/04\/ClassiCon_Volkshaus_Side_Table_Tisch_Koton_Design_Muenchen-580x360.jpg\" width=\"580\" height=\"360\" alt=\"NEU: CLASSICON VOLKSHAUS LOUNGE CHAIR, SIDE TABLE UND STOOL\" \/><\/a><\/li>\n                                                    <li><a data-fancybox-group=\"lightbox\" href=\"https:\/\/koton.de\/de\/neu-classicon-volkshaus-lounge-chair-side-table-und-stool\/\" class=\"single-image link-icon\"><img loading=\"lazy\" decoding=\"async\" src=\"https:\/\/koton.de\/de\/wp-content\/uploads\/2024\/04\/ClassiCon_Volkshaus_Lounge-Chair_Sessel_Koton_Design_Muenchen-580x360.jpg\" width=\"580\" height=\"360\" alt=\"NEU: CLASSICON VOLKSHAUS LOUNGE CHAIR, SIDE TABLE UND STOOL\" \/><\/a><\/li>\n                                            <\/ul>\n                <\/div><!--\/ .image-post-slider-->\n\n                        \n    <div class=\"entry-meta\">\n\t\t\n\t\t<h5 class=\"title\"><a href=\"https:\/\/koton.de\/de\/neu-classicon-volkshaus-lounge-chair-side-table-und-stool\/\">NEU: CLASSICON VOLKSHAUS LOUNGE CHAIR, SIDE TABLE UND STOOL<\/a><\/h5>\n\t\t\n\t\t\t\t\n\t<\/div><!--\/ .entry-meta-->\n\n    <div class=\"entry-body\">\n\n        <p>\n            Urspr\u00fcnglich vom B\u00fcro Herzog &amp; de Meuron f\u00fcr das Boutiquehotel des Volkshaus Basel entworfen, wurde die Volkshaus-Serie mit Lounge Ch ...        <\/p>\n\t\t\n\t\t \n    <\/div><!--\/ .entry-body-->\n\n<\/div><!--\/ .item--><\/div><div class=\"four columns\">\n<div class=\"item clearfix\">\n\n    \n            \n                <div class=\"image-post-slider\">\n                    <ul>\n                                                    <li><a data-fancybox-group=\"lightbox\" href=\"https:\/\/koton.de\/de\/neu-classicon-forma-tischlampe\/\" class=\"single-image link-icon\"><img loading=\"lazy\" decoding=\"async\" src=\"https:\/\/koton.de\/de\/wp-content\/uploads\/2023\/11\/ClassiCon_Forma_Tischlampe_Koton_Muenchen_2-scaled-580x360.jpg\" width=\"580\" height=\"360\" alt=\"NEU: CLASSICON FORMA TISCHLAMPE\" \/><\/a><\/li>\n                                                    <li><a data-fancybox-group=\"lightbox\" href=\"https:\/\/koton.de\/de\/neu-classicon-forma-tischlampe\/\" class=\"single-image link-icon\"><img loading=\"lazy\" decoding=\"async\" src=\"https:\/\/koton.de\/de\/wp-content\/uploads\/2023\/11\/ClassiCon_Forma_Tischlampe_Koton_Muenchen_3-scaled-580x360.jpg\" width=\"580\" height=\"360\" alt=\"NEU: CLASSICON FORMA TISCHLAMPE\" \/><\/a><\/li>\n                                                    <li><a data-fancybox-group=\"lightbox\" href=\"https:\/\/koton.de\/de\/neu-classicon-forma-tischlampe\/\" class=\"single-image link-icon\"><img loading=\"lazy\" decoding=\"async\" src=\"https:\/\/koton.de\/de\/wp-content\/uploads\/2023\/11\/ClassiCon_Forma_Tischleuchte_Koton_Muenchen-scaled-580x360.jpg\" width=\"580\" height=\"360\" alt=\"NEU: CLASSICON FORMA TISCHLAMPE\" \/><\/a><\/li>\n                                                    <li><a data-fancybox-group=\"lightbox\" href=\"https:\/\/koton.de\/de\/neu-classicon-forma-tischlampe\/\" class=\"single-image link-icon\"><img loading=\"lazy\" decoding=\"async\" src=\"https:\/\/koton.de\/de\/wp-content\/uploads\/2023\/11\/ClassiCon_Forma_Tischlampe_Koton_Muenchen-scaled-580x360.jpg\" width=\"580\" height=\"360\" alt=\"NEU: CLASSICON FORMA TISCHLAMPE\" \/><\/a><\/li>\n                                            <\/ul>\n                <\/div><!--\/ .image-post-slider-->\n\n                        \n    <div class=\"entry-meta\">\n\t\t\n\t\t<h5 class=\"title\"><a href=\"https:\/\/koton.de\/de\/neu-classicon-forma-tischlampe\/\">NEU: CLASSICON FORMA TISCHLAMPE<\/a><\/h5>\n\t\t\n\t\t\t\t\n\t<\/div><!--\/ .entry-meta-->\n\n    <div class=\"entry-body\">\n\n        <p>\n            Mit der Tischleuchte Forma von ClassiCon schuf Designer Christian Haas eine moderne Version der klassischen Schreibtischlampe der 50er und 6 ...        <\/p>\n\t\t\n\t\t \n    <\/div><!--\/ .entry-body-->\n\n<\/div><!--\/ .item--><\/div><div class=\"four columns\">\n<div class=\"item clearfix\">\n\n    \n            \n                <div class=\"image-post-slider\">\n                    <ul>\n                                                    <li><a data-fancybox-group=\"lightbox\" href=\"https:\/\/koton.de\/de\/neu-classicon-bell-table-marmor\/\" class=\"single-image link-icon\"><img loading=\"lazy\" decoding=\"async\" src=\"https:\/\/koton.de\/de\/wp-content\/uploads\/2023\/10\/ClassiCon_Bell_Table_Marmor_Koton_Muenchen-scaled-e1697632000298-580x360.jpeg\" width=\"580\" height=\"360\" alt=\"NEU: CLASSICON BELL TABLE MARMOR\" \/><\/a><\/li>\n                                                    <li><a data-fancybox-group=\"lightbox\" href=\"https:\/\/koton.de\/de\/neu-classicon-bell-table-marmor\/\" class=\"single-image link-icon\"><img loading=\"lazy\" decoding=\"async\" src=\"https:\/\/koton.de\/de\/wp-content\/uploads\/2023\/10\/ClassiCon_Bell_Table_Marmor_Koton_Muenchen_6-scaled-580x360.jpg\" width=\"580\" height=\"360\" alt=\"NEU: CLASSICON BELL TABLE MARMOR\" \/><\/a><\/li>\n                                                    <li><a data-fancybox-group=\"lightbox\" href=\"https:\/\/koton.de\/de\/neu-classicon-bell-table-marmor\/\" class=\"single-image link-icon\"><img loading=\"lazy\" decoding=\"async\" src=\"https:\/\/koton.de\/de\/wp-content\/uploads\/2023\/10\/ClassiCon_Bell_Table_Marmor_Koton_Muenchen_2-scaled-580x360.jpeg\" width=\"580\" height=\"360\" alt=\"NEU: CLASSICON BELL TABLE MARMOR\" \/><\/a><\/li>\n                                                    <li><a data-fancybox-group=\"lightbox\" href=\"https:\/\/koton.de\/de\/neu-classicon-bell-table-marmor\/\" class=\"single-image link-icon\"><img loading=\"lazy\" decoding=\"async\" src=\"https:\/\/koton.de\/de\/wp-content\/uploads\/2023\/10\/ClassiCon_Bell_Table_Marmor_Koton_Muenchen_5-580x360.jpg\" width=\"580\" height=\"360\" alt=\"NEU: CLASSICON BELL TABLE MARMOR\" \/><\/a><\/li>\n                                                    <li><a data-fancybox-group=\"lightbox\" href=\"https:\/\/koton.de\/de\/neu-classicon-bell-table-marmor\/\" class=\"single-image link-icon\"><img loading=\"lazy\" decoding=\"async\" src=\"https:\/\/koton.de\/de\/wp-content\/uploads\/2023\/10\/ClassiCon_Bell_Table_Marmor_Koton_Muenchen_4-580x360.jpg\" width=\"580\" height=\"360\" alt=\"NEU: CLASSICON BELL TABLE MARMOR\" \/><\/a><\/li>\n                                            <\/ul>\n                <\/div><!--\/ .image-post-slider-->\n\n                        \n    <div class=\"entry-meta\">\n\t\t\n\t\t<h5 class=\"title\"><a href=\"https:\/\/koton.de\/de\/neu-classicon-bell-table-marmor\/\">NEU: CLASSICON BELL TABLE MARMOR<\/a><\/h5>\n\t\t\n\t\t\t\t\n\t<\/div><!--\/ .entry-meta-->\n\n    <div class=\"entry-body\">\n\n        <p>\n            Mit dem Bell Table von ClassiCon schuf der Designer Sebastian Herkner einen modernen Klassiker. Urspr\u00fcnglich wurde dieser Designertisch aus ...        <\/p>\n\t\t\n\t\t \n    <\/div><!--\/ .entry-body-->\n\n<\/div><!--\/ .item--><\/div><div class=\"four columns\">\n<div class=\"item clearfix\">\n\n    \n            \n                <div class=\"image-post-slider\">\n                    <ul>\n                                                    <li><a data-fancybox-group=\"lightbox\" href=\"https:\/\/koton.de\/de\/neu-lantern-light-copper\/\" class=\"single-image link-icon\"><img loading=\"lazy\" decoding=\"async\" src=\"http:\/\/koton.de\/de\/wp-content\/uploads\/2018\/07\/hassos-sedan-lounge-chair-lantern-light-floor-lamp-verbreitert-580x360.jpg\" width=\"580\" height=\"360\" alt=\"NEU: Lantern Light COPPER\" \/><\/a><\/li>\n                                                    <li><a data-fancybox-group=\"lightbox\" href=\"https:\/\/koton.de\/de\/neu-lantern-light-copper\/\" class=\"single-image link-icon\"><img loading=\"lazy\" decoding=\"async\" src=\"http:\/\/koton.de\/de\/wp-content\/uploads\/2018\/07\/Koton_m\u00fcnchen_classicon-580x360.jpg\" width=\"580\" height=\"360\" alt=\"NEU: Lantern Light COPPER\" \/><\/a><\/li>\n                                            <\/ul>\n                <\/div><!--\/ .image-post-slider-->\n\n                        \n    <div class=\"entry-meta\">\n\t\t\n\t\t<h5 class=\"title\"><a href=\"https:\/\/koton.de\/de\/neu-lantern-light-copper\/\">NEU: Lantern Light COPPER<\/a><\/h5>\n\t\t\n\t\t\t\t\n\t<\/div><!--\/ .entry-meta-->\n\n    <div class=\"entry-body\">\n\n        <p>\n            Seit kurzem ist die Lantern Light von ClassiCon auch in Kupfer erh\u00e4ltlich. Sowohl die Steh- und Tischleuchte gibt es nun in den Ausf\u00fchrung ...        <\/p>\n\t\t\n\t\t \n    <\/div><!--\/ .entry-body-->\n\n<\/div><!--\/ .item--><\/div><div class=\"four columns\">\n<div class=\"item clearfix\">\n\n    \n            \n                <div class=\"image-post-slider\">\n                    <ul>\n                                                    <li><a data-fancybox-group=\"lightbox\" href=\"https:\/\/koton.de\/de\/neu-bow-coffee-table-von-classicon\/\" class=\"single-image link-icon\"><img loading=\"lazy\" decoding=\"async\" src=\"http:\/\/koton.de\/de\/wp-content\/uploads\/2018\/07\/koton_bow-table-580x360.jpg\" width=\"580\" height=\"360\" alt=\"NEU: Bow Coffee Table VON CLASSICON\" \/><\/a><\/li>\n                                                    <li><a data-fancybox-group=\"lightbox\" href=\"https:\/\/koton.de\/de\/neu-bow-coffee-table-von-classicon\/\" class=\"single-image link-icon\"><img loading=\"lazy\" decoding=\"async\" src=\"http:\/\/koton.de\/de\/wp-content\/uploads\/2018\/07\/koton_classicon-580x360.jpg\" width=\"580\" height=\"360\" alt=\"NEU: Bow Coffee Table VON CLASSICON\" \/><\/a><\/li>\n                                            <\/ul>\n                <\/div><!--\/ .image-post-slider-->\n\n                        \n    <div class=\"entry-meta\">\n\t\t\n\t\t<h5 class=\"title\"><a href=\"https:\/\/koton.de\/de\/neu-bow-coffee-table-von-classicon\/\">NEU: Bow Coffee Table VON CLASSICON<\/a><\/h5>\n\t\t\n\t\t\t\t\n\t<\/div><!--\/ .entry-meta-->\n\n    <div class=\"entry-body\">\n\n        <p>\n            Der Bow Coffee Table, entworfen vom Brasilianer Guilherme Torres, als Couchtisch in zwei Gr\u00f6\u00dfen und drei H\u00f6hen ist eine der ClassicCon Ne ...        <\/p>\n\t\t\n\t\t \n    <\/div><!--\/ .entry-body-->\n\n<\/div><!--\/ .item--><\/div><div class=\"four columns\">\n<div class=\"item clearfix\">\n\n    \n            \n                <div class=\"image-post-slider\">\n                    <ul>\n                                                    <li><a data-fancybox-group=\"lightbox\" href=\"https:\/\/koton.de\/de\/pli-side-table\/\" class=\"single-image link-icon\"><img loading=\"lazy\" decoding=\"async\" src=\"http:\/\/koton.de\/de\/wp-content\/uploads\/2016\/02\/pli-side-table-side_popart-580x360.png\" width=\"580\" height=\"360\" alt=\"Pli Side Table\" \/><\/a><\/li>\n                                                    <li><a data-fancybox-group=\"lightbox\" href=\"https:\/\/koton.de\/de\/pli-side-table\/\" class=\"single-image link-icon\"><img loading=\"lazy\" decoding=\"async\" src=\"http:\/\/koton.de\/de\/wp-content\/uploads\/2016\/02\/hassos-pli-side-table-bibendum-1000x750-580x360.png\" width=\"580\" height=\"360\" alt=\"Pli Side Table\" \/><\/a><\/li>\n                                            <\/ul>\n                <\/div><!--\/ .image-post-slider-->\n\n                        \n    <div class=\"entry-meta\">\n\t\t\n\t\t<h5 class=\"title\"><a href=\"https:\/\/koton.de\/de\/pli-side-table\/\">Pli Side Table<\/a><\/h5>\n\t\t\n\t\t\t\t\n\t<\/div><!--\/ .entry-meta-->\n\n    <div class=\"entry-body\">\n\n        <p>\n            \u00dcber den Pli Side Table:\u00a0Mit dem Beistelltisch Pli holt die franz\u00f6sische Designerin Victoria Wilmotte ein Objekt von ungew\u00f6hnlich krista ...        <\/p>\n\t\t\n\t\t \n    <\/div><!--\/ .entry-body-->\n\n<\/div><!--\/ .item--><\/div><div class=\"four columns\">\n<div class=\"item clearfix\">\n\n    \n            \n                <div class=\"image-post-slider\">\n                    <ul>\n                                                    <li><a data-fancybox-group=\"lightbox\" href=\"https:\/\/koton.de\/de\/cypris-mirror-nina-mair\/\" class=\"single-image link-icon\"><img loading=\"lazy\" decoding=\"async\" src=\"http:\/\/koton.de\/de\/wp-content\/uploads\/2015\/06\/seelen-cypris-pegasus-sedan-chair-bell-side-table-copper-3a3a4521-580x360.png\" width=\"580\" height=\"360\" alt=\"Cypris Mirror\" \/><\/a><\/li>\n                                            <\/ul>\n                <\/div><!--\/ .image-post-slider-->\n\n                        \n    <div class=\"entry-meta\">\n\t\t\n\t\t<h5 class=\"title\"><a href=\"https:\/\/koton.de\/de\/cypris-mirror-nina-mair\/\">Cypris Mirror<\/a><\/h5>\n\t\t\n\t\t\t\t\n\t<\/div><!--\/ .entry-meta-->\n\n    <div class=\"entry-body\">\n\n        <p>\n            Mit dem Cypris Mirror entwarf die \u00f6sterreichische Architektin Nina Mair einen Spiegel, der mit seinen harmonisch ausgeformten Radien und de ...        <\/p>\n\t\t\n\t\t \n    <\/div><!--\/ .entry-body-->\n\n<\/div><!--\/ .item--><\/div><div class=\"four columns\">\n<div class=\"item clearfix\">\n\n    \n            \n                <div class=\"image-post-slider\">\n                    <ul>\n                                                    <li><a data-fancybox-group=\"lightbox\" href=\"https:\/\/koton.de\/de\/tube-light\/\" class=\"single-image link-icon\"><img loading=\"lazy\" decoding=\"async\" src=\"http:\/\/koton.de\/de\/wp-content\/uploads\/2014\/07\/seelen-bibendum-tube-light-e1027-580x360.jpg\" width=\"580\" height=\"360\" alt=\"Adjustable table E\" \/><\/a><\/li>\n                                            <\/ul>\n                <\/div><!--\/ .image-post-slider-->\n\n                        \n    <div class=\"entry-meta\">\n\t\t\n\t\t<h5 class=\"title\"><a href=\"https:\/\/koton.de\/de\/tube-light\/\">Adjustable table E<\/a><\/h5>\n\t\t\n\t\t\t\t\n\t<\/div><!--\/ .entry-meta-->\n\n    <div class=\"entry-body\">\n\n        <p>\n            Unter den Klassikern ist dies wohl der Klassiker. Eileen Gray's genial proportionierte, unverwechselbare Form hat den h\u00f6henverstellbaren Ti ...        <\/p>\n\t\t\n\t\t \n    <\/div><!--\/ .entry-body-->\n\n<\/div><!--\/ .item--><\/div><div class=\"four columns\">\n<div class=\"item clearfix\">\n\n    \n            \n                <div class=\"image-post-slider\">\n                    <ul>\n                                                    <li><a data-fancybox-group=\"lightbox\" href=\"https:\/\/koton.de\/de\/selene-in-kupfer\/\" class=\"single-image link-icon\"><img loading=\"lazy\" decoding=\"async\" src=\"http:\/\/koton.de\/de\/wp-content\/uploads\/2014\/01\/selene_classicon-580x360.jpg\" width=\"580\" height=\"360\" alt=\"ClassiCon Selene in Kupfer\" \/><\/a><\/li>\n                                                    <li><a data-fancybox-group=\"lightbox\" href=\"https:\/\/koton.de\/de\/selene-in-kupfer\/\" class=\"single-image link-icon\"><img loading=\"lazy\" decoding=\"async\" src=\"http:\/\/koton.de\/de\/wp-content\/uploads\/2014\/01\/selene_classicon2-580x360.jpg\" width=\"580\" height=\"360\" alt=\"ClassiCon Selene in Kupfer\" \/><\/a><\/li>\n                                            <\/ul>\n                <\/div><!--\/ .image-post-slider-->\n\n                        \n    <div class=\"entry-meta\">\n\t\t\n\t\t<h5 class=\"title\"><a href=\"https:\/\/koton.de\/de\/selene-in-kupfer\/\">ClassiCon Selene in Kupfer<\/a><\/h5>\n\t\t\n\t\t\t\t\n\t<\/div><!--\/ .entry-meta-->\n\n    <div class=\"entry-body\">\n\n        <p>\n            Die Selene H\u00e4ngeleuchte gibt es jetzt auch mit einer\u00a0Insektenschutz-Abdeckscheibe und Leuchtenkopf \u00a0sowie Baldachin aus Kupfer.\r\n\r\nVerf\u00fc ...        <\/p>\n\t\t\n\t\t \n    <\/div><!--\/ .entry-body-->\n\n<\/div><!--\/ .item--><\/div><div class=\"four columns\">\n<div class=\"item clearfix\">\n\n    \n            \n                <div class=\"image-post-slider\">\n                    <ul>\n                                                    <li><a data-fancybox-group=\"lightbox\" href=\"https:\/\/koton.de\/de\/classicon-bell-table-beistelltisch-copper\/\" class=\"single-image link-icon\"><img loading=\"lazy\" decoding=\"async\" src=\"http:\/\/koton.de\/de\/wp-content\/uploads\/2013\/12\/FH_Bell-Table_Bell-Light_02-580x360.gif\" width=\"580\" height=\"360\" alt=\"ClassiCon Bell Table in Kupfer und grauem Glasfu\u00df\" \/><\/a><\/li>\n                                                    <li><a data-fancybox-group=\"lightbox\" href=\"https:\/\/koton.de\/de\/classicon-bell-table-beistelltisch-copper\/\" class=\"single-image link-icon\"><img loading=\"lazy\" decoding=\"async\" src=\"http:\/\/koton.de\/de\/wp-content\/uploads\/2013\/12\/Classicon_bell-580x360.jpg\" width=\"580\" height=\"360\" alt=\"ClassiCon Bell Table in Kupfer und grauem Glasfu\u00df\" \/><\/a><\/li>\n                                            <\/ul>\n                <\/div><!--\/ .image-post-slider-->\n\n                        \n    <div class=\"entry-meta\">\n\t\t\n\t\t<h5 class=\"title\"><a href=\"https:\/\/koton.de\/de\/classicon-bell-table-beistelltisch-copper\/\">ClassiCon Bell Table in Kupfer und grauem Glasfu\u00df<\/a><\/h5>\n\t\t\n\t\t\t\t\n\t<\/div><!--\/ .entry-meta-->\n\n    <div class=\"entry-body\">\n\n        <p>\n            Die ClassiCon Bell Tables gibt es jetzt auch mit grauem Glasfu\u00df. Ausserdem eine nummerierte Sonderedition in Kupfer Vollmaterial, mit Zerti ...        <\/p>\n\t\t\n\t\t \n    <\/div><!--\/ .entry-body-->\n\n<\/div><!--\/ .item--><\/div><\/div><br \/>\n<div class=\"recent-posts clearfix\"><\/div><\/p>\n<p>&nbsp;<\/p>\n<hr \/>\n<p>&nbsp;<\/p>\n<div class=\"tnp tnp-subscription-minimal  \"><form action=\"https:\/\/koton.de\/de\/wp-admin\/admin-ajax.php?action=tnp&amp;na=s\" method=\"post\" style=\"text-align: center\"><input type=\"hidden\" name=\"nr\" value=\"minimal\">\n<input type=\"hidden\" name=\"nlang\" value=\"\">\n<input class=\"tnp-email\" type=\"email\" required name=\"ne\" value=\"\" placeholder=\"E-Mail-Adresse\"><input class=\"tnp-submit\" type=\"submit\" value=\"Abonnieren\" style=\"\">\n<\/form><\/div>\n\n","protected":false},"excerpt":{"rendered":"<p>Der M\u00f6belhersteller ClassiCon setzt sich aus den W\u00f6rtern &#8218;Classics&#8216; und &#8218;Contemporary Design&#8216; zusammen und ging in den 90ern aus den traditionsreichen Vereinigten Werkst\u00e4tten in M\u00fcnchen hervor. Neben zeitgen\u00f6ssischen Entw\u00fcrfen von Sebastian Herkner, Neri &amp; Hu, Konstantin Gricic oder Jader Almeida, ist ClassiCon insbesondere f\u00fcr Klassiker der Moderne, wie beispielsweise von Eileen Gray, Eckart Muhtesius oder [&hellip;]<\/p>\n","protected":false},"author":1,"featured_media":0,"parent":0,"menu_order":0,"comment_status":"closed","ping_status":"closed","template":"","meta":{"_exactmetrics_skip_tracking":false,"_exactmetrics_sitenote_active":false,"_exactmetrics_sitenote_note":"","_exactmetrics_sitenote_category":0,"footnotes":""},"class_list":["post-75","page","type-page","status-publish","hentry"],"_links":{"self":[{"href":"https:\/\/koton.de\/de\/wp-json\/wp\/v2\/pages\/75","targetHints":{"allow":["GET"]}}],"collection":[{"href":"https:\/\/koton.de\/de\/wp-json\/wp\/v2\/pages"}],"about":[{"href":"https:\/\/koton.de\/de\/wp-json\/wp\/v2\/types\/page"}],"author":[{"embeddable":true,"href":"https:\/\/koton.de\/de\/wp-json\/wp\/v2\/users\/1"}],"replies":[{"embeddable":true,"href":"https:\/\/koton.de\/de\/wp-json\/wp\/v2\/comments?post=75"}],"version-history":[{"count":4,"href":"https:\/\/koton.de\/de\/wp-json\/wp\/v2\/pages\/75\/revisions"}],"predecessor-version":[{"id":3127,"href":"https:\/\/koton.de\/de\/wp-json\/wp\/v2\/pages\/75\/revisions\/3127"}],"wp:attachment":[{"href":"https:\/\/koton.de\/de\/wp-json\/wp\/v2\/media?parent=75"}],"curies":[{"name":"wp","href":"https:\/\/api.w.org\/{rel}","templated":true}]}}