{"id":73,"date":"2013-12-15T18:37:54","date_gmt":"2013-12-15T16:37:54","guid":{"rendered":"http:\/\/koton.de\/de\/?page_id=73"},"modified":"2024-04-23T17:35:18","modified_gmt":"2024-04-23T15:35:18","slug":"verpan","status":"publish","type":"page","link":"https:\/\/koton.de\/de\/verpan\/","title":{"rendered":"Verpan"},"content":{"rendered":"<p><strong>Verpan entstand 2003 mit einer ersten Produktion von ikonischen Lampenklassikern von Verner Panton. Nachdem die neue Marke einige Jahre sp\u00e4ter um ein M\u00f6belsortiment erweitert wurde, umfasst die Produktpalette heute eine kuratierte Auswahl an M\u00f6beln und Leuchten des legend\u00e4ren d\u00e4nsichen Designers. Designklassiker wie die Pendelleuchte Moon, Panto oder Fun finden Sie in unserer Ausstellung in M\u00fcnchen!<\/strong><\/p>\n<p>&nbsp;<\/p>\n<hr \/>\n<p>&nbsp;<\/p>\n<div class=\"recent-posts clearfix\"><div class=\"four columns\">\n<div class=\"item clearfix\">\n\n    \n            \n                <div class=\"image-post-slider\">\n                    <ul>\n                                                    <li><a data-fancybox-group=\"lightbox\" href=\"https:\/\/koton.de\/de\/neu-verpan-globe-warm-peach\/\" class=\"single-image link-icon\"><img loading=\"lazy\" decoding=\"async\" src=\"http:\/\/koton.de\/de\/wp-content\/uploads\/2021\/05\/Bildschirmfoto-2021-05-06-um-17.09.54-580x360.jpg\" width=\"580\" height=\"360\" alt=\"NEU: VERPAN GLOBE WARM PEACH\" \/><\/a><\/li>\n                                                    <li><a data-fancybox-group=\"lightbox\" href=\"https:\/\/koton.de\/de\/neu-verpan-globe-warm-peach\/\" class=\"single-image link-icon\"><img loading=\"lazy\" decoding=\"async\" src=\"http:\/\/koton.de\/de\/wp-content\/uploads\/2021\/05\/Bildschirmfoto-2021-05-06-um-17.10.03-580x360.jpg\" width=\"580\" height=\"360\" alt=\"NEU: VERPAN GLOBE WARM PEACH\" \/><\/a><\/li>\n                                            <\/ul>\n                <\/div><!--\/ .image-post-slider-->\n\n                        \n    <div class=\"entry-meta\">\n\t\t\n\t\t<h5 class=\"title\"><a href=\"https:\/\/koton.de\/de\/neu-verpan-globe-warm-peach\/\">NEU: VERPAN GLOBE WARM PEACH<\/a><\/h5>\n\t\t\n\t\t\t\t\n\t<\/div><!--\/ .entry-meta-->\n\n    <div class=\"entry-body\">\n\n        <p>\n            Urspr\u00fcnglich von Verner Panton 1969 konzipiert, ist die VP Globe wohl das bekannteste Panton-Beleuchtungsdesign.\r\n\r\nPanton war bekannt f\u00fcr ...        <\/p>\n\t\t\n\t\t \n    <\/div><!--\/ .entry-body-->\n\n<\/div><!--\/ .item--><\/div><div class=\"four columns\">\n<div class=\"item clearfix\">\n\n    \n            \n                <div class=\"image-post-slider\">\n                    <ul>\n                                                    <li><a data-fancybox-group=\"lightbox\" href=\"https:\/\/koton.de\/de\/exklusiv-the-verpan-for-prada-inflatable-stool\/\" class=\"single-image link-icon\"><img loading=\"lazy\" decoding=\"async\" src=\"http:\/\/koton.de\/de\/wp-content\/uploads\/2019\/03\/Bildschirmfoto-2019-03-01-um-17.15.46-580x360.jpg\" width=\"580\" height=\"360\" alt=\"EXKLUSIV: The VERPAN for PRADA Inflatable Stool\" \/><\/a><\/li>\n                                                    <li><a data-fancybox-group=\"lightbox\" href=\"https:\/\/koton.de\/de\/exklusiv-the-verpan-for-prada-inflatable-stool\/\" class=\"single-image link-icon\"><img loading=\"lazy\" decoding=\"async\" src=\"http:\/\/koton.de\/de\/wp-content\/uploads\/2019\/03\/Bildschirmfoto-2019-03-01-um-17.15.27-580x360.jpg\" width=\"580\" height=\"360\" alt=\"EXKLUSIV: The VERPAN for PRADA Inflatable Stool\" \/><\/a><\/li>\n                                                    <li><a data-fancybox-group=\"lightbox\" href=\"https:\/\/koton.de\/de\/exklusiv-the-verpan-for-prada-inflatable-stool\/\" class=\"single-image link-icon\"><img loading=\"lazy\" decoding=\"async\" src=\"http:\/\/koton.de\/de\/wp-content\/uploads\/2019\/03\/Bildschirmfoto-2019-03-01-um-17.15.05-580x360.jpg\" width=\"580\" height=\"360\" alt=\"EXKLUSIV: The VERPAN for PRADA Inflatable Stool\" \/><\/a><\/li>\n                                                    <li><a data-fancybox-group=\"lightbox\" href=\"https:\/\/koton.de\/de\/exklusiv-the-verpan-for-prada-inflatable-stool\/\" class=\"single-image link-icon\"><img loading=\"lazy\" decoding=\"async\" src=\"http:\/\/koton.de\/de\/wp-content\/uploads\/2019\/03\/Bildschirmfoto-2019-03-01-um-17.13.06-580x360.jpg\" width=\"580\" height=\"360\" alt=\"EXKLUSIV: The VERPAN for PRADA Inflatable Stool\" \/><\/a><\/li>\n                                            <\/ul>\n                <\/div><!--\/ .image-post-slider-->\n\n                        \n    <div class=\"entry-meta\">\n\t\t\n\t\t<h5 class=\"title\"><a href=\"https:\/\/koton.de\/de\/exklusiv-the-verpan-for-prada-inflatable-stool\/\">EXKLUSIV: The VERPAN for PRADA Inflatable Stool<\/a><\/h5>\n\t\t\n\t\t\t\t\n\t<\/div><!--\/ .entry-meta-->\n\n    <div class=\"entry-body\">\n\n        <p>\n            \n\n\n\n\nDie exklusive Neuauflage des legend\u00e4ren aufblasbaren Hockers der 1960er Jahre, entworfen von dem renommierten d\u00e4nischen Designer und  ...        <\/p>\n\t\t\n\t\t \n    <\/div><!--\/ .entry-body-->\n\n<\/div><!--\/ .item--><\/div><div class=\"four columns\">\n<div class=\"item clearfix\">\n\n    \n            \n                <div class=\"image-post-slider\">\n                    <ul>\n                                                    <li><a data-fancybox-group=\"lightbox\" href=\"https:\/\/koton.de\/de\/50-years-of-fun\/\" class=\"single-image link-icon\"><img loading=\"lazy\" decoding=\"async\" src=\"http:\/\/koton.de\/de\/wp-content\/uploads\/2014\/05\/post_fun-580x360.jpg\" width=\"580\" height=\"360\" alt=\"50 years of FUN\" \/><\/a><\/li>\n                                                    <li><a data-fancybox-group=\"lightbox\" href=\"https:\/\/koton.de\/de\/50-years-of-fun\/\" class=\"single-image link-icon\"><img loading=\"lazy\" decoding=\"async\" src=\"http:\/\/koton.de\/de\/wp-content\/uploads\/2014\/05\/post_fun2-580x360.jpg\" width=\"580\" height=\"360\" alt=\"50 years of FUN\" \/><\/a><\/li>\n                                            <\/ul>\n                <\/div><!--\/ .image-post-slider-->\n\n                        \n    <div class=\"entry-meta\">\n\t\t\n\t\t<h5 class=\"title\"><a href=\"https:\/\/koton.de\/de\/50-years-of-fun\/\">50 years of FUN<\/a><\/h5>\n\t\t\n\t\t\t\t\n\t<\/div><!--\/ .entry-meta-->\n\n    <div class=\"entry-body\">\n\n        <p>\n            1964 r\u00fcttelte Verner Panton die Welt der Lampen bei der M\u00f6belmesse K\u00f6ln auf. Seine Lampenserie \"Fun\" war nichts was man je zuvor gesehen  ...        <\/p>\n\t\t\n\t\t \n    <\/div><!--\/ .entry-body-->\n\n<\/div><!--\/ .item--><\/div><div class=\"four columns\">\n<div class=\"item clearfix\">\n\n    \n            \n                <div class=\"image-post-slider\">\n                    <ul>\n                                                    <li><a data-fancybox-group=\"lightbox\" href=\"https:\/\/koton.de\/de\/cloverleaf-sofa-von-verner-panton\/\" class=\"single-image link-icon\"><img loading=\"lazy\" decoding=\"async\" src=\"http:\/\/koton.de\/de\/wp-content\/uploads\/2014\/01\/clover-580x360.jpg\" width=\"580\" height=\"360\" alt=\"Cloverleaf Sofa von Verner Panton\" \/><\/a><\/li>\n                                                    <li><a data-fancybox-group=\"lightbox\" href=\"https:\/\/koton.de\/de\/cloverleaf-sofa-von-verner-panton\/\" class=\"single-image link-icon\"><img loading=\"lazy\" decoding=\"async\" src=\"http:\/\/koton.de\/de\/wp-content\/uploads\/2014\/01\/clover2-580x360.jpg\" width=\"580\" height=\"360\" alt=\"Cloverleaf Sofa von Verner Panton\" \/><\/a><\/li>\n                                            <\/ul>\n                <\/div><!--\/ .image-post-slider-->\n\n                        \n    <div class=\"entry-meta\">\n\t\t\n\t\t<h5 class=\"title\"><a href=\"https:\/\/koton.de\/de\/cloverleaf-sofa-von-verner-panton\/\">Cloverleaf Sofa von Verner Panton<\/a><\/h5>\n\t\t\n\t\t\t\t\n\t<\/div><!--\/ .entry-meta-->\n\n    <div class=\"entry-body\">\n\n        <p>\n            Das Cloverleaf Sofa von Verner Panton besteht aus einem modularen System aus rechtem, linkem und Seitenelement, die miteinander verbunden we ...        <\/p>\n\t\t\n\t\t \n    <\/div><!--\/ .entry-body-->\n\n<\/div><!--\/ .item--><\/div><div class=\"four columns\">\n<div class=\"item clearfix\">\n\n    \n            \n                <div class=\"image-post-slider\">\n                    <ul>\n                                                    <li><a data-fancybox-group=\"lightbox\" href=\"https:\/\/koton.de\/de\/mirror-plaids-von-verner-panton\/\" class=\"single-image link-icon\"><img loading=\"lazy\" decoding=\"async\" src=\"http:\/\/koton.de\/de\/wp-content\/uploads\/2014\/01\/HR-THROW_STACK_3COL-580x360.jpg\" width=\"580\" height=\"360\" alt=\"Mirror Plaids von Verner Panton\" \/><\/a><\/li>\n                                                    <li><a data-fancybox-group=\"lightbox\" href=\"https:\/\/koton.de\/de\/mirror-plaids-von-verner-panton\/\" class=\"single-image link-icon\"><img loading=\"lazy\" decoding=\"async\" src=\"http:\/\/koton.de\/de\/wp-content\/uploads\/2014\/01\/HR-Throw-orange-580x360.jpg\" width=\"580\" height=\"360\" alt=\"Mirror Plaids von Verner Panton\" \/><\/a><\/li>\n                                            <\/ul>\n                <\/div><!--\/ .image-post-slider-->\n\n                        \n    <div class=\"entry-meta\">\n\t\t\n\t\t<h5 class=\"title\"><a href=\"https:\/\/koton.de\/de\/mirror-plaids-von-verner-panton\/\">Mirror Plaids von Verner Panton<\/a><\/h5>\n\t\t\n\t\t\t\t\n\t<\/div><!--\/ .entry-meta-->\n\n    <div class=\"entry-body\">\n\n        <p>\n            Die geometrischen Mirror Plaids wurden 1969 von Verner Panton entworfen.\r\n\r\nVerpan produziert diese in vier verschiedenen Farbkombinationen  ...        <\/p>\n\t\t\n\t\t \n    <\/div><!--\/ .entry-body-->\n\n<\/div><!--\/ .item--><\/div><\/div>\n<div class=\"recent-posts clearfix\"><div class=\"four columns\">\n<div class=\"item clearfix\">\n\n    \n            \n                <div class=\"image-post-slider\">\n                    <ul>\n                                                    <li><a data-fancybox-group=\"lightbox\" href=\"https:\/\/koton.de\/de\/neu-bei-verpan-luna-rug\/\" class=\"single-image link-icon\"><img loading=\"lazy\" decoding=\"async\" src=\"http:\/\/koton.de\/de\/wp-content\/uploads\/2015\/01\/MAARSLET-09-580x360.jpg\" width=\"580\" height=\"360\" alt=\"LUNA RUG\" \/><\/a><\/li>\n                                                    <li><a data-fancybox-group=\"lightbox\" href=\"https:\/\/koton.de\/de\/neu-bei-verpan-luna-rug\/\" class=\"single-image link-icon\"><img loading=\"lazy\" decoding=\"async\" src=\"http:\/\/koton.de\/de\/wp-content\/uploads\/2015\/01\/MAARSLET-08-580x360.jpg\" width=\"580\" height=\"360\" alt=\"LUNA RUG\" \/><\/a><\/li>\n                                            <\/ul>\n                <\/div><!--\/ .image-post-slider-->\n\n                        \n    <div class=\"entry-meta\">\n\t\t\n\t\t<h5 class=\"title\"><a href=\"https:\/\/koton.de\/de\/neu-bei-verpan-luna-rug\/\">LUNA RUG<\/a><\/h5>\n\t\t\n\t\t\t\t\n\t<\/div><!--\/ .entry-meta-->\n\n    <div class=\"entry-body\">\n\n        <p>\n            Verner Panton ist nicht nur Interior Designer, sonder er war lange Zeit f\u00fcr die Schweizer Firma Mira-X als Textildesigner t\u00e4tig. Der Luna  ...        <\/p>\n\t\t\n\t\t \n    <\/div><!--\/ .entry-body-->\n\n<\/div><!--\/ .item--><\/div><div class=\"four columns\">\n<div class=\"item clearfix\">\n\n    \n            \n                <div class=\"image-post-slider\">\n                    <ul>\n                                                    <li><a data-fancybox-group=\"lightbox\" href=\"https:\/\/koton.de\/de\/wire\/\" class=\"single-image link-icon\"><img loading=\"lazy\" decoding=\"async\" src=\"http:\/\/koton.de\/de\/wp-content\/uploads\/2014\/07\/HR-Wire-table-580x360.jpg\" width=\"580\" height=\"360\" alt=\"Wire\" \/><\/a><\/li>\n                                                    <li><a data-fancybox-group=\"lightbox\" href=\"https:\/\/koton.de\/de\/wire\/\" class=\"single-image link-icon\"><img loading=\"lazy\" decoding=\"async\" src=\"http:\/\/koton.de\/de\/wp-content\/uploads\/2014\/07\/HR-Wire-Table-White-580x360.jpg\" width=\"580\" height=\"360\" alt=\"Wire\" \/><\/a><\/li>\n                                            <\/ul>\n                <\/div><!--\/ .image-post-slider-->\n\n                        \n    <div class=\"entry-meta\">\n\t\t\n\t\t<h5 class=\"title\"><a href=\"https:\/\/koton.de\/de\/wire\/\">Wire<\/a><\/h5>\n\t\t\n\t\t\t\t\n\t<\/div><!--\/ .entry-meta-->\n\n    <div class=\"entry-body\">\n\n        <p>\n            Die Wire ist eine Tischlampe, dessen K\u00f6rper aus einem zylindrischen Drahtger\u00fcst besteht, versehen mit einem Lampenschirm aus Plastik in Ha ...        <\/p>\n\t\t\n\t\t \n    <\/div><!--\/ .entry-body-->\n\n<\/div><!--\/ .item--><\/div><div class=\"four columns\">\n<div class=\"item clearfix\">\n\n    \n            \n                <div class=\"image-post-slider\">\n                    <ul>\n                                                    <li><a data-fancybox-group=\"lightbox\" href=\"https:\/\/koton.de\/de\/system-1-2-3-mirror-rack\/\" class=\"single-image link-icon\"><img loading=\"lazy\" decoding=\"async\" src=\"http:\/\/koton.de\/de\/wp-content\/uploads\/2014\/07\/HR-System123-rack-front-580x360.jpg\" width=\"580\" height=\"360\" alt=\"System 1-2-3 Mirror &amp; Rack\" \/><\/a><\/li>\n                                                    <li><a data-fancybox-group=\"lightbox\" href=\"https:\/\/koton.de\/de\/system-1-2-3-mirror-rack\/\" class=\"single-image link-icon\"><img loading=\"lazy\" decoding=\"async\" src=\"http:\/\/koton.de\/de\/wp-content\/uploads\/2014\/07\/HR-01-IRIS-41-580x360.jpg\" width=\"580\" height=\"360\" alt=\"System 1-2-3 Mirror &amp; Rack\" \/><\/a><\/li>\n                                            <\/ul>\n                <\/div><!--\/ .image-post-slider-->\n\n                        \n    <div class=\"entry-meta\">\n\t\t\n\t\t<h5 class=\"title\"><a href=\"https:\/\/koton.de\/de\/system-1-2-3-mirror-rack\/\">System 1-2-3 Mirror &amp; Rack<\/a><\/h5>\n\t\t\n\t\t\t\t\n\t<\/div><!--\/ .entry-meta-->\n\n    <div class=\"entry-body\">\n\n        <p>\n             ...        <\/p>\n\t\t\n\t\t \n    <\/div><!--\/ .entry-body-->\n\n<\/div><!--\/ .item--><\/div><div class=\"four columns\">\n<div class=\"item clearfix\">\n\n    \n            \n                <div class=\"image-post-slider\">\n                    <ul>\n                                                    <li><a data-fancybox-group=\"lightbox\" href=\"https:\/\/koton.de\/de\/pantop\/\" class=\"single-image link-icon\"><img loading=\"lazy\" decoding=\"async\" src=\"http:\/\/koton.de\/de\/wp-content\/uploads\/2014\/07\/HR-Pantop-Table-Kobber1-580x360.jpg\" width=\"580\" height=\"360\" alt=\"Pantop\" \/><\/a><\/li>\n                                                    <li><a data-fancybox-group=\"lightbox\" href=\"https:\/\/koton.de\/de\/pantop\/\" class=\"single-image link-icon\"><img loading=\"lazy\" decoding=\"async\" src=\"http:\/\/koton.de\/de\/wp-content\/uploads\/2014\/07\/HR-Pantop-Table-White-580x360.jpg\" width=\"580\" height=\"360\" alt=\"Pantop\" \/><\/a><\/li>\n                                                    <li><a data-fancybox-group=\"lightbox\" href=\"https:\/\/koton.de\/de\/pantop\/\" class=\"single-image link-icon\"><img loading=\"lazy\" decoding=\"async\" src=\"http:\/\/koton.de\/de\/wp-content\/uploads\/2014\/07\/HR-Pantop-table-chrome-580x360.jpg\" width=\"580\" height=\"360\" alt=\"Pantop\" \/><\/a><\/li>\n                                                    <li><a data-fancybox-group=\"lightbox\" href=\"https:\/\/koton.de\/de\/pantop\/\" class=\"single-image link-icon\"><img loading=\"lazy\" decoding=\"async\" src=\"http:\/\/koton.de\/de\/wp-content\/uploads\/2014\/07\/HR-Pantop-table-black-580x360.jpg\" width=\"580\" height=\"360\" alt=\"Pantop\" \/><\/a><\/li>\n                                            <\/ul>\n                <\/div><!--\/ .image-post-slider-->\n\n                        \n    <div class=\"entry-meta\">\n\t\t\n\t\t<h5 class=\"title\"><a href=\"https:\/\/koton.de\/de\/pantop\/\">Pantop<\/a><\/h5>\n\t\t\n\t\t\t\t\n\t<\/div><!--\/ .entry-meta-->\n\n    <div class=\"entry-body\">\n\n        <p>\n            1980 entwarf Verner Panton die Pantop Leuchtenserie, die sich vor allem durch den charakteristischen Lampenschirm auszeichnet. Sowohl Pendel ...        <\/p>\n\t\t\n\t\t \n    <\/div><!--\/ .entry-body-->\n\n<\/div><!--\/ .item--><\/div><\/div>\n<p>&nbsp;<\/p>\n<hr \/>\n<p>&nbsp;<\/p>\n<div class=\"tnp tnp-subscription-minimal  \"><form action=\"https:\/\/koton.de\/de\/wp-admin\/admin-ajax.php?action=tnp&amp;na=s\" method=\"post\" style=\"text-align: center\"><input type=\"hidden\" name=\"nr\" value=\"minimal\">\n<input type=\"hidden\" name=\"nlang\" value=\"\">\n<input class=\"tnp-email\" type=\"email\" required name=\"ne\" value=\"\" placeholder=\"E-Mail-Adresse\"><input class=\"tnp-submit\" type=\"submit\" value=\"Abonnieren\" style=\"\">\n<\/form><\/div>\n\n<p>&nbsp;<\/p>\n<p>&nbsp;<\/p>\n","protected":false},"excerpt":{"rendered":"<p>Verpan entstand 2003 mit einer ersten Produktion von ikonischen Lampenklassikern von Verner Panton. Nachdem die neue Marke einige Jahre sp\u00e4ter um ein M\u00f6belsortiment erweitert wurde, umfasst die Produktpalette heute eine kuratierte Auswahl an M\u00f6beln und Leuchten des legend\u00e4ren d\u00e4nsichen Designers. Designklassiker wie die Pendelleuchte Moon, Panto oder Fun finden Sie in unserer Ausstellung in M\u00fcnchen! [&hellip;]<\/p>\n","protected":false},"author":1,"featured_media":0,"parent":0,"menu_order":0,"comment_status":"closed","ping_status":"closed","template":"","meta":{"_exactmetrics_skip_tracking":false,"_exactmetrics_sitenote_active":false,"_exactmetrics_sitenote_note":"","_exactmetrics_sitenote_category":0,"footnotes":""},"class_list":["post-73","page","type-page","status-publish","hentry"],"_links":{"self":[{"href":"https:\/\/koton.de\/de\/wp-json\/wp\/v2\/pages\/73","targetHints":{"allow":["GET"]}}],"collection":[{"href":"https:\/\/koton.de\/de\/wp-json\/wp\/v2\/pages"}],"about":[{"href":"https:\/\/koton.de\/de\/wp-json\/wp\/v2\/types\/page"}],"author":[{"embeddable":true,"href":"https:\/\/koton.de\/de\/wp-json\/wp\/v2\/users\/1"}],"replies":[{"embeddable":true,"href":"https:\/\/koton.de\/de\/wp-json\/wp\/v2\/comments?post=73"}],"version-history":[{"count":3,"href":"https:\/\/koton.de\/de\/wp-json\/wp\/v2\/pages\/73\/revisions"}],"predecessor-version":[{"id":3151,"href":"https:\/\/koton.de\/de\/wp-json\/wp\/v2\/pages\/73\/revisions\/3151"}],"wp:attachment":[{"href":"https:\/\/koton.de\/de\/wp-json\/wp\/v2\/media?parent=73"}],"curies":[{"name":"wp","href":"https:\/\/api.w.org\/{rel}","templated":true}]}}