{"id":670,"date":"2014-06-13T12:22:40","date_gmt":"2014-06-13T10:22:40","guid":{"rendered":"http:\/\/koton.de\/de\/?page_id=670"},"modified":"2024-04-23T16:13:49","modified_gmt":"2024-04-23T14:13:49","slug":"artek","status":"publish","type":"page","link":"https:\/\/koton.de\/de\/artek\/","title":{"rendered":"Artek"},"content":{"rendered":"<p><strong>Der nordische M\u00f6belhersteller Artek wurde 1935 von lvar und Aino Aalto, Maire Gullichsen und Nils-Gustav Hahl gegr\u00fcndet und setzt sich aus den W\u00f6rtern \"art\" und \"technology\" zusammen. Gemeinsam revolutionierten die vier jungen Designer die M\u00f6belindustrie und trugen Aaltos innovativen Ansatz der Holzverarbeitung in die Welt. M\u00f6belentw\u00fcrfe wie der ikonische Stool 60, Armchair 41 \"Paimio\" oder der Teewagen 901 gelten heute als absolute Designklassiker. Zeitlose Ikonen von Artek finden Sie in unserer Ausstellung in M\u00fcnchen!<\/strong><\/p>\n<p>&nbsp;<\/p>\n<hr \/>\n<p>&nbsp;<\/p>\n<div class=\"recent-posts clearfix\"><div class=\"four columns\">\n<div class=\"item clearfix\">\n\n    \n            \n                <div class=\"image-post-slider\">\n                    <ul>\n                                                    <li><a data-fancybox-group=\"lightbox\" href=\"https:\/\/koton.de\/de\/neu-aalto-table-foldable-von-artek\/\" class=\"single-image link-icon\"><img loading=\"lazy\" decoding=\"async\" src=\"https:\/\/koton.de\/de\/wp-content\/uploads\/2024\/03\/Aalto-Table-foldable-Artek-Koton-Design-Muenchen-scaled-e1711024390208-580x360.jpeg\" width=\"580\" height=\"360\" alt=\"NEU: AALTO TABLE FOLDABLE VON ARTEK\" \/><\/a><\/li>\n                                                    <li><a data-fancybox-group=\"lightbox\" href=\"https:\/\/koton.de\/de\/neu-aalto-table-foldable-von-artek\/\" class=\"single-image link-icon\"><img loading=\"lazy\" decoding=\"async\" src=\"https:\/\/koton.de\/de\/wp-content\/uploads\/2024\/03\/Aalto-Table-foldable-Artek-Koton-Design-Muenchen_2-scaled-e1711024435248-580x360.jpeg\" width=\"580\" height=\"360\" alt=\"NEU: AALTO TABLE FOLDABLE VON ARTEK\" \/><\/a><\/li>\n                                                    <li><a data-fancybox-group=\"lightbox\" href=\"https:\/\/koton.de\/de\/neu-aalto-table-foldable-von-artek\/\" class=\"single-image link-icon\"><img loading=\"lazy\" decoding=\"async\" src=\"https:\/\/koton.de\/de\/wp-content\/uploads\/2024\/03\/Aalto-Table-foldable-Artek-Koton-Design-Muenchen_3-scaled-580x360.jpeg\" width=\"580\" height=\"360\" alt=\"NEU: AALTO TABLE FOLDABLE VON ARTEK\" \/><\/a><\/li>\n                                                    <li><a data-fancybox-group=\"lightbox\" href=\"https:\/\/koton.de\/de\/neu-aalto-table-foldable-von-artek\/\" class=\"single-image link-icon\"><img loading=\"lazy\" decoding=\"async\" src=\"https:\/\/koton.de\/de\/wp-content\/uploads\/2024\/03\/Aalto-Table-foldable-Artek-Koton-Design-Muenchen_1-scaled-e1711024411775-580x360.jpeg\" width=\"580\" height=\"360\" alt=\"NEU: AALTO TABLE FOLDABLE VON ARTEK\" \/><\/a><\/li>\n                                            <\/ul>\n                <\/div><!--\/ .image-post-slider-->\n\n                        \n    <div class=\"entry-meta\">\n\t\t\n\t\t<h5 class=\"title\"><a href=\"https:\/\/koton.de\/de\/neu-aalto-table-foldable-von-artek\/\">NEU: AALTO TABLE FOLDABLE VON ARTEK<\/a><\/h5>\n\t\t\n\t\t\t\t\n\t<\/div><!--\/ .entry-meta-->\n\n    <div class=\"entry-body\">\n\n        <p>\n            F\u00fcr kompaktes Wohnen in Ferienh\u00fctten und kleine Wohnungen entwarf der finnische Designer Alvar Aalto eine klappbare Version des ikonischen ...        <\/p>\n\t\t\n\t\t \n    <\/div><!--\/ .entry-body-->\n\n<\/div><!--\/ .item--><\/div><div class=\"four columns\">\n<div class=\"item clearfix\">\n\n    \n            \n                <div class=\"image-post-slider\">\n                    <ul>\n                                                    <li><a data-fancybox-group=\"lightbox\" href=\"https:\/\/koton.de\/de\/jubilaeum-bei-artek-90-jahre-stool-60\/\" class=\"single-image link-icon\"><img loading=\"lazy\" decoding=\"async\" src=\"http:\/\/koton.de\/de\/wp-content\/uploads\/2023\/05\/Artek-Stool-60-Kontrasti-580x360.jpeg\" width=\"580\" height=\"360\" alt=\"JUBIL\u00c4UM BEI ARTEK: 90 JAHRE STOOL 60\" \/><\/a><\/li>\n                                                    <li><a data-fancybox-group=\"lightbox\" href=\"https:\/\/koton.de\/de\/jubilaeum-bei-artek-90-jahre-stool-60\/\" class=\"single-image link-icon\"><img loading=\"lazy\" decoding=\"async\" src=\"http:\/\/koton.de\/de\/wp-content\/uploads\/2023\/05\/Artek-Stool-60-Kontrasti-3-580x360.jpg\" width=\"580\" height=\"360\" alt=\"JUBIL\u00c4UM BEI ARTEK: 90 JAHRE STOOL 60\" \/><\/a><\/li>\n                                                    <li><a data-fancybox-group=\"lightbox\" href=\"https:\/\/koton.de\/de\/jubilaeum-bei-artek-90-jahre-stool-60\/\" class=\"single-image link-icon\"><img loading=\"lazy\" decoding=\"async\" src=\"http:\/\/koton.de\/de\/wp-content\/uploads\/2023\/05\/Artek-Stool-60-Kontrasti-2-580x360.jpg\" width=\"580\" height=\"360\" alt=\"JUBIL\u00c4UM BEI ARTEK: 90 JAHRE STOOL 60\" \/><\/a><\/li>\n                                            <\/ul>\n                <\/div><!--\/ .image-post-slider-->\n\n                        \n    <div class=\"entry-meta\">\n\t\t\n\t\t<h5 class=\"title\"><a href=\"https:\/\/koton.de\/de\/jubilaeum-bei-artek-90-jahre-stool-60\/\">JUBIL\u00c4UM BEI ARTEK: 90 JAHRE STOOL 60<\/a><\/h5>\n\t\t\n\t\t\t\t\n\t<\/div><!--\/ .entry-meta-->\n\n    <div class=\"entry-body\">\n\n        <p>\n            Mit seinem ausgekl\u00fcgelten Konstruktionsverfahren des Stool 60 revolutionierte Alvar Aalto 1933 die M\u00f6belindustrie. W\u00e4hrend die meisten St ...        <\/p>\n\t\t\n\t\t \n    <\/div><!--\/ .entry-body-->\n\n<\/div><!--\/ .item--><\/div><div class=\"four columns\">\n<div class=\"item clearfix\">\n\n    \n            \n                <div class=\"image-post-slider\">\n                    <ul>\n                                                    <li><a data-fancybox-group=\"lightbox\" href=\"https:\/\/koton.de\/de\/kaari-kollektion\/\" class=\"single-image link-icon\"><img loading=\"lazy\" decoding=\"async\" src=\"http:\/\/koton.de\/de\/wp-content\/uploads\/2016\/02\/ERB_2015_artek_kaari_01_hdfs-580x360.png\" width=\"580\" height=\"360\" alt=\"Kaari Kollektion\" \/><\/a><\/li>\n                                                    <li><a data-fancybox-group=\"lightbox\" href=\"https:\/\/koton.de\/de\/kaari-kollektion\/\" class=\"single-image link-icon\"><img loading=\"lazy\" decoding=\"async\" src=\"http:\/\/koton.de\/de\/wp-content\/uploads\/2016\/02\/Kaari-580x360.png\" width=\"580\" height=\"360\" alt=\"Kaari Kollektion\" \/><\/a><\/li>\n                                            <\/ul>\n                <\/div><!--\/ .image-post-slider-->\n\n                        \n    <div class=\"entry-meta\">\n\t\t\n\t\t<h5 class=\"title\"><a href=\"https:\/\/koton.de\/de\/kaari-kollektion\/\">Kaari Kollektion<\/a><\/h5>\n\t\t\n\t\t\t\t\n\t<\/div><!--\/ .entry-meta-->\n\n    <div class=\"entry-body\">\n\n        <p>\n            Artek pr\u00e4sentiert die Kaari Collection, die erste Zusammenarbeit mit Ronan &amp; Erwan Bouroullec. Kaari \u2013 Finnisch f\u00fcr \u201cBogen\u201d \u2013  ...        <\/p>\n\t\t\n\t\t \n    <\/div><!--\/ .entry-body-->\n\n<\/div><!--\/ .item--><\/div><div class=\"four columns\">\n<div class=\"item clearfix\">\n\n    \n            \n                <div class=\"image-post-slider\">\n                    <ul>\n                                                    <li><a data-fancybox-group=\"lightbox\" href=\"https:\/\/koton.de\/de\/tea-trolley-901\/\" class=\"single-image link-icon\"><img loading=\"lazy\" decoding=\"async\" src=\"http:\/\/koton.de\/de\/wp-content\/uploads\/2014\/06\/Artek.Byredo2013.Patrik.Engstr\u00f6m.one_-580x360.jpg\" width=\"580\" height=\"360\" alt=\"Tea Trolley 901\" \/><\/a><\/li>\n                                                    <li><a data-fancybox-group=\"lightbox\" href=\"https:\/\/koton.de\/de\/tea-trolley-901\/\" class=\"single-image link-icon\"><img loading=\"lazy\" decoding=\"async\" src=\"http:\/\/koton.de\/de\/wp-content\/uploads\/2014\/06\/Artek.Byredo.2013.Patrik.Engstr\u00f6m.two_-580x360.jpg\" width=\"580\" height=\"360\" alt=\"Tea Trolley 901\" \/><\/a><\/li>\n                                            <\/ul>\n                <\/div><!--\/ .image-post-slider-->\n\n                        \n    <div class=\"entry-meta\">\n\t\t\n\t\t<h5 class=\"title\"><a href=\"https:\/\/koton.de\/de\/tea-trolley-901\/\">Tea Trolley 901<\/a><\/h5>\n\t\t\n\t\t\t\t\n\t<\/div><!--\/ .entry-meta-->\n\n    <div class=\"entry-body\">\n\n        <p>\n            Designer: Alvar Aalto\r\nYear: 1936\r\n\r\n&nbsp; ...        <\/p>\n\t\t\n\t\t \n    <\/div><!--\/ .entry-body-->\n\n<\/div><!--\/ .item--><\/div><\/div>\n<div class=\"recent-posts clearfix\"><div class=\"four columns\">\n<div class=\"item clearfix\">\n\n    \n            \n                <div class=\"image-post-slider\">\n                    <ul>\n                                                    <li><a data-fancybox-group=\"lightbox\" href=\"https:\/\/koton.de\/de\/classic-artek-a331-beehive-pendelleuchte\/\" class=\"single-image link-icon\"><img loading=\"lazy\" decoding=\"async\" src=\"https:\/\/koton.de\/de\/wp-content\/uploads\/2024\/02\/Artek_Pendelleuchte_A331_Beehive_Koton_Design_Muenchen-scaled-580x360.jpeg\" width=\"580\" height=\"360\" alt=\"CLASSIC: ARTEK A331 &#039;BEEHIVE&#039; PENDELLEUCHTE\" \/><\/a><\/li>\n                                                    <li><a data-fancybox-group=\"lightbox\" href=\"https:\/\/koton.de\/de\/classic-artek-a331-beehive-pendelleuchte\/\" class=\"single-image link-icon\"><img loading=\"lazy\" decoding=\"async\" src=\"https:\/\/koton.de\/de\/wp-content\/uploads\/2024\/02\/Artek_Pendelleuchte_A331_Beehive_Koton_Design_Muenchen_1-scaled-580x360.jpeg\" width=\"580\" height=\"360\" alt=\"CLASSIC: ARTEK A331 &#039;BEEHIVE&#039; PENDELLEUCHTE\" \/><\/a><\/li>\n                                                    <li><a data-fancybox-group=\"lightbox\" href=\"https:\/\/koton.de\/de\/classic-artek-a331-beehive-pendelleuchte\/\" class=\"single-image link-icon\"><img loading=\"lazy\" decoding=\"async\" src=\"https:\/\/koton.de\/de\/wp-content\/uploads\/2024\/02\/Artek_Pendelleuchte_A331_Beehive_Koton_Design_Muenchen_2-scaled-580x360.jpeg\" width=\"580\" height=\"360\" alt=\"CLASSIC: ARTEK A331 &#039;BEEHIVE&#039; PENDELLEUCHTE\" \/><\/a><\/li>\n                                            <\/ul>\n                <\/div><!--\/ .image-post-slider-->\n\n                        \n    <div class=\"entry-meta\">\n\t\t\n\t\t<h5 class=\"title\"><a href=\"https:\/\/koton.de\/de\/classic-artek-a331-beehive-pendelleuchte\/\">CLASSIC: ARTEK A331 &#039;BEEHIVE&#039; PENDELLEUCHTE<\/a><\/h5>\n\t\t\n\t\t\t\t\n\t<\/div><!--\/ .entry-meta-->\n\n    <div class=\"entry-body\">\n\n        <p>\n            Die Pendelleuchte A331 von Artek, die den Spitznamen 'Beehive' tr\u00e4gt, ist einer der beliebtesten Lampenentw\u00fcrfe des finnischen Designers A ...        <\/p>\n\t\t\n\t\t \n    <\/div><!--\/ .entry-body-->\n\n<\/div><!--\/ .item--><\/div><div class=\"four columns\">\n<div class=\"item clearfix\">\n\n    \n            \n                <div class=\"image-post-slider\">\n                    <ul>\n                                                    <li><a data-fancybox-group=\"lightbox\" href=\"https:\/\/koton.de\/de\/neu-artek-90d-beistelltisch\/\" class=\"single-image link-icon\"><img loading=\"lazy\" decoding=\"async\" src=\"https:\/\/koton.de\/de\/wp-content\/uploads\/2023\/12\/Artek_Tisch_90D_Aalto_Koton_Design_Muenchen-580x360.jpeg\" width=\"580\" height=\"360\" alt=\"CLASSIC: ARTEK 90D BEISTELLTISCH\" \/><\/a><\/li>\n                                                    <li><a data-fancybox-group=\"lightbox\" href=\"https:\/\/koton.de\/de\/neu-artek-90d-beistelltisch\/\" class=\"single-image link-icon\"><img loading=\"lazy\" decoding=\"async\" src=\"https:\/\/koton.de\/de\/wp-content\/uploads\/2023\/12\/Artek_Tisch_90D_Aalto_Koton_Design_Muenchen_-580x360.jpeg\" width=\"580\" height=\"360\" alt=\"CLASSIC: ARTEK 90D BEISTELLTISCH\" \/><\/a><\/li>\n                                                    <li><a data-fancybox-group=\"lightbox\" href=\"https:\/\/koton.de\/de\/neu-artek-90d-beistelltisch\/\" class=\"single-image link-icon\"><img loading=\"lazy\" decoding=\"async\" src=\"https:\/\/koton.de\/de\/wp-content\/uploads\/2023\/12\/Artek_Tisch_90D_Aalto_Koton_Design_Muenchen_1-580x360.jpeg\" width=\"580\" height=\"360\" alt=\"CLASSIC: ARTEK 90D BEISTELLTISCH\" \/><\/a><\/li>\n                                            <\/ul>\n                <\/div><!--\/ .image-post-slider-->\n\n                        \n    <div class=\"entry-meta\">\n\t\t\n\t\t<h5 class=\"title\"><a href=\"https:\/\/koton.de\/de\/neu-artek-90d-beistelltisch\/\">CLASSIC: ARTEK 90D BEISTELLTISCH<\/a><\/h5>\n\t\t\n\t\t\t\t\n\t<\/div><!--\/ .entry-meta-->\n\n    <div class=\"entry-body\">\n\n        <p>\n            Der finnische Architekt und Designer Alvar Aalto revolutionierte in den 1930ern die Konstruktion von Holzm\u00f6beln. Passend zum ikonischen Hoc ...        <\/p>\n\t\t\n\t\t \n    <\/div><!--\/ .entry-body-->\n\n<\/div><!--\/ .item--><\/div><div class=\"four columns\">\n<div class=\"item clearfix\">\n\n    \n            \n                <div class=\"image-post-slider\">\n                    <ul>\n                                                    <li><a data-fancybox-group=\"lightbox\" href=\"https:\/\/koton.de\/de\/koton-praesentiert-artek\/\" class=\"single-image link-icon\"><img loading=\"lazy\" decoding=\"async\" src=\"http:\/\/koton.de\/de\/wp-content\/uploads\/2014\/06\/Artek_Home_Interiors_2013_281-580x360.jpg\" width=\"580\" height=\"360\" alt=\"KOTON pr\u00e4sentiert: Artek\" \/><\/a><\/li>\n                                                    <li><a data-fancybox-group=\"lightbox\" href=\"https:\/\/koton.de\/de\/koton-praesentiert-artek\/\" class=\"single-image link-icon\"><img loading=\"lazy\" decoding=\"async\" src=\"http:\/\/koton.de\/de\/wp-content\/uploads\/2014\/06\/Artek.Byredo2013.Patrik.Engstr\u00f6m.one_-580x360.jpg\" width=\"580\" height=\"360\" alt=\"KOTON pr\u00e4sentiert: Artek\" \/><\/a><\/li>\n                                                    <li><a data-fancybox-group=\"lightbox\" href=\"https:\/\/koton.de\/de\/koton-praesentiert-artek\/\" class=\"single-image link-icon\"><img loading=\"lazy\" decoding=\"async\" src=\"http:\/\/koton.de\/de\/wp-content\/uploads\/2014\/06\/C_ARTEK_FOREVER9_design_Petri_Artturi_Asikainen1-580x360.jpg\" width=\"580\" height=\"360\" alt=\"KOTON pr\u00e4sentiert: Artek\" \/><\/a><\/li>\n                                                    <li><a data-fancybox-group=\"lightbox\" href=\"https:\/\/koton.de\/de\/koton-praesentiert-artek\/\" class=\"single-image link-icon\"><img loading=\"lazy\" decoding=\"async\" src=\"http:\/\/koton.de\/de\/wp-content\/uploads\/2014\/06\/Artek_armchair_41_white-580x360.jpg\" width=\"580\" height=\"360\" alt=\"KOTON pr\u00e4sentiert: Artek\" \/><\/a><\/li>\n                                            <\/ul>\n                <\/div><!--\/ .image-post-slider-->\n\n                        \n    <div class=\"entry-meta\">\n\t\t\n\t\t<h5 class=\"title\"><a href=\"https:\/\/koton.de\/de\/koton-praesentiert-artek\/\">KOTON pr\u00e4sentiert: Artek<\/a><\/h5>\n\t\t\n\t\t\t\t\n\t<\/div><!--\/ .entry-meta-->\n\n    <div class=\"entry-body\">\n\n        <p>\n            Ab sofort k\u00f6nnen Sie in unserem Showroom auch auf Produkte der Marke Artek treffen.\r\n\r\nArtek wurde 1935 von Alvar und Aino Aalto, Maire Gul ...        <\/p>\n\t\t\n\t\t \n    <\/div><!--\/ .entry-body-->\n\n<\/div><!--\/ .item--><\/div><\/div>\n<p>&nbsp;<\/p>\n<hr \/>\n<p>&nbsp;<\/p>\n<div class=\"tnp tnp-subscription-minimal  \"><form action=\"https:\/\/koton.de\/de\/wp-admin\/admin-ajax.php?action=tnp&amp;na=s\" method=\"post\" style=\"text-align: center\"><input type=\"hidden\" name=\"nr\" value=\"minimal\">\n<input type=\"hidden\" name=\"nlang\" value=\"\">\n<input class=\"tnp-email\" type=\"email\" required name=\"ne\" value=\"\" placeholder=\"E-Mail-Adresse\"><input class=\"tnp-submit\" type=\"submit\" value=\"Abonnieren\" style=\"\">\n<\/form><\/div>\n\n<p>&nbsp;<\/p>\n<p>&nbsp;<\/p>\n","protected":false},"excerpt":{"rendered":"<p>Der nordische M\u00f6belhersteller Artek wurde 1935 von lvar und Aino Aalto, Maire Gullichsen und Nils-Gustav Hahl gegr\u00fcndet und setzt sich aus den W\u00f6rtern &#8222;art&#8220; und &#8222;technology&#8220; zusammen. Gemeinsam revolutionierten die vier jungen Designer die M\u00f6belindustrie und trugen Aaltos innovativen Ansatz der Holzverarbeitung in die Welt. M\u00f6belentw\u00fcrfe wie der ikonische Stool 60, Armchair 41 &#8222;Paimio&#8220; oder [&hellip;]<\/p>\n","protected":false},"author":2,"featured_media":0,"parent":0,"menu_order":0,"comment_status":"closed","ping_status":"closed","template":"","meta":{"_exactmetrics_skip_tracking":false,"_exactmetrics_sitenote_active":false,"_exactmetrics_sitenote_note":"","_exactmetrics_sitenote_category":0,"footnotes":""},"class_list":["post-670","page","type-page","status-publish","hentry"],"_links":{"self":[{"href":"https:\/\/koton.de\/de\/wp-json\/wp\/v2\/pages\/670","targetHints":{"allow":["GET"]}}],"collection":[{"href":"https:\/\/koton.de\/de\/wp-json\/wp\/v2\/pages"}],"about":[{"href":"https:\/\/koton.de\/de\/wp-json\/wp\/v2\/types\/page"}],"author":[{"embeddable":true,"href":"https:\/\/koton.de\/de\/wp-json\/wp\/v2\/users\/2"}],"replies":[{"embeddable":true,"href":"https:\/\/koton.de\/de\/wp-json\/wp\/v2\/comments?post=670"}],"version-history":[{"count":3,"href":"https:\/\/koton.de\/de\/wp-json\/wp\/v2\/pages\/670\/revisions"}],"predecessor-version":[{"id":3145,"href":"https:\/\/koton.de\/de\/wp-json\/wp\/v2\/pages\/670\/revisions\/3145"}],"wp:attachment":[{"href":"https:\/\/koton.de\/de\/wp-json\/wp\/v2\/media?parent=670"}],"curies":[{"name":"wp","href":"https:\/\/api.w.org\/{rel}","templated":true}]}}