{"id":3874,"date":"2025-12-17T17:16:47","date_gmt":"2025-12-17T15:16:47","guid":{"rendered":"https:\/\/koton.de\/de\/?page_id=3874"},"modified":"2025-12-17T17:34:07","modified_gmt":"2025-12-17T15:34:07","slug":"tola-dolza","status":"publish","type":"page","link":"https:\/\/koton.de\/de\/marken\/tola-dolza\/","title":{"rendered":"Tola Dolza"},"content":{"rendered":"<p><strong>Tola Dolza bedeutet \"Nimm es leicht!\" im Dialekt rund um die italienische Stadt Modena. Diese altbekannte Lebensweisheit nimmt sich die junge M\u00f6belmarke aus Deutschland im Design- und Entwicklungsprozess zu Herzen und \u00fcbersetzt sie ins Moderne, was sich auch im Deb\u00fct von Tola Dolza widerspiegelt. Gemeinsam mit dem M\u00fcnchner Designer Steffen Kehrle entstand der Beistelltisch \"Ambito\", der modernen Minimalismus und alte Handwerkskunst verbindet. Durch eine raffinierte Falttechnik wird Stahlblech im Ganzen verarbeitet und kann anschlie\u00dfend mit Naturmaterialien wie Linoleum, Furnier oder Marmor als Ablagefl\u00e4che erweitert werden.<\/strong><\/p>\n<p>&nbsp;<\/p>\n<hr \/>\n<p>&nbsp;<\/p>\n<div class=\"recent-posts clearfix\"><div class=\"four columns\">\n<div class=\"item clearfix\">\n\n    \n            \n                <div class=\"image-post-slider\">\n                    <ul>\n                                                    <li><a data-fancybox-group=\"lightbox\" href=\"https:\/\/koton.de\/de\/neu-beistelltisch-ambito-von-tola-dolza\/\" class=\"single-image link-icon\"><img loading=\"lazy\" decoding=\"async\" src=\"https:\/\/koton.de\/de\/wp-content\/uploads\/2025\/12\/Tola_Dolza_Ambito_Beistelltisch_Koton_Muenchen-scaled-580x360.jpeg\" width=\"580\" height=\"360\" alt=\"NEU: Beistelltisch Ambito von Tola Dolza\" \/><\/a><\/li>\n                                                    <li><a data-fancybox-group=\"lightbox\" href=\"https:\/\/koton.de\/de\/neu-beistelltisch-ambito-von-tola-dolza\/\" class=\"single-image link-icon\"><img loading=\"lazy\" decoding=\"async\" src=\"https:\/\/koton.de\/de\/wp-content\/uploads\/2025\/12\/Tola_Dolza_Ambito_Beistelltisch_Koton_Muenchen_3-scaled-e1765980896785-580x360.jpg\" width=\"580\" height=\"360\" alt=\"NEU: Beistelltisch Ambito von Tola Dolza\" \/><\/a><\/li>\n                                                    <li><a data-fancybox-group=\"lightbox\" href=\"https:\/\/koton.de\/de\/neu-beistelltisch-ambito-von-tola-dolza\/\" class=\"single-image link-icon\"><img loading=\"lazy\" decoding=\"async\" src=\"https:\/\/koton.de\/de\/wp-content\/uploads\/2025\/12\/Tola_Dolza_Ambito_Beistelltisch_Koton_Muenchen_2-scaled-e1765981163178-580x360.jpg\" width=\"580\" height=\"360\" alt=\"NEU: Beistelltisch Ambito von Tola Dolza\" \/><\/a><\/li>\n                                                    <li><a data-fancybox-group=\"lightbox\" href=\"https:\/\/koton.de\/de\/neu-beistelltisch-ambito-von-tola-dolza\/\" class=\"single-image link-icon\"><img loading=\"lazy\" decoding=\"async\" src=\"https:\/\/koton.de\/de\/wp-content\/uploads\/2025\/12\/Tola_Dolza_Ambito_Beistelltisch_Koton_Muenchen-scaled-e1765980960365-580x360.jpg\" width=\"580\" height=\"360\" alt=\"NEU: Beistelltisch Ambito von Tola Dolza\" \/><\/a><\/li>\n                                            <\/ul>\n                <\/div><!--\/ .image-post-slider-->\n\n                        \n    <div class=\"entry-meta\">\n\t\t\n\t\t<h5 class=\"title\"><a href=\"https:\/\/koton.de\/de\/neu-beistelltisch-ambito-von-tola-dolza\/\">NEU: Beistelltisch Ambito von Tola Dolza<\/a><\/h5>\n\t\t\n\t\t\t\t\n\t<\/div><!--\/ .entry-meta-->\n\n    <div class=\"entry-body\">\n\n        <p>\n            Tola Dolza bedeutet \"Nimm es leicht!\" im Dialekt rund um die italienische Stadt Modena. Diese altbekannte Lebensweisheit nimmt sich die jung ...        <\/p>\n\t\t\n\t\t \n    <\/div><!--\/ .entry-body-->\n\n<\/div><!--\/ .item--><\/div><\/div>\n<p>&nbsp;<\/p>\n<hr \/>\n<p>&nbsp;<\/p>\n<div class=\"tnp tnp-subscription-minimal  \"><form action=\"https:\/\/koton.de\/de\/wp-admin\/admin-ajax.php?action=tnp&amp;na=s\" method=\"post\" style=\"text-align: center\"><input type=\"hidden\" name=\"nr\" value=\"minimal\">\n<input type=\"hidden\" name=\"nlang\" value=\"\">\n<input class=\"tnp-email\" type=\"email\" required name=\"ne\" value=\"\" placeholder=\"E-Mail-Adresse\"><input class=\"tnp-submit\" type=\"submit\" value=\"Abonnieren\" style=\"\">\n<\/form><\/div>\n\n","protected":false},"excerpt":{"rendered":"<p>Tola Dolza bedeutet &#8222;Nimm es leicht!&#8220; im Dialekt rund um die italienische Stadt Modena. Diese altbekannte Lebensweisheit nimmt sich die junge M\u00f6belmarke aus Deutschland im Design- und Entwicklungsprozess zu Herzen und \u00fcbersetzt sie ins Moderne, was sich auch im Deb\u00fct von Tola Dolza widerspiegelt. Gemeinsam mit dem M\u00fcnchner Designer Steffen Kehrle entstand der Beistelltisch &#8222;Ambito&#8220;, [&hellip;]<\/p>\n","protected":false},"author":1,"featured_media":0,"parent":94,"menu_order":0,"comment_status":"closed","ping_status":"closed","template":"","meta":{"_exactmetrics_skip_tracking":false,"_exactmetrics_sitenote_active":false,"_exactmetrics_sitenote_note":"","_exactmetrics_sitenote_category":0,"footnotes":""},"class_list":["post-3874","page","type-page","status-publish","hentry"],"_links":{"self":[{"href":"https:\/\/koton.de\/de\/wp-json\/wp\/v2\/pages\/3874","targetHints":{"allow":["GET"]}}],"collection":[{"href":"https:\/\/koton.de\/de\/wp-json\/wp\/v2\/pages"}],"about":[{"href":"https:\/\/koton.de\/de\/wp-json\/wp\/v2\/types\/page"}],"author":[{"embeddable":true,"href":"https:\/\/koton.de\/de\/wp-json\/wp\/v2\/users\/1"}],"replies":[{"embeddable":true,"href":"https:\/\/koton.de\/de\/wp-json\/wp\/v2\/comments?post=3874"}],"version-history":[{"count":4,"href":"https:\/\/koton.de\/de\/wp-json\/wp\/v2\/pages\/3874\/revisions"}],"predecessor-version":[{"id":3887,"href":"https:\/\/koton.de\/de\/wp-json\/wp\/v2\/pages\/3874\/revisions\/3887"}],"up":[{"embeddable":true,"href":"https:\/\/koton.de\/de\/wp-json\/wp\/v2\/pages\/94"}],"wp:attachment":[{"href":"https:\/\/koton.de\/de\/wp-json\/wp\/v2\/media?parent=3874"}],"curies":[{"name":"wp","href":"https:\/\/api.w.org\/{rel}","templated":true}]}}