{"id":2961,"date":"2024-03-05T12:56:47","date_gmt":"2024-03-05T10:56:47","guid":{"rendered":"https:\/\/koton.de\/de\/?page_id=2961"},"modified":"2024-04-23T16:56:50","modified_gmt":"2024-04-23T14:56:50","slug":"roethlisberger","status":"publish","type":"page","link":"https:\/\/koton.de\/de\/roethlisberger\/","title":{"rendered":"R\u00f6thlisberger"},"content":{"rendered":"<p><strong>Der Schweizer M\u00f6belhersteller R\u00f6thlisberger wurde 1928 urspr\u00fcnglich als Schreinerei gegr\u00fcndet und entwickelte sich in den 70er Jahren zur renommierten Designfirma. Die 1. Edition der R\u00f6thlisberger Kollektion bestand aus 31 Einzelm\u00f6beln und wurde unter anderem von Susi und Ueli Berger, Hans Eichenberger und Teo Jakob entworfen. Ein paar Jahr sp\u00e4ter entwickelte das Designer-Duo Berger den ikonischen Schubladenstapel aus Palisander oder Red Gum (Eukalyptus), dessen extravagante Machhart in unsrer Ausstellung in M\u00fcnchen zu bestaunen ist.<\/strong><\/p>\n<p>&nbsp;<\/p>\n<hr \/>\n<p>&nbsp;<\/p>\n<div class=\"recent-posts clearfix\"><div class=\"four columns\">\n<div class=\"item clearfix\">\n\n    \n            \n                <div class=\"image-post-slider\">\n                    <ul>\n                                                    <li><a data-fancybox-group=\"lightbox\" href=\"https:\/\/koton.de\/de\/neu-bei-koton-schubladenstapel-von-roethlisberger\/\" class=\"single-image link-icon\"><img loading=\"lazy\" decoding=\"async\" src=\"https:\/\/koton.de\/de\/wp-content\/uploads\/2024\/03\/Roethlisberger_Schubladenstapel_Kommode_Koton_Design_Muenchen_1-scaled-580x360.jpg\" width=\"580\" height=\"360\" alt=\"NEU BEI KOTON: SCHUBLADENSTAPEL VON R\u00d6THLISBERGER\" \/><\/a><\/li>\n                                                    <li><a data-fancybox-group=\"lightbox\" href=\"https:\/\/koton.de\/de\/neu-bei-koton-schubladenstapel-von-roethlisberger\/\" class=\"single-image link-icon\"><img loading=\"lazy\" decoding=\"async\" src=\"https:\/\/koton.de\/de\/wp-content\/uploads\/2024\/03\/Roethlisberger_Schubladenstapel_Schrank_Koton_Design_Muenchen-580x360.jpg\" width=\"580\" height=\"360\" alt=\"NEU BEI KOTON: SCHUBLADENSTAPEL VON R\u00d6THLISBERGER\" \/><\/a><\/li>\n                                                    <li><a data-fancybox-group=\"lightbox\" href=\"https:\/\/koton.de\/de\/neu-bei-koton-schubladenstapel-von-roethlisberger\/\" class=\"single-image link-icon\"><img loading=\"lazy\" decoding=\"async\" src=\"https:\/\/koton.de\/de\/wp-content\/uploads\/2024\/03\/Roethlisberger_Schubladenstapel_Kommode_Koton_Design_Muenchen-scaled-580x360.jpg\" width=\"580\" height=\"360\" alt=\"NEU BEI KOTON: SCHUBLADENSTAPEL VON R\u00d6THLISBERGER\" \/><\/a><\/li>\n                                                    <li><a data-fancybox-group=\"lightbox\" href=\"https:\/\/koton.de\/de\/neu-bei-koton-schubladenstapel-von-roethlisberger\/\" class=\"single-image link-icon\"><img loading=\"lazy\" decoding=\"async\" src=\"https:\/\/koton.de\/de\/wp-content\/uploads\/2024\/03\/Roethlisberger_Schubladenstapel_Kommode_Koton_Design_Muenchen_2-580x360.jpg\" width=\"580\" height=\"360\" alt=\"NEU BEI KOTON: SCHUBLADENSTAPEL VON R\u00d6THLISBERGER\" \/><\/a><\/li>\n                                            <\/ul>\n                <\/div><!--\/ .image-post-slider-->\n\n                        \n    <div class=\"entry-meta\">\n\t\t\n\t\t<h5 class=\"title\"><a href=\"https:\/\/koton.de\/de\/neu-bei-koton-schubladenstapel-von-roethlisberger\/\">NEU BEI KOTON: SCHUBLADENSTAPEL VON R\u00d6THLISBERGER<\/a><\/h5>\n\t\t\n\t\t\t\t\n\t<\/div><!--\/ .entry-meta-->\n\n    <div class=\"entry-body\">\n\n        <p>\n            Inspiriert von gestapelten Reisekoffern aus einer Zeit, in der Reisen noch deutlich exklusiver war als heute, entwarfen die Schweizer Design ...        <\/p>\n\t\t\n\t\t \n    <\/div><!--\/ .entry-body-->\n\n<\/div><!--\/ .item--><\/div><\/div>\n<p>&nbsp;<\/p>\n<hr \/>\n<p>&nbsp;<\/p>\n<div class=\"tnp tnp-subscription-minimal  \"><form action=\"https:\/\/koton.de\/de\/wp-admin\/admin-ajax.php?action=tnp&amp;na=s\" method=\"post\" style=\"text-align: center\"><input type=\"hidden\" name=\"nr\" value=\"minimal\">\n<input type=\"hidden\" name=\"nlang\" value=\"\">\n<input class=\"tnp-email\" type=\"email\" required name=\"ne\" value=\"\" placeholder=\"E-Mail-Adresse\"><input class=\"tnp-submit\" type=\"submit\" value=\"Abonnieren\" style=\"\">\n<\/form><\/div>\n\n","protected":false},"excerpt":{"rendered":"<p>Der Schweizer M\u00f6belhersteller R\u00f6thlisberger wurde 1928 urspr\u00fcnglich als Schreinerei gegr\u00fcndet und entwickelte sich in den 70er Jahren zur renommierten Designfirma. Die 1. Edition der R\u00f6thlisberger Kollektion bestand aus 31 Einzelm\u00f6beln und wurde unter anderem von Susi und Ueli Berger, Hans Eichenberger und Teo Jakob entworfen. Ein paar Jahr sp\u00e4ter entwickelte das Designer-Duo Berger den ikonischen [&hellip;]<\/p>\n","protected":false},"author":1,"featured_media":0,"parent":0,"menu_order":0,"comment_status":"closed","ping_status":"closed","template":"","meta":{"_exactmetrics_skip_tracking":false,"_exactmetrics_sitenote_active":false,"_exactmetrics_sitenote_note":"","_exactmetrics_sitenote_category":0,"footnotes":""},"class_list":["post-2961","page","type-page","status-publish","hentry"],"_links":{"self":[{"href":"https:\/\/koton.de\/de\/wp-json\/wp\/v2\/pages\/2961","targetHints":{"allow":["GET"]}}],"collection":[{"href":"https:\/\/koton.de\/de\/wp-json\/wp\/v2\/pages"}],"about":[{"href":"https:\/\/koton.de\/de\/wp-json\/wp\/v2\/types\/page"}],"author":[{"embeddable":true,"href":"https:\/\/koton.de\/de\/wp-json\/wp\/v2\/users\/1"}],"replies":[{"embeddable":true,"href":"https:\/\/koton.de\/de\/wp-json\/wp\/v2\/comments?post=2961"}],"version-history":[{"count":8,"href":"https:\/\/koton.de\/de\/wp-json\/wp\/v2\/pages\/2961\/revisions"}],"predecessor-version":[{"id":3149,"href":"https:\/\/koton.de\/de\/wp-json\/wp\/v2\/pages\/2961\/revisions\/3149"}],"wp:attachment":[{"href":"https:\/\/koton.de\/de\/wp-json\/wp\/v2\/media?parent=2961"}],"curies":[{"name":"wp","href":"https:\/\/api.w.org\/{rel}","templated":true}]}}