{"id":2241,"date":"2023-08-09T14:22:30","date_gmt":"2023-08-09T12:22:30","guid":{"rendered":"https:\/\/koton.de\/de\/?page_id=2241"},"modified":"2024-04-18T12:19:54","modified_gmt":"2024-04-18T10:19:54","slug":"herman-miller","status":"publish","type":"page","link":"https:\/\/koton.de\/de\/herman-miller\/","title":{"rendered":"Herman Miller"},"content":{"rendered":"<p><strong>Herman Miller z\u00e4hlt zu den innovativsten Entwicklern f\u00fcr B\u00fcroeinrichtung. Ergonomische Drehst\u00fchle wie Aeron, Cosm und Emobdy setzen neue Ma\u00dfst\u00e4be f\u00fcr Funktionalit\u00e4t und Flexibilit\u00e4t und d\u00fcrfen heute in keinem Office fehlen. Neben verstellbaren B\u00fcrost\u00fchlen aus Mesh und recyceltem Plastik ist der US-amerikanische M\u00f6belhersteller vor allem f\u00fcr die Bubble Lamp, zeitlose Pendelleuchten in verschiedenen Formen, Farben und Gr\u00f6\u00dfen von Designer George Nelson bekannt, die in Europa von Hay vertrieben werden.<\/strong><\/p>\n<p>&nbsp;<\/p>\n<hr \/>\n<p>&nbsp;<\/p>\n<div class=\"recent-posts clearfix\"><div class=\"four columns\">\n<div class=\"item clearfix\">\n\n    \n            \n                <div class=\"image-post-slider\">\n                    <ul>\n                                                    <li><a data-fancybox-group=\"lightbox\" href=\"https:\/\/koton.de\/de\/neu-george-nelson-bubble-lamp-von-herman-miller\/\" class=\"single-image link-icon\"><img loading=\"lazy\" decoding=\"async\" src=\"https:\/\/koton.de\/de\/wp-content\/uploads\/2023\/09\/Herman-Miller_George_Nelson_Bubblelamp_Haengeleuchte_Koton_Muenchen-580x360.jpeg\" width=\"580\" height=\"360\" alt=\"CLASSIC: GEORGE NELSON BUBBLE LAMP VON HERMAN MILLER\" \/><\/a><\/li>\n                                                    <li><a data-fancybox-group=\"lightbox\" href=\"https:\/\/koton.de\/de\/neu-george-nelson-bubble-lamp-von-herman-miller\/\" class=\"single-image link-icon\"><img loading=\"lazy\" decoding=\"async\" src=\"https:\/\/koton.de\/de\/wp-content\/uploads\/2023\/09\/Herman-Miller_George_Nelson_Bubblelamp_Pendellampe_Koton_Muenchen-580x360.jpeg\" width=\"580\" height=\"360\" alt=\"CLASSIC: GEORGE NELSON BUBBLE LAMP VON HERMAN MILLER\" \/><\/a><\/li>\n                                                    <li><a data-fancybox-group=\"lightbox\" href=\"https:\/\/koton.de\/de\/neu-george-nelson-bubble-lamp-von-herman-miller\/\" class=\"single-image link-icon\"><img loading=\"lazy\" decoding=\"async\" src=\"https:\/\/koton.de\/de\/wp-content\/uploads\/2023\/09\/Herman-Miller_George_Nelson_Bubblelamp_Deckenlampe_Koton_Muenchen-580x360.jpeg\" width=\"580\" height=\"360\" alt=\"CLASSIC: GEORGE NELSON BUBBLE LAMP VON HERMAN MILLER\" \/><\/a><\/li>\n                                                    <li><a data-fancybox-group=\"lightbox\" href=\"https:\/\/koton.de\/de\/neu-george-nelson-bubble-lamp-von-herman-miller\/\" class=\"single-image link-icon\"><img loading=\"lazy\" decoding=\"async\" src=\"https:\/\/koton.de\/de\/wp-content\/uploads\/2023\/09\/Herman-Miller_George_Nelson_Bubblelamp_Deckenleuchte_Koton_Muenchen-580x360.jpeg\" width=\"580\" height=\"360\" alt=\"CLASSIC: GEORGE NELSON BUBBLE LAMP VON HERMAN MILLER\" \/><\/a><\/li>\n                                                    <li><a data-fancybox-group=\"lightbox\" href=\"https:\/\/koton.de\/de\/neu-george-nelson-bubble-lamp-von-herman-miller\/\" class=\"single-image link-icon\"><img loading=\"lazy\" decoding=\"async\" src=\"https:\/\/koton.de\/de\/wp-content\/uploads\/2023\/09\/Herman-Miller_George_Nelson_Bubblelamp_Haengelampe_Koton_Muenchen-580x360.jpeg\" width=\"580\" height=\"360\" alt=\"CLASSIC: GEORGE NELSON BUBBLE LAMP VON HERMAN MILLER\" \/><\/a><\/li>\n                                            <\/ul>\n                <\/div><!--\/ .image-post-slider-->\n\n                        \n    <div class=\"entry-meta\">\n\t\t\n\t\t<h5 class=\"title\"><a href=\"https:\/\/koton.de\/de\/neu-george-nelson-bubble-lamp-von-herman-miller\/\">CLASSIC: GEORGE NELSON BUBBLE LAMP VON HERMAN MILLER<\/a><\/h5>\n\t\t\n\t\t\t\t\n\t<\/div><!--\/ .entry-meta-->\n\n    <div class=\"entry-body\">\n\n        <p>\n            Als Inspiration f\u00fcr die Bubble-Lampenreihe von George Nelson f\u00fcr Herman Miller dienten seidenstoffbespannte schwedische H\u00e4ngeleuchten. Je ...        <\/p>\n\t\t\n\t\t \n    <\/div><!--\/ .entry-body-->\n\n<\/div><!--\/ .item--><\/div><div class=\"four columns\">\n<div class=\"item clearfix\">\n\n    \n            \n                <div class=\"image-post-slider\">\n                    <ul>\n                                                    <li><a data-fancybox-group=\"lightbox\" href=\"https:\/\/koton.de\/de\/neu-aeron-buerostuhl-von-herman-miller\/\" class=\"single-image link-icon\"><img loading=\"lazy\" decoding=\"async\" src=\"https:\/\/koton.de\/de\/wp-content\/uploads\/2023\/08\/herman_miller_aeron_chair_buerostuhl_koton_muenchen-scaled-580x360.jpeg\" width=\"580\" height=\"360\" alt=\"CLASSIC: AERON B\u00dcROSTUHL VON HERMAN MILLER\" \/><\/a><\/li>\n                                                    <li><a data-fancybox-group=\"lightbox\" href=\"https:\/\/koton.de\/de\/neu-aeron-buerostuhl-von-herman-miller\/\" class=\"single-image link-icon\"><img loading=\"lazy\" decoding=\"async\" src=\"https:\/\/koton.de\/de\/wp-content\/uploads\/2023\/08\/herman_miller_aeron_chair_buerostuhl_koton_muenchen_2-scaled-580x360.jpeg\" width=\"580\" height=\"360\" alt=\"CLASSIC: AERON B\u00dcROSTUHL VON HERMAN MILLER\" \/><\/a><\/li>\n                                                    <li><a data-fancybox-group=\"lightbox\" href=\"https:\/\/koton.de\/de\/neu-aeron-buerostuhl-von-herman-miller\/\" class=\"single-image link-icon\"><img loading=\"lazy\" decoding=\"async\" src=\"https:\/\/koton.de\/de\/wp-content\/uploads\/2023\/08\/herman_miller_aeron_chair_buerostuhl_koton_muenchen_3-scaled-580x360.jpeg\" width=\"580\" height=\"360\" alt=\"CLASSIC: AERON B\u00dcROSTUHL VON HERMAN MILLER\" \/><\/a><\/li>\n                                            <\/ul>\n                <\/div><!--\/ .image-post-slider-->\n\n                        \n    <div class=\"entry-meta\">\n\t\t\n\t\t<h5 class=\"title\"><a href=\"https:\/\/koton.de\/de\/neu-aeron-buerostuhl-von-herman-miller\/\">CLASSIC: AERON B\u00dcROSTUHL VON HERMAN MILLER<\/a><\/h5>\n\t\t\n\t\t\t\t\n\t<\/div><!--\/ .entry-meta-->\n\n    <div class=\"entry-body\">\n\n        <p>\n            Mit dem Aeron Chair von Herman Miller setzten die beiden Designer Bill Stumpf und Don Chadwick neue Ma\u00dfst\u00e4be f\u00fcr ergonomische B\u00fcrost\u00fchl ...        <\/p>\n\t\t\n\t\t \n    <\/div><!--\/ .entry-body-->\n\n<\/div><!--\/ .item--><\/div><\/div>\n<p>&nbsp;<\/p>\n<hr \/>\n<p>&nbsp;<\/p>\n<div class=\"tnp tnp-subscription-minimal  \"><form action=\"https:\/\/koton.de\/de\/wp-admin\/admin-ajax.php?action=tnp&amp;na=s\" method=\"post\" style=\"text-align: center\"><input type=\"hidden\" name=\"nr\" value=\"minimal\">\n<input type=\"hidden\" name=\"nlang\" value=\"\">\n<input class=\"tnp-email\" type=\"email\" required name=\"ne\" value=\"\" placeholder=\"E-Mail-Adresse\"><input class=\"tnp-submit\" type=\"submit\" value=\"Abonnieren\" style=\"\">\n<\/form><\/div>\n\n","protected":false},"excerpt":{"rendered":"<p>Herman Miller z\u00e4hlt zu den innovativsten Entwicklern f\u00fcr B\u00fcroeinrichtung. Ergonomische Drehst\u00fchle wie Aeron, Cosm und Emobdy setzen neue Ma\u00dfst\u00e4be f\u00fcr Funktionalit\u00e4t und Flexibilit\u00e4t und d\u00fcrfen heute in keinem Office fehlen. Neben verstellbaren B\u00fcrost\u00fchlen aus Mesh und recyceltem Plastik ist der US-amerikanische M\u00f6belhersteller vor allem f\u00fcr die Bubble Lamp, zeitlose Pendelleuchten in verschiedenen Formen, Farben und [&hellip;]<\/p>\n","protected":false},"author":1,"featured_media":0,"parent":0,"menu_order":0,"comment_status":"closed","ping_status":"closed","template":"","meta":{"_exactmetrics_skip_tracking":false,"_exactmetrics_sitenote_active":false,"_exactmetrics_sitenote_note":"","_exactmetrics_sitenote_category":0,"footnotes":""},"class_list":["post-2241","page","type-page","status-publish","hentry"],"_links":{"self":[{"href":"https:\/\/koton.de\/de\/wp-json\/wp\/v2\/pages\/2241","targetHints":{"allow":["GET"]}}],"collection":[{"href":"https:\/\/koton.de\/de\/wp-json\/wp\/v2\/pages"}],"about":[{"href":"https:\/\/koton.de\/de\/wp-json\/wp\/v2\/types\/page"}],"author":[{"embeddable":true,"href":"https:\/\/koton.de\/de\/wp-json\/wp\/v2\/users\/1"}],"replies":[{"embeddable":true,"href":"https:\/\/koton.de\/de\/wp-json\/wp\/v2\/comments?post=2241"}],"version-history":[{"count":6,"href":"https:\/\/koton.de\/de\/wp-json\/wp\/v2\/pages\/2241\/revisions"}],"predecessor-version":[{"id":3129,"href":"https:\/\/koton.de\/de\/wp-json\/wp\/v2\/pages\/2241\/revisions\/3129"}],"wp:attachment":[{"href":"https:\/\/koton.de\/de\/wp-json\/wp\/v2\/media?parent=2241"}],"curies":[{"name":"wp","href":"https:\/\/api.w.org\/{rel}","templated":true}]}}