{"id":2164,"date":"2023-07-05T16:46:17","date_gmt":"2023-07-05T14:46:17","guid":{"rendered":"https:\/\/koton.de\/de\/?page_id=2164"},"modified":"2024-04-23T14:57:27","modified_gmt":"2024-04-23T12:57:27","slug":"richard-lampert","status":"publish","type":"page","link":"https:\/\/koton.de\/de\/richard-lampert\/","title":{"rendered":"Richard Lampert"},"content":{"rendered":"<p><strong>Seit \u00fcber 30 Jahren verkn\u00fcpft Richard Lampert industrielle Fertigung mit handwerklicher Qualit\u00e4t. Sowohl im Wohn- und B\u00fcrobereich als auch im Outdoor-Segment \u00fcberzeugt der deutsche M\u00f6belhersteller durch zeitlose Entw\u00fcrfe und einen nachhaltigen Ansatz. Die Prduktpalette um moderne Designklassiker wie den Eiermann-Schreibtisch E1 und E2 von Egon Eiermann oder das Regalsystem DHS10 von Herbert Hirche wird konstant durch zeitgen\u00f6ssische Designs erweitert. In unserer Ausstellung in M\u00fcnchen finden Sie einen ausgew\u00e4hlten Mix aus beidem!<\/strong><\/p>\n<p>&nbsp;<\/p>\n<hr \/>\n<p>&nbsp;<\/p>\n<div class=\"recent-posts clearfix\"><div class=\"four columns\">\n<div class=\"item clearfix\">\n\n    \n            \n                <div class=\"image-post-slider\">\n                    <ul>\n                                                    <li><a data-fancybox-group=\"lightbox\" href=\"https:\/\/koton.de\/de\/neue-farben-eiermann-1-von-richard-lampert\/\" class=\"single-image link-icon\"><img loading=\"lazy\" decoding=\"async\" src=\"https:\/\/koton.de\/de\/wp-content\/uploads\/2024\/07\/Richard_Lampert_Eiermann_Tisch_Neue_Farben_Orange_Muenchen-580x360.jpeg\" width=\"580\" height=\"360\" alt=\"NEUE FARBEN: EIERMANN 1 VON RICHARD LAMPERT\" \/><\/a><\/li>\n                                                    <li><a data-fancybox-group=\"lightbox\" href=\"https:\/\/koton.de\/de\/neue-farben-eiermann-1-von-richard-lampert\/\" class=\"single-image link-icon\"><img loading=\"lazy\" decoding=\"async\" src=\"https:\/\/koton.de\/de\/wp-content\/uploads\/2024\/07\/Richard_Lampert_Eiermann_Tisch_Neue_Farben_Gruen_Muenchen-580x360.jpeg\" width=\"580\" height=\"360\" alt=\"NEUE FARBEN: EIERMANN 1 VON RICHARD LAMPERT\" \/><\/a><\/li>\n                                            <\/ul>\n                <\/div><!--\/ .image-post-slider-->\n\n                        \n    <div class=\"entry-meta\">\n\t\t\n\t\t<h5 class=\"title\"><a href=\"https:\/\/koton.de\/de\/neue-farben-eiermann-1-von-richard-lampert\/\">NEUE FARBEN: EIERMANN 1 VON RICHARD LAMPERT<\/a><\/h5>\n\t\t\n\t\t\t\t\n\t<\/div><!--\/ .entry-meta-->\n\n    <div class=\"entry-body\">\n\n        <p>\n            Mit dem E1 Schreibtisch entwarf 1953 Egon Eiermann eine absolute Ikone der deutschen Designgeschichte. Seit 1990 vom M\u00f6belhersteller Richar ...        <\/p>\n\t\t\n\t\t \n    <\/div><!--\/ .entry-body-->\n\n<\/div><!--\/ .item--><\/div><div class=\"four columns\">\n<div class=\"item clearfix\">\n\n    \n            \n                <div class=\"image-post-slider\">\n                    <ul>\n                                                    <li><a data-fancybox-group=\"lightbox\" href=\"https:\/\/koton.de\/de\/classic-barwagen-von-richard-lampert\/\" class=\"single-image link-icon\"><img loading=\"lazy\" decoding=\"async\" src=\"https:\/\/koton.de\/de\/wp-content\/uploads\/2024\/06\/Richard_Lampert_Barwagen_Koton_Design_Muenchen-580x360.jpeg\" width=\"580\" height=\"360\" alt=\"CLASSIC: BARWAGEN VON RICHARD LAMPERT\" \/><\/a><\/li>\n                                                    <li><a data-fancybox-group=\"lightbox\" href=\"https:\/\/koton.de\/de\/classic-barwagen-von-richard-lampert\/\" class=\"single-image link-icon\"><img loading=\"lazy\" decoding=\"async\" src=\"https:\/\/koton.de\/de\/wp-content\/uploads\/2024\/06\/Richard_Lampert_Barwagen_Koton_Design_Muenchen_1-580x360.jpeg\" width=\"580\" height=\"360\" alt=\"CLASSIC: BARWAGEN VON RICHARD LAMPERT\" \/><\/a><\/li>\n                                                    <li><a data-fancybox-group=\"lightbox\" href=\"https:\/\/koton.de\/de\/classic-barwagen-von-richard-lampert\/\" class=\"single-image link-icon\"><img loading=\"lazy\" decoding=\"async\" src=\"https:\/\/koton.de\/de\/wp-content\/uploads\/2024\/06\/Richard_Lampert_Barwagen_Koton_Design_Muenchen_2-580x360.jpeg\" width=\"580\" height=\"360\" alt=\"CLASSIC: BARWAGEN VON RICHARD LAMPERT\" \/><\/a><\/li>\n                                            <\/ul>\n                <\/div><!--\/ .image-post-slider-->\n\n                        \n    <div class=\"entry-meta\">\n\t\t\n\t\t<h5 class=\"title\"><a href=\"https:\/\/koton.de\/de\/classic-barwagen-von-richard-lampert\/\">CLASSIC: BARWAGEN VON RICHARD LAMPERT<\/a><\/h5>\n\t\t\n\t\t\t\t\n\t<\/div><!--\/ .entry-meta-->\n\n    <div class=\"entry-body\">\n\n        <p>\n            Bereits 1956 von Herbert Hirche entworfen, scheint der Barwagen von Richard Lampert heute in neuem alten Glanz. Das kultige Barm\u00f6bel wird a ...        <\/p>\n\t\t\n\t\t \n    <\/div><!--\/ .entry-body-->\n\n<\/div><!--\/ .item--><\/div><div class=\"four columns\">\n<div class=\"item clearfix\">\n\n    \n            \n                <div class=\"image-post-slider\">\n                    <ul>\n                                                    <li><a data-fancybox-group=\"lightbox\" href=\"https:\/\/koton.de\/de\/neu-onetwo-spiegel-von-richard-lampert\/\" class=\"single-image link-icon\"><img loading=\"lazy\" decoding=\"async\" src=\"https:\/\/koton.de\/de\/wp-content\/uploads\/2024\/04\/Richard_Lampert_OneTwo_Spiegel_Koton_Muenchen-scaled-580x360.jpg\" width=\"580\" height=\"360\" alt=\"NEU: ONETWO SPIEGEL VON RICHARD LAMPERT\" \/><\/a><\/li>\n                                                    <li><a data-fancybox-group=\"lightbox\" href=\"https:\/\/koton.de\/de\/neu-onetwo-spiegel-von-richard-lampert\/\" class=\"single-image link-icon\"><img loading=\"lazy\" decoding=\"async\" src=\"https:\/\/koton.de\/de\/wp-content\/uploads\/2024\/04\/Richard_Lampert_OneTwo_Spiegel_Koton_Muenchen_3-scaled-580x360.jpg\" width=\"580\" height=\"360\" alt=\"NEU: ONETWO SPIEGEL VON RICHARD LAMPERT\" \/><\/a><\/li>\n                                                    <li><a data-fancybox-group=\"lightbox\" href=\"https:\/\/koton.de\/de\/neu-onetwo-spiegel-von-richard-lampert\/\" class=\"single-image link-icon\"><img loading=\"lazy\" decoding=\"async\" src=\"https:\/\/koton.de\/de\/wp-content\/uploads\/2024\/04\/Richard_Lampert_OneTwo_Spiegel_Koton_Muenchen_2-scaled-580x360.jpg\" width=\"580\" height=\"360\" alt=\"NEU: ONETWO SPIEGEL VON RICHARD LAMPERT\" \/><\/a><\/li>\n                                                    <li><a data-fancybox-group=\"lightbox\" href=\"https:\/\/koton.de\/de\/neu-onetwo-spiegel-von-richard-lampert\/\" class=\"single-image link-icon\"><img loading=\"lazy\" decoding=\"async\" src=\"https:\/\/koton.de\/de\/wp-content\/uploads\/2024\/04\/Richard_Lampert_OneTwo_Spiegel_Koton_Muenchen_4-scaled-580x360.jpg\" width=\"580\" height=\"360\" alt=\"NEU: ONETWO SPIEGEL VON RICHARD LAMPERT\" \/><\/a><\/li>\n                                            <\/ul>\n                <\/div><!--\/ .image-post-slider-->\n\n                        \n    <div class=\"entry-meta\">\n\t\t\n\t\t<h5 class=\"title\"><a href=\"https:\/\/koton.de\/de\/neu-onetwo-spiegel-von-richard-lampert\/\">NEU: ONETWO SPIEGEL VON RICHARD LAMPERT<\/a><\/h5>\n\t\t\n\t\t\t\t\n\t<\/div><!--\/ .entry-meta-->\n\n    <div class=\"entry-body\">\n\n        <p>\n            \r\n\r\n\r\n\r\nAls Neuheit auf der Milan Design Week 2024 vorgestellt, spielt der neue Spiegel 'OneTwo' von Designer Steffen Kehrle f\u00fcr Richard La ...        <\/p>\n\t\t\n\t\t \n    <\/div><!--\/ .entry-body-->\n\n<\/div><!--\/ .item--><\/div><div class=\"four columns\">\n<div class=\"item clearfix\">\n\n    \n            \n                <div class=\"image-post-slider\">\n                    <ul>\n                                                    <li><a data-fancybox-group=\"lightbox\" href=\"https:\/\/koton.de\/de\/neu-eiermann-ess-und-schreibtische-von-richard-lampert\/\" class=\"single-image link-icon\"><img loading=\"lazy\" decoding=\"async\" src=\"http:\/\/koton.de\/de\/wp-content\/uploads\/2023\/07\/Richard-Lampert-Egon-Eiermann-Schreibtisch-E1-580x360.jpg\" width=\"580\" height=\"360\" alt=\"CLASSIC: EIERMANN ESS- UND SCHREIBTISCHE VON RICHARD LAMPERT\" \/><\/a><\/li>\n                                                    <li><a data-fancybox-group=\"lightbox\" href=\"https:\/\/koton.de\/de\/neu-eiermann-ess-und-schreibtische-von-richard-lampert\/\" class=\"single-image link-icon\"><img loading=\"lazy\" decoding=\"async\" src=\"http:\/\/koton.de\/de\/wp-content\/uploads\/2023\/07\/Richard-Lampert-Egon-Eiermann-Schreibtisch-E1-2-580x360.jpg\" width=\"580\" height=\"360\" alt=\"CLASSIC: EIERMANN ESS- UND SCHREIBTISCHE VON RICHARD LAMPERT\" \/><\/a><\/li>\n                                                    <li><a data-fancybox-group=\"lightbox\" href=\"https:\/\/koton.de\/de\/neu-eiermann-ess-und-schreibtische-von-richard-lampert\/\" class=\"single-image link-icon\"><img loading=\"lazy\" decoding=\"async\" src=\"http:\/\/koton.de\/de\/wp-content\/uploads\/2023\/07\/Richard-Lampert-Egon-Eiermann-Schreibtisch-E2-580x360.png\" width=\"580\" height=\"360\" alt=\"CLASSIC: EIERMANN ESS- UND SCHREIBTISCHE VON RICHARD LAMPERT\" \/><\/a><\/li>\n                                                    <li><a data-fancybox-group=\"lightbox\" href=\"https:\/\/koton.de\/de\/neu-eiermann-ess-und-schreibtische-von-richard-lampert\/\" class=\"single-image link-icon\"><img loading=\"lazy\" decoding=\"async\" src=\"http:\/\/koton.de\/de\/wp-content\/uploads\/2023\/07\/Richard-Lampert-Egon-Eiermann-Schreibtisch-E3-3-580x360.jpg\" width=\"580\" height=\"360\" alt=\"CLASSIC: EIERMANN ESS- UND SCHREIBTISCHE VON RICHARD LAMPERT\" \/><\/a><\/li>\n                                                    <li><a data-fancybox-group=\"lightbox\" href=\"https:\/\/koton.de\/de\/neu-eiermann-ess-und-schreibtische-von-richard-lampert\/\" class=\"single-image link-icon\"><img loading=\"lazy\" decoding=\"async\" src=\"http:\/\/koton.de\/de\/wp-content\/uploads\/2023\/07\/Richard-Lampert-Egon-Eiermann-Schreibtisch-E3-e1689160135631-580x360.jpg\" width=\"580\" height=\"360\" alt=\"CLASSIC: EIERMANN ESS- UND SCHREIBTISCHE VON RICHARD LAMPERT\" \/><\/a><\/li>\n                                                    <li><a data-fancybox-group=\"lightbox\" href=\"https:\/\/koton.de\/de\/neu-eiermann-ess-und-schreibtische-von-richard-lampert\/\" class=\"single-image link-icon\"><img loading=\"lazy\" decoding=\"async\" src=\"http:\/\/koton.de\/de\/wp-content\/uploads\/2023\/07\/Richard-Lampert-Egon-Eiermann-Schreibtisch-E2-2-580x360.png\" width=\"580\" height=\"360\" alt=\"CLASSIC: EIERMANN ESS- UND SCHREIBTISCHE VON RICHARD LAMPERT\" \/><\/a><\/li>\n                                                    <li><a data-fancybox-group=\"lightbox\" href=\"https:\/\/koton.de\/de\/neu-eiermann-ess-und-schreibtische-von-richard-lampert\/\" class=\"single-image link-icon\"><img loading=\"lazy\" decoding=\"async\" src=\"http:\/\/koton.de\/de\/wp-content\/uploads\/2023\/07\/Richard-Lampert-Egon-Eiermann-Schreibtisch-E2-4-580x360.jpg\" width=\"580\" height=\"360\" alt=\"CLASSIC: EIERMANN ESS- UND SCHREIBTISCHE VON RICHARD LAMPERT\" \/><\/a><\/li>\n                                                    <li><a data-fancybox-group=\"lightbox\" href=\"https:\/\/koton.de\/de\/neu-eiermann-ess-und-schreibtische-von-richard-lampert\/\" class=\"single-image link-icon\"><img loading=\"lazy\" decoding=\"async\" src=\"http:\/\/koton.de\/de\/wp-content\/uploads\/2023\/07\/Richard-Lampert-Egon-Eiermann-Schreibtisch-E2-3-580x360.jpg\" width=\"580\" height=\"360\" alt=\"CLASSIC: EIERMANN ESS- UND SCHREIBTISCHE VON RICHARD LAMPERT\" \/><\/a><\/li>\n                                            <\/ul>\n                <\/div><!--\/ .image-post-slider-->\n\n                        \n    <div class=\"entry-meta\">\n\t\t\n\t\t<h5 class=\"title\"><a href=\"https:\/\/koton.de\/de\/neu-eiermann-ess-und-schreibtische-von-richard-lampert\/\">CLASSIC: EIERMANN ESS- UND SCHREIBTISCHE VON RICHARD LAMPERT<\/a><\/h5>\n\t\t\n\t\t\t\t\n\t<\/div><!--\/ .entry-meta-->\n\n    <div class=\"entry-body\">\n\n        <p>\n            Mit dem E1 Schreibtisch entwarf der Designer Egon Eiermann 1953 einen veritablen und einzigartigen M\u00f6belklassiker. Die reduzierte Konstrukt ...        <\/p>\n\t\t\n\t\t \n    <\/div><!--\/ .entry-body-->\n\n<\/div><!--\/ .item--><\/div><\/div>\n<p>&nbsp;<\/p>\n<hr \/>\n<p>&nbsp;<\/p>\n<div class=\"tnp tnp-subscription-minimal  \"><form action=\"https:\/\/koton.de\/de\/wp-admin\/admin-ajax.php?action=tnp&amp;na=s\" method=\"post\" style=\"text-align: center\"><input type=\"hidden\" name=\"nr\" value=\"minimal\">\n<input type=\"hidden\" name=\"nlang\" value=\"\">\n<input class=\"tnp-email\" type=\"email\" required name=\"ne\" value=\"\" placeholder=\"E-Mail-Adresse\"><input class=\"tnp-submit\" type=\"submit\" value=\"Abonnieren\" style=\"\">\n<\/form><\/div>\n\n","protected":false},"excerpt":{"rendered":"<p>Seit \u00fcber 30 Jahren verkn\u00fcpft Richard Lampert industrielle Fertigung mit handwerklicher Qualit\u00e4t. Sowohl im Wohn- und B\u00fcrobereich als auch im Outdoor-Segment \u00fcberzeugt der deutsche M\u00f6belhersteller durch zeitlose Entw\u00fcrfe und einen nachhaltigen Ansatz. Die Prduktpalette um moderne Designklassiker wie den Eiermann-Schreibtisch E1 und E2 von Egon Eiermann oder das Regalsystem DHS10 von Herbert Hirche wird konstant [&hellip;]<\/p>\n","protected":false},"author":1,"featured_media":0,"parent":0,"menu_order":0,"comment_status":"closed","ping_status":"closed","template":"","meta":{"_exactmetrics_skip_tracking":false,"_exactmetrics_sitenote_active":false,"_exactmetrics_sitenote_note":"","_exactmetrics_sitenote_category":0,"footnotes":""},"class_list":["post-2164","page","type-page","status-publish","hentry"],"_links":{"self":[{"href":"https:\/\/koton.de\/de\/wp-json\/wp\/v2\/pages\/2164","targetHints":{"allow":["GET"]}}],"collection":[{"href":"https:\/\/koton.de\/de\/wp-json\/wp\/v2\/pages"}],"about":[{"href":"https:\/\/koton.de\/de\/wp-json\/wp\/v2\/types\/page"}],"author":[{"embeddable":true,"href":"https:\/\/koton.de\/de\/wp-json\/wp\/v2\/users\/1"}],"replies":[{"embeddable":true,"href":"https:\/\/koton.de\/de\/wp-json\/wp\/v2\/comments?post=2164"}],"version-history":[{"count":3,"href":"https:\/\/koton.de\/de\/wp-json\/wp\/v2\/pages\/2164\/revisions"}],"predecessor-version":[{"id":3141,"href":"https:\/\/koton.de\/de\/wp-json\/wp\/v2\/pages\/2164\/revisions\/3141"}],"wp:attachment":[{"href":"https:\/\/koton.de\/de\/wp-json\/wp\/v2\/media?parent=2164"}],"curies":[{"name":"wp","href":"https:\/\/api.w.org\/{rel}","templated":true}]}}