{"id":2151,"date":"2023-07-05T13:55:49","date_gmt":"2023-07-05T11:55:49","guid":{"rendered":"https:\/\/koton.de\/de\/?page_id=2151"},"modified":"2023-12-06T17:45:37","modified_gmt":"2023-12-06T15:45:37","slug":"usm-sonderfarbe","status":"publish","type":"page","link":"https:\/\/koton.de\/de\/usm-sonderfarbe\/","title":{"rendered":"USM Sonderfarbe"},"content":{"rendered":"<div class=\"recent-posts clearfix\"><div class=\"four columns\">\n<div class=\"item clearfix\">\n\n    \n            \n                <div class=\"image-post-slider\">\n                    <ul>\n                                                    <li><a data-fancybox-group=\"lightbox\" href=\"https:\/\/koton.de\/de\/final-round-usm-sonderwunschfarbe\/\" class=\"single-image link-icon\"><img loading=\"lazy\" decoding=\"async\" src=\"https:\/\/koton.de\/de\/wp-content\/uploads\/2025\/07\/IMG_1047-1-scaled-e1752665711449-580x360.jpeg\" width=\"580\" height=\"360\" alt=\"FINAL ROUND: USM SONDERWUNSCHFARBE\" \/><\/a><\/li>\n                                                    <li><a data-fancybox-group=\"lightbox\" href=\"https:\/\/koton.de\/de\/final-round-usm-sonderwunschfarbe\/\" class=\"single-image link-icon\"><img loading=\"lazy\" decoding=\"async\" src=\"https:\/\/koton.de\/de\/wp-content\/uploads\/2025\/07\/IMG_2275-scaled-e1752676538925-580x360.jpg\" width=\"580\" height=\"360\" alt=\"FINAL ROUND: USM SONDERWUNSCHFARBE\" \/><\/a><\/li>\n                                                    <li><a data-fancybox-group=\"lightbox\" href=\"https:\/\/koton.de\/de\/final-round-usm-sonderwunschfarbe\/\" class=\"single-image link-icon\"><img loading=\"lazy\" decoding=\"async\" src=\"https:\/\/koton.de\/de\/wp-content\/uploads\/2025\/07\/IMG_2312-scaled-e1752676517402-580x360.jpg\" width=\"580\" height=\"360\" alt=\"FINAL ROUND: USM SONDERWUNSCHFARBE\" \/><\/a><\/li>\n                                                    <li><a data-fancybox-group=\"lightbox\" href=\"https:\/\/koton.de\/de\/final-round-usm-sonderwunschfarbe\/\" class=\"single-image link-icon\"><img loading=\"lazy\" decoding=\"async\" src=\"https:\/\/koton.de\/de\/wp-content\/uploads\/2025\/07\/IMG_2310-scaled-e1752676489881-580x360.jpg\" width=\"580\" height=\"360\" alt=\"FINAL ROUND: USM SONDERWUNSCHFARBE\" \/><\/a><\/li>\n                                                    <li><a data-fancybox-group=\"lightbox\" href=\"https:\/\/koton.de\/de\/final-round-usm-sonderwunschfarbe\/\" class=\"single-image link-icon\"><img loading=\"lazy\" decoding=\"async\" src=\"https:\/\/koton.de\/de\/wp-content\/uploads\/2025\/07\/IMG_2308-scaled-e1752676466950-580x360.jpg\" width=\"580\" height=\"360\" alt=\"FINAL ROUND: USM SONDERWUNSCHFARBE\" \/><\/a><\/li>\n                                                    <li><a data-fancybox-group=\"lightbox\" href=\"https:\/\/koton.de\/de\/final-round-usm-sonderwunschfarbe\/\" class=\"single-image link-icon\"><img loading=\"lazy\" decoding=\"async\" src=\"https:\/\/koton.de\/de\/wp-content\/uploads\/2025\/07\/IMG_2306-scaled-e1752676448859-580x360.jpg\" width=\"580\" height=\"360\" alt=\"FINAL ROUND: USM SONDERWUNSCHFARBE\" \/><\/a><\/li>\n                                                    <li><a data-fancybox-group=\"lightbox\" href=\"https:\/\/koton.de\/de\/final-round-usm-sonderwunschfarbe\/\" class=\"single-image link-icon\"><img loading=\"lazy\" decoding=\"async\" src=\"https:\/\/koton.de\/de\/wp-content\/uploads\/2025\/07\/IMG_2305-scaled-e1752676428830-580x360.jpg\" width=\"580\" height=\"360\" alt=\"FINAL ROUND: USM SONDERWUNSCHFARBE\" \/><\/a><\/li>\n                                                    <li><a data-fancybox-group=\"lightbox\" href=\"https:\/\/koton.de\/de\/final-round-usm-sonderwunschfarbe\/\" class=\"single-image link-icon\"><img loading=\"lazy\" decoding=\"async\" src=\"https:\/\/koton.de\/de\/wp-content\/uploads\/2025\/07\/IMG_2300-scaled-e1752676407332-580x360.jpg\" width=\"580\" height=\"360\" alt=\"FINAL ROUND: USM SONDERWUNSCHFARBE\" \/><\/a><\/li>\n                                                    <li><a data-fancybox-group=\"lightbox\" href=\"https:\/\/koton.de\/de\/final-round-usm-sonderwunschfarbe\/\" class=\"single-image link-icon\"><img loading=\"lazy\" decoding=\"async\" src=\"https:\/\/koton.de\/de\/wp-content\/uploads\/2025\/07\/IMG_2298-scaled-e1752676387953-580x360.jpg\" width=\"580\" height=\"360\" alt=\"FINAL ROUND: USM SONDERWUNSCHFARBE\" \/><\/a><\/li>\n                                                    <li><a data-fancybox-group=\"lightbox\" href=\"https:\/\/koton.de\/de\/final-round-usm-sonderwunschfarbe\/\" class=\"single-image link-icon\"><img loading=\"lazy\" decoding=\"async\" src=\"https:\/\/koton.de\/de\/wp-content\/uploads\/2025\/07\/IMG_2276-scaled-e1752676361770-580x360.jpg\" width=\"580\" height=\"360\" alt=\"FINAL ROUND: USM SONDERWUNSCHFARBE\" \/><\/a><\/li>\n                                                    <li><a data-fancybox-group=\"lightbox\" href=\"https:\/\/koton.de\/de\/final-round-usm-sonderwunschfarbe\/\" class=\"single-image link-icon\"><img loading=\"lazy\" decoding=\"async\" src=\"https:\/\/koton.de\/de\/wp-content\/uploads\/2025\/07\/IMG_2278-scaled-e1752676338570-580x360.jpg\" width=\"580\" height=\"360\" alt=\"FINAL ROUND: USM SONDERWUNSCHFARBE\" \/><\/a><\/li>\n                                                    <li><a data-fancybox-group=\"lightbox\" href=\"https:\/\/koton.de\/de\/final-round-usm-sonderwunschfarbe\/\" class=\"single-image link-icon\"><img loading=\"lazy\" decoding=\"async\" src=\"https:\/\/koton.de\/de\/wp-content\/uploads\/2025\/07\/IMG_2279-scaled-e1752676324368-580x360.jpg\" width=\"580\" height=\"360\" alt=\"FINAL ROUND: USM SONDERWUNSCHFARBE\" \/><\/a><\/li>\n                                                    <li><a data-fancybox-group=\"lightbox\" href=\"https:\/\/koton.de\/de\/final-round-usm-sonderwunschfarbe\/\" class=\"single-image link-icon\"><img loading=\"lazy\" decoding=\"async\" src=\"https:\/\/koton.de\/de\/wp-content\/uploads\/2025\/07\/IMG_2280-scaled-e1752676255662-580x360.jpg\" width=\"580\" height=\"360\" alt=\"FINAL ROUND: USM SONDERWUNSCHFARBE\" \/><\/a><\/li>\n                                                    <li><a data-fancybox-group=\"lightbox\" href=\"https:\/\/koton.de\/de\/final-round-usm-sonderwunschfarbe\/\" class=\"single-image link-icon\"><img loading=\"lazy\" decoding=\"async\" src=\"https:\/\/koton.de\/de\/wp-content\/uploads\/2025\/07\/IMG_2283-scaled-e1752663991320-580x360.jpg\" width=\"580\" height=\"360\" alt=\"FINAL ROUND: USM SONDERWUNSCHFARBE\" \/><\/a><\/li>\n                                                    <li><a data-fancybox-group=\"lightbox\" href=\"https:\/\/koton.de\/de\/final-round-usm-sonderwunschfarbe\/\" class=\"single-image link-icon\"><img loading=\"lazy\" decoding=\"async\" src=\"https:\/\/koton.de\/de\/wp-content\/uploads\/2025\/07\/IMG_2284-scaled-e1752676215568-580x360.jpg\" width=\"580\" height=\"360\" alt=\"FINAL ROUND: USM SONDERWUNSCHFARBE\" \/><\/a><\/li>\n                                                    <li><a data-fancybox-group=\"lightbox\" href=\"https:\/\/koton.de\/de\/final-round-usm-sonderwunschfarbe\/\" class=\"single-image link-icon\"><img loading=\"lazy\" decoding=\"async\" src=\"https:\/\/koton.de\/de\/wp-content\/uploads\/2025\/07\/IMG_2286-scaled-e1752664075820-580x360.jpg\" width=\"580\" height=\"360\" alt=\"FINAL ROUND: USM SONDERWUNSCHFARBE\" \/><\/a><\/li>\n                                                    <li><a data-fancybox-group=\"lightbox\" href=\"https:\/\/koton.de\/de\/final-round-usm-sonderwunschfarbe\/\" class=\"single-image link-icon\"><img loading=\"lazy\" decoding=\"async\" src=\"https:\/\/koton.de\/de\/wp-content\/uploads\/2025\/07\/IMG_2289-scaled-e1752664112827-580x360.jpg\" width=\"580\" height=\"360\" alt=\"FINAL ROUND: USM SONDERWUNSCHFARBE\" \/><\/a><\/li>\n                                                    <li><a data-fancybox-group=\"lightbox\" href=\"https:\/\/koton.de\/de\/final-round-usm-sonderwunschfarbe\/\" class=\"single-image link-icon\"><img loading=\"lazy\" decoding=\"async\" src=\"https:\/\/koton.de\/de\/wp-content\/uploads\/2025\/07\/IMG_2290-scaled-e1752676188963-580x360.jpg\" width=\"580\" height=\"360\" alt=\"FINAL ROUND: USM SONDERWUNSCHFARBE\" \/><\/a><\/li>\n                                                    <li><a data-fancybox-group=\"lightbox\" href=\"https:\/\/koton.de\/de\/final-round-usm-sonderwunschfarbe\/\" class=\"single-image link-icon\"><img loading=\"lazy\" decoding=\"async\" src=\"https:\/\/koton.de\/de\/wp-content\/uploads\/2025\/07\/IMG_2292-scaled-e1752676165408-580x360.jpg\" width=\"580\" height=\"360\" alt=\"FINAL ROUND: USM SONDERWUNSCHFARBE\" \/><\/a><\/li>\n                                                    <li><a data-fancybox-group=\"lightbox\" href=\"https:\/\/koton.de\/de\/final-round-usm-sonderwunschfarbe\/\" class=\"single-image link-icon\"><img loading=\"lazy\" decoding=\"async\" src=\"https:\/\/koton.de\/de\/wp-content\/uploads\/2025\/07\/IMG_2295-scaled-e1752676146401-580x360.jpg\" width=\"580\" height=\"360\" alt=\"FINAL ROUND: USM SONDERWUNSCHFARBE\" \/><\/a><\/li>\n                                            <\/ul>\n                <\/div><!--\/ .image-post-slider-->\n\n                        \n    <div class=\"entry-meta\">\n\t\t\n\t\t<h5 class=\"title\"><a href=\"https:\/\/koton.de\/de\/final-round-usm-sonderwunschfarbe\/\">FINAL ROUND: USM SONDERWUNSCHFARBE<\/a><\/h5>\n\t\t\n\t\t\t\t\n\t<\/div><!--\/ .entry-meta-->\n\n    <div class=\"entry-body\">\n\n        <p>\n            Unsere Sonderwunschfarbe, in der diverse M\u00f6belklassiker von USM Haller exklusiv f\u00fcr Koton hergestellt wurden, geht in die dritte und letzt ...        <\/p>\n\t\t\n\t\t \n    <\/div><!--\/ .entry-body-->\n\n<\/div><!--\/ .item--><\/div><div class=\"four columns\">\n<div class=\"item clearfix\">\n\n    \n            \n                <div class=\"image-post-slider\">\n                    <ul>\n                                                    <li><a data-fancybox-group=\"lightbox\" href=\"https:\/\/koton.de\/de\/usm-haller-sonderfarbe-fuer-koton\/\" class=\"single-image link-icon\"><img loading=\"lazy\" decoding=\"async\" src=\"http:\/\/koton.de\/de\/wp-content\/uploads\/2023\/07\/USM-Haller-Sonderfarbe-fuer-Koton-Design-SWF-alle-Produkte-B.1-scaled-e1688556986716-580x360.jpeg\" width=\"580\" height=\"360\" alt=\"USM HALLER SONDERFARBE\" \/><\/a><\/li>\n                                                    <li><a data-fancybox-group=\"lightbox\" href=\"https:\/\/koton.de\/de\/usm-haller-sonderfarbe-fuer-koton\/\" class=\"single-image link-icon\"><img loading=\"lazy\" decoding=\"async\" src=\"http:\/\/koton.de\/de\/wp-content\/uploads\/2023\/07\/USM-Haller-Sonderfarbe-fuer-Koton-Design-SWF-2-Hoch-B.-2-scaled-580x360.jpeg\" width=\"580\" height=\"360\" alt=\"USM HALLER SONDERFARBE\" \/><\/a><\/li>\n                                                    <li><a data-fancybox-group=\"lightbox\" href=\"https:\/\/koton.de\/de\/usm-haller-sonderfarbe-fuer-koton\/\" class=\"single-image link-icon\"><img loading=\"lazy\" decoding=\"async\" src=\"http:\/\/koton.de\/de\/wp-content\/uploads\/2023\/07\/USM-Haller-Sonderfarbe-fuer-Koton-Design-SWF-INOS-5-10-Lego-B.2-scaled-e1688557033980-580x360.jpeg\" width=\"580\" height=\"360\" alt=\"USM HALLER SONDERFARBE\" \/><\/a><\/li>\n                                                    <li><a data-fancybox-group=\"lightbox\" href=\"https:\/\/koton.de\/de\/usm-haller-sonderfarbe-fuer-koton\/\" class=\"single-image link-icon\"><img loading=\"lazy\" decoding=\"async\" src=\"http:\/\/koton.de\/de\/wp-content\/uploads\/2023\/07\/USM-Haller-Sonderfarbe-fuer-Koton-Design-SWF-5-Hoch-B.-1-scaled-e1688556940864-580x360.jpeg\" width=\"580\" height=\"360\" alt=\"USM HALLER SONDERFARBE\" \/><\/a><\/li>\n                                                    <li><a data-fancybox-group=\"lightbox\" href=\"https:\/\/koton.de\/de\/usm-haller-sonderfarbe-fuer-koton\/\" class=\"single-image link-icon\"><img loading=\"lazy\" decoding=\"async\" src=\"http:\/\/koton.de\/de\/wp-content\/uploads\/2023\/07\/USM-Haller-Sonderfarbe-fuer-Koton-Design-SWF-Kommode-Goyard-B.1-scaled-e1688557090453-580x360.jpeg\" width=\"580\" height=\"360\" alt=\"USM HALLER SONDERFARBE\" \/><\/a><\/li>\n                                                    <li><a data-fancybox-group=\"lightbox\" href=\"https:\/\/koton.de\/de\/usm-haller-sonderfarbe-fuer-koton\/\" class=\"single-image link-icon\"><img loading=\"lazy\" decoding=\"async\" src=\"http:\/\/koton.de\/de\/wp-content\/uploads\/2023\/07\/USM-Haller-Sonderfarbe-fuer-Koton-Design-SWF-Nachtkasten-Air-Pods-B.1-scaled-e1688557117937-580x360.jpeg\" width=\"580\" height=\"360\" alt=\"USM HALLER SONDERFARBE\" \/><\/a><\/li>\n                                                    <li><a data-fancybox-group=\"lightbox\" href=\"https:\/\/koton.de\/de\/usm-haller-sonderfarbe-fuer-koton\/\" class=\"single-image link-icon\"><img loading=\"lazy\" decoding=\"async\" src=\"http:\/\/koton.de\/de\/wp-content\/uploads\/2023\/07\/USM-Haller-Sonderfarbe-fuer-Koton-Design-SWF-INOS-5-Lego-B.1-scaled-e1688557058513-580x360.jpeg\" width=\"580\" height=\"360\" alt=\"USM HALLER SONDERFARBE\" \/><\/a><\/li>\n                                                    <li><a data-fancybox-group=\"lightbox\" href=\"https:\/\/koton.de\/de\/usm-haller-sonderfarbe-fuer-koton\/\" class=\"single-image link-icon\"><img loading=\"lazy\" decoding=\"async\" src=\"http:\/\/koton.de\/de\/wp-content\/uploads\/2023\/07\/USM-Haller-Sonderfarbe-fuer-Koton-Design-SWF-sideboard-offen-B3-scaled-e1688557311775-580x360.jpeg\" width=\"580\" height=\"360\" alt=\"USM HALLER SONDERFARBE\" \/><\/a><\/li>\n                                                    <li><a data-fancybox-group=\"lightbox\" href=\"https:\/\/koton.de\/de\/usm-haller-sonderfarbe-fuer-koton\/\" class=\"single-image link-icon\"><img loading=\"lazy\" decoding=\"async\" src=\"http:\/\/koton.de\/de\/wp-content\/uploads\/2023\/07\/USM-Haller-Sonderfarbe-fuer-Koton-Design-SWF-Sekretaer-Kueche-B.1-scaled-e1688557204479-580x360.jpeg\" width=\"580\" height=\"360\" alt=\"USM HALLER SONDERFARBE\" \/><\/a><\/li>\n                                                    <li><a data-fancybox-group=\"lightbox\" href=\"https:\/\/koton.de\/de\/usm-haller-sonderfarbe-fuer-koton\/\" class=\"single-image link-icon\"><img loading=\"lazy\" decoding=\"async\" src=\"http:\/\/koton.de\/de\/wp-content\/uploads\/2023\/07\/USM-Haller-Sonderfarbe-fuer-Koton-Design-SWF-Nachtkasten-Mexican-B.1-scaled-e1688557148545-580x360.jpeg\" width=\"580\" height=\"360\" alt=\"USM HALLER SONDERFARBE\" \/><\/a><\/li>\n                                                    <li><a data-fancybox-group=\"lightbox\" href=\"https:\/\/koton.de\/de\/usm-haller-sonderfarbe-fuer-koton\/\" class=\"single-image link-icon\"><img loading=\"lazy\" decoding=\"async\" src=\"http:\/\/koton.de\/de\/wp-content\/uploads\/2023\/07\/USM-Haller-Sonderfarbe-fuer-Koton-Design-SWF-Rollcontainer-B.1-scaled-e1688557175455-580x360.jpeg\" width=\"580\" height=\"360\" alt=\"USM HALLER SONDERFARBE\" \/><\/a><\/li>\n                                                    <li><a data-fancybox-group=\"lightbox\" href=\"https:\/\/koton.de\/de\/usm-haller-sonderfarbe-fuer-koton\/\" class=\"single-image link-icon\"><img loading=\"lazy\" decoding=\"async\" src=\"http:\/\/koton.de\/de\/wp-content\/uploads\/2023\/07\/USM-Haller-Sonderfarbe-fuer-Koton-Design-SWF-Sideboard-B.1-scaled-e1688557264628-580x360.jpeg\" width=\"580\" height=\"360\" alt=\"USM HALLER SONDERFARBE\" \/><\/a><\/li>\n                                            <\/ul>\n                <\/div><!--\/ .image-post-slider-->\n\n                        \n    <div class=\"entry-meta\">\n\t\t\n\t\t<h5 class=\"title\"><a href=\"https:\/\/koton.de\/de\/usm-haller-sonderfarbe-fuer-koton\/\">USM HALLER SONDERFARBE<\/a><\/h5>\n\t\t\n\t\t\t\t\n\t<\/div><!--\/ .entry-meta-->\n\n    <div class=\"entry-body\">\n\n        <p>\n            Unsere Sonderwunschfarbe, in der diverse M\u00f6belklassiker von USM Haller exklusiv f\u00fcr Koton hergestellt wurden, steht f\u00fcr zeitlose Eleganz, ...        <\/p>\n\t\t\n\t\t \n    <\/div><!--\/ .entry-body-->\n\n<\/div><!--\/ .item--><\/div><\/div>\n<p>&nbsp;<\/p>\n<p>&nbsp;<\/p>\n<div class=\"tnp tnp-subscription-minimal  \"><form action=\"https:\/\/koton.de\/de\/wp-admin\/admin-ajax.php?action=tnp&amp;na=s\" method=\"post\" style=\"text-align: center\"><input type=\"hidden\" name=\"nr\" value=\"minimal\">\n<input type=\"hidden\" name=\"nlang\" value=\"\">\n<input class=\"tnp-email\" type=\"email\" required name=\"ne\" value=\"\" placeholder=\"E-Mail-Adresse\"><input class=\"tnp-submit\" type=\"submit\" value=\"Abonnieren\" style=\"\">\n<\/form><\/div>\n\n","protected":false},"excerpt":{"rendered":"<p>&nbsp; &nbsp;<\/p>\n","protected":false},"author":1,"featured_media":0,"parent":0,"menu_order":0,"comment_status":"closed","ping_status":"closed","template":"","meta":{"_exactmetrics_skip_tracking":false,"_exactmetrics_sitenote_active":false,"_exactmetrics_sitenote_note":"","_exactmetrics_sitenote_category":0,"footnotes":""},"class_list":["post-2151","page","type-page","status-publish","hentry"],"_links":{"self":[{"href":"https:\/\/koton.de\/de\/wp-json\/wp\/v2\/pages\/2151","targetHints":{"allow":["GET"]}}],"collection":[{"href":"https:\/\/koton.de\/de\/wp-json\/wp\/v2\/pages"}],"about":[{"href":"https:\/\/koton.de\/de\/wp-json\/wp\/v2\/types\/page"}],"author":[{"embeddable":true,"href":"https:\/\/koton.de\/de\/wp-json\/wp\/v2\/users\/1"}],"replies":[{"embeddable":true,"href":"https:\/\/koton.de\/de\/wp-json\/wp\/v2\/comments?post=2151"}],"version-history":[{"count":1,"href":"https:\/\/koton.de\/de\/wp-json\/wp\/v2\/pages\/2151\/revisions"}],"predecessor-version":[{"id":2700,"href":"https:\/\/koton.de\/de\/wp-json\/wp\/v2\/pages\/2151\/revisions\/2700"}],"wp:attachment":[{"href":"https:\/\/koton.de\/de\/wp-json\/wp\/v2\/media?parent=2151"}],"curies":[{"name":"wp","href":"https:\/\/api.w.org\/{rel}","templated":true}]}}