{"id":2010,"date":"2023-05-31T12:25:40","date_gmt":"2023-05-31T10:25:40","guid":{"rendered":"https:\/\/koton.de\/de\/?page_id=2010"},"modified":"2023-12-06T17:44:33","modified_gmt":"2023-12-06T15:44:33","slug":"stilnovo","status":"publish","type":"page","link":"https:\/\/koton.de\/de\/stilnovo\/","title":{"rendered":"Stilnovo"},"content":{"rendered":"<div class=\"recent-posts clearfix\"><div class=\"four columns\">\n<div class=\"item clearfix\">\n\n    \n            \n                <div class=\"image-post-slider\">\n                    <ul>\n                                                    <li><a data-fancybox-group=\"lightbox\" href=\"https:\/\/koton.de\/de\/neu-stilnovo-topo-tischlampe\/\" class=\"single-image link-icon\"><img loading=\"lazy\" decoding=\"async\" src=\"https:\/\/koton.de\/de\/wp-content\/uploads\/2023\/10\/stilnovo-product-table-topo-colombo-koton-muenchen-580x360.jpeg\" width=\"580\" height=\"360\" alt=\"CLASSIC: STILNOVO TOPO TISCHLAMPE\" \/><\/a><\/li>\n                                                    <li><a data-fancybox-group=\"lightbox\" href=\"https:\/\/koton.de\/de\/neu-stilnovo-topo-tischlampe\/\" class=\"single-image link-icon\"><img loading=\"lazy\" decoding=\"async\" src=\"https:\/\/koton.de\/de\/wp-content\/uploads\/2023\/10\/stilnovo-product-table-topo-tischlampe-colombo-koton-muenchen-580x360.jpeg\" width=\"580\" height=\"360\" alt=\"CLASSIC: STILNOVO TOPO TISCHLAMPE\" \/><\/a><\/li>\n                                            <\/ul>\n                <\/div><!--\/ .image-post-slider-->\n\n                        \n    <div class=\"entry-meta\">\n\t\t\n\t\t<h5 class=\"title\"><a href=\"https:\/\/koton.de\/de\/neu-stilnovo-topo-tischlampe\/\">CLASSIC: STILNOVO TOPO TISCHLAMPE<\/a><\/h5>\n\t\t\n\t\t\t\t\n\t<\/div><!--\/ .entry-meta-->\n\n    <div class=\"entry-body\">\n\n        <p>\n            Bevor Joe Colombo als Designer weltber\u00fchmt wurde, arbeitete er unter anderem als Verk\u00e4ufer in einem Autohaus. Die Liebe zum Automobil lie? ...        <\/p>\n\t\t\n\t\t \n    <\/div><!--\/ .entry-body-->\n\n<\/div><!--\/ .item--><\/div><div class=\"four columns\">\n<div class=\"item clearfix\">\n\n    \n            \n                <div class=\"image-post-slider\">\n                    <ul>\n                                                    <li><a data-fancybox-group=\"lightbox\" href=\"https:\/\/koton.de\/de\/neu-sputnik-deckenlampe-von-stilnovo\/\" class=\"single-image link-icon\"><img loading=\"lazy\" decoding=\"async\" src=\"https:\/\/koton.de\/de\/wp-content\/uploads\/2023\/08\/stilnovo-lampe-suspension-sputnik-koton-muenchen-e1691575606548-580x360.jpeg\" width=\"580\" height=\"360\" alt=\"CLASSIC: SPUTNIK DECKENLAMPE VON STILNOVO\" \/><\/a><\/li>\n                                                    <li><a data-fancybox-group=\"lightbox\" href=\"https:\/\/koton.de\/de\/neu-sputnik-deckenlampe-von-stilnovo\/\" class=\"single-image link-icon\"><img loading=\"lazy\" decoding=\"async\" src=\"https:\/\/koton.de\/de\/wp-content\/uploads\/2023\/08\/stilnovo-lampe-suspension-sputnik-koton-muenchen-2-e1691575636829-580x360.jpeg\" width=\"580\" height=\"360\" alt=\"CLASSIC: SPUTNIK DECKENLAMPE VON STILNOVO\" \/><\/a><\/li>\n                                            <\/ul>\n                <\/div><!--\/ .image-post-slider-->\n\n                        \n    <div class=\"entry-meta\">\n\t\t\n\t\t<h5 class=\"title\"><a href=\"https:\/\/koton.de\/de\/neu-sputnik-deckenlampe-von-stilnovo\/\">CLASSIC: SPUTNIK DECKENLAMPE VON STILNOVO<\/a><\/h5>\n\t\t\n\t\t\t\t\n\t<\/div><!--\/ .entry-meta-->\n\n    <div class=\"entry-body\">\n\n        <p>\n            Die Lampenmanufaktur Stilnovo wurde 1946 von Bruno Gatta gegr\u00fcndet. Gemeinsam mit dem Designer Gaetano Sciolari pr\u00e4gte der Firmengr\u00fcnder  ...        <\/p>\n\t\t\n\t\t \n    <\/div><!--\/ .entry-body-->\n\n<\/div><!--\/ .item--><\/div><div class=\"four columns\">\n<div class=\"item clearfix\">\n\n    \n            \n                <div class=\"image-post-slider\">\n                    <ul>\n                                                    <li><a data-fancybox-group=\"lightbox\" href=\"https:\/\/koton.de\/de\/neu-stilnovo-saliscendi-lampe\/\" class=\"single-image link-icon\"><img loading=\"lazy\" decoding=\"async\" src=\"http:\/\/koton.de\/de\/wp-content\/uploads\/2023\/05\/Stilnovo-Saliscendi-Haengelampe-von-Castiglioni-2-580x360.jpg\" width=\"580\" height=\"360\" alt=\"CLASSIC: STILNOVO SALISCENDI H\u00c4NGELAMPE\" \/><\/a><\/li>\n                                                    <li><a data-fancybox-group=\"lightbox\" href=\"https:\/\/koton.de\/de\/neu-stilnovo-saliscendi-lampe\/\" class=\"single-image link-icon\"><img loading=\"lazy\" decoding=\"async\" src=\"http:\/\/koton.de\/de\/wp-content\/uploads\/2023\/05\/Stilnovo-Saliscendi-Haengelampe-von-Castiglioni-3-580x360.jpg\" width=\"580\" height=\"360\" alt=\"CLASSIC: STILNOVO SALISCENDI H\u00c4NGELAMPE\" \/><\/a><\/li>\n                                                    <li><a data-fancybox-group=\"lightbox\" href=\"https:\/\/koton.de\/de\/neu-stilnovo-saliscendi-lampe\/\" class=\"single-image link-icon\"><img loading=\"lazy\" decoding=\"async\" src=\"http:\/\/koton.de\/de\/wp-content\/uploads\/2023\/05\/Stilnovo-Saliscendi-Haengelampe-von-Casitglioni-580x360.jpg\" width=\"580\" height=\"360\" alt=\"CLASSIC: STILNOVO SALISCENDI H\u00c4NGELAMPE\" \/><\/a><\/li>\n                                            <\/ul>\n                <\/div><!--\/ .image-post-slider-->\n\n                        \n    <div class=\"entry-meta\">\n\t\t\n\t\t<h5 class=\"title\"><a href=\"https:\/\/koton.de\/de\/neu-stilnovo-saliscendi-lampe\/\">CLASSIC: STILNOVO SALISCENDI H\u00c4NGELAMPE<\/a><\/h5>\n\t\t\n\t\t\t\t\n\t<\/div><!--\/ .entry-meta-->\n\n    <div class=\"entry-body\">\n\n        <p>\n            Als die beiden italienischen Br\u00fcder Achille und Pier Giacomo Castiglioni 1957 die H\u00e4ngeleuchte Saliscendi entwarfen, wurden gleich im dara ...        <\/p>\n\t\t\n\t\t \n    <\/div><!--\/ .entry-body-->\n\n<\/div><!--\/ .item--><\/div><\/div>\n<p>&nbsp;<\/p>\n<p>&nbsp;<\/p>\n<div class=\"tnp tnp-subscription-minimal  \"><form action=\"https:\/\/koton.de\/de\/wp-admin\/admin-ajax.php?action=tnp&amp;na=s\" method=\"post\" style=\"text-align: center\"><input type=\"hidden\" name=\"nr\" value=\"minimal\">\n<input type=\"hidden\" name=\"nlang\" value=\"\">\n<input class=\"tnp-email\" type=\"email\" required name=\"ne\" value=\"\" placeholder=\"E-Mail-Adresse\"><input class=\"tnp-submit\" type=\"submit\" value=\"Abonnieren\" style=\"\">\n<\/form><\/div>\n\n","protected":false},"excerpt":{"rendered":"<p>&nbsp; &nbsp;<\/p>\n","protected":false},"author":1,"featured_media":0,"parent":0,"menu_order":0,"comment_status":"closed","ping_status":"closed","template":"","meta":{"_exactmetrics_skip_tracking":false,"_exactmetrics_sitenote_active":false,"_exactmetrics_sitenote_note":"","_exactmetrics_sitenote_category":0,"footnotes":""},"class_list":["post-2010","page","type-page","status-publish","hentry"],"_links":{"self":[{"href":"https:\/\/koton.de\/de\/wp-json\/wp\/v2\/pages\/2010","targetHints":{"allow":["GET"]}}],"collection":[{"href":"https:\/\/koton.de\/de\/wp-json\/wp\/v2\/pages"}],"about":[{"href":"https:\/\/koton.de\/de\/wp-json\/wp\/v2\/types\/page"}],"author":[{"embeddable":true,"href":"https:\/\/koton.de\/de\/wp-json\/wp\/v2\/users\/1"}],"replies":[{"embeddable":true,"href":"https:\/\/koton.de\/de\/wp-json\/wp\/v2\/comments?post=2010"}],"version-history":[{"count":1,"href":"https:\/\/koton.de\/de\/wp-json\/wp\/v2\/pages\/2010\/revisions"}],"predecessor-version":[{"id":2698,"href":"https:\/\/koton.de\/de\/wp-json\/wp\/v2\/pages\/2010\/revisions\/2698"}],"wp:attachment":[{"href":"https:\/\/koton.de\/de\/wp-json\/wp\/v2\/media?parent=2010"}],"curies":[{"name":"wp","href":"https:\/\/api.w.org\/{rel}","templated":true}]}}