{"id":2,"date":"2013-11-11T15:03:34","date_gmt":"2013-11-11T15:03:34","guid":{"rendered":"http:\/\/koton.de\/de\/?page_id=2"},"modified":"2023-12-06T17:21:35","modified_gmt":"2023-12-06T15:21:35","slug":"impressum","status":"publish","type":"page","link":"https:\/\/koton.de\/de\/impressum\/","title":{"rendered":"Impressum"},"content":{"rendered":"<p><strong>KOTON e.K.<\/strong><\/p>\n<p>Barer Stra\u00dfe 38<br \/>\n80333 M\u00fcnchen<br \/>\nBRD<\/p>\n<p><strong>Inhaber :<br \/>\n<\/strong>Ewgenij Naum Koton<\/p>\n<p>HRA 100982 Amtsgericht M\u00fcnchen<br \/>\nSteuer-Nr. 145\/143\/40006<br \/>\nUst ID DE212211414<\/p>\n<p><strong>Copyright<br \/>\n<\/strong>Die in der Website enthaltenen Textbeitr\u00e4ge und Abbildungen sind urheberrechtlich gesch\u00fctzt. Das Copyright f\u00fcr Abbildungen liegt bei KOTON oder den genannten Herstellern.<br \/>\nAlle Teile der Website unterliegen dem Copyright und sind urheberrechtlich als Datensammelwerk gesch\u00fctzt. Jede Verwertung bedarf der schriftlichen Zustimmung von KOTON.<\/p>\n<p><strong>Haftungsausschluss<br \/>\n<\/strong>Trotz sorgf\u00e4ltiger inhaltlicher Kontrolle \u00fcbernehmen wir keine Haftung f\u00fcr die Inhalte externer Links. F\u00fcr den Inhalt der verlinkten Seiten sind ausschlie\u00dflich deren Betreiber selbst verantwortlich.<\/p>\n<p>&nbsp;<\/p>\n<p>&nbsp;<\/p>\n<div class=\"tnp tnp-subscription-minimal  \"><form action=\"https:\/\/koton.de\/de\/wp-admin\/admin-ajax.php?action=tnp&amp;na=s\" method=\"post\" style=\"text-align: center\"><input type=\"hidden\" name=\"nr\" value=\"minimal\">\n<input type=\"hidden\" name=\"nlang\" value=\"\">\n<input class=\"tnp-email\" type=\"email\" required name=\"ne\" value=\"\" placeholder=\"E-Mail-Adresse\"><input class=\"tnp-submit\" type=\"submit\" value=\"Abonnieren\" style=\"\">\n<\/form><\/div>\n\n","protected":false},"excerpt":{"rendered":"<p>KOTON e.K. Barer Stra\u00dfe 38 80333 M\u00fcnchen BRD Inhaber : Ewgenij Naum Koton HRA 100982 Amtsgericht M\u00fcnchen Steuer-Nr. 145\/143\/40006 Ust ID DE212211414 Copyright Die in der Website enthaltenen Textbeitr\u00e4ge und Abbildungen sind urheberrechtlich gesch\u00fctzt. Das Copyright f\u00fcr Abbildungen liegt bei KOTON oder den genannten Herstellern. Alle Teile der Website unterliegen dem Copyright und sind urheberrechtlich [&hellip;]<\/p>\n","protected":false},"author":1,"featured_media":0,"parent":0,"menu_order":0,"comment_status":"closed","ping_status":"closed","template":"","meta":{"_exactmetrics_skip_tracking":false,"_exactmetrics_sitenote_active":false,"_exactmetrics_sitenote_note":"","_exactmetrics_sitenote_category":0,"footnotes":""},"class_list":["post-2","page","type-page","status-publish","hentry"],"_links":{"self":[{"href":"https:\/\/koton.de\/de\/wp-json\/wp\/v2\/pages\/2","targetHints":{"allow":["GET"]}}],"collection":[{"href":"https:\/\/koton.de\/de\/wp-json\/wp\/v2\/pages"}],"about":[{"href":"https:\/\/koton.de\/de\/wp-json\/wp\/v2\/types\/page"}],"author":[{"embeddable":true,"href":"https:\/\/koton.de\/de\/wp-json\/wp\/v2\/users\/1"}],"replies":[{"embeddable":true,"href":"https:\/\/koton.de\/de\/wp-json\/wp\/v2\/comments?post=2"}],"version-history":[{"count":2,"href":"https:\/\/koton.de\/de\/wp-json\/wp\/v2\/pages\/2\/revisions"}],"predecessor-version":[{"id":2684,"href":"https:\/\/koton.de\/de\/wp-json\/wp\/v2\/pages\/2\/revisions\/2684"}],"wp:attachment":[{"href":"https:\/\/koton.de\/de\/wp-json\/wp\/v2\/media?parent=2"}],"curies":[{"name":"wp","href":"https:\/\/api.w.org\/{rel}","templated":true}]}}