{"id":1627,"date":"2021-05-06T16:26:01","date_gmt":"2021-05-06T14:26:01","guid":{"rendered":"https:\/\/koton.de\/de\/?page_id=1627"},"modified":"2024-04-18T11:16:47","modified_gmt":"2024-04-18T09:16:47","slug":"fritz-hansen","status":"publish","type":"page","link":"https:\/\/koton.de\/de\/fritz-hansen\/","title":{"rendered":"Fritz Hansen"},"content":{"rendered":"<p><strong>Seit \u00fcber 150 Jahren steht der M\u00f6belhersteller Fritz Hansen f\u00fcr exklusives Danish Design. Zeitlose Entw\u00fcrfe aus Holz und Metall von bekannten d\u00e4nischen Designern wie Arne Jacobsen, Hans J. Wegner und Poul Kj\u00e6rholm bedeuten damals wie heute Qualit\u00e4t, Nachhaltigkeit und Raffinesse und werden noch immer in D\u00e4nemark und Europa hergestellt. In unserem Showroom in M\u00fcnchen erwarten Sie bekannte Designklassiker, St\u00fchle und Tische aus D\u00e4nemark wie der Series 7, Swan Chair oder PK22.<\/strong><\/p>\n<p>&nbsp;<\/p>\n<hr \/>\n<p>&nbsp;<\/p>\n<div class=\"recent-posts clearfix\"><div class=\"four columns\">\n<div class=\"item clearfix\">\n\n    \n            \n                <div class=\"image-post-slider\">\n                    <ul>\n                                                    <li><a data-fancybox-group=\"lightbox\" href=\"https:\/\/koton.de\/de\/classic-70-jahre-series-7-von-fritz-hansen\/\" class=\"single-image link-icon\"><img loading=\"lazy\" decoding=\"async\" src=\"https:\/\/koton.de\/de\/wp-content\/uploads\/2025\/02\/Fritz_Hansen_Series_7_Stuhl_AJ_Koton_Design_Muenchen-580x360.webp\" width=\"580\" height=\"360\" alt=\"CLASSIC: 70 JAHRE SERIES 7 VON FRITZ HANSEN\" \/><\/a><\/li>\n                                                    <li><a data-fancybox-group=\"lightbox\" href=\"https:\/\/koton.de\/de\/classic-70-jahre-series-7-von-fritz-hansen\/\" class=\"single-image link-icon\"><img loading=\"lazy\" decoding=\"async\" src=\"https:\/\/koton.de\/de\/wp-content\/uploads\/2025\/02\/Fritz_Hansen_Series_7_Stuhl_Koton_Design_Muenchen-580x360.webp\" width=\"580\" height=\"360\" alt=\"CLASSIC: 70 JAHRE SERIES 7 VON FRITZ HANSEN\" \/><\/a><\/li>\n                                                    <li><a data-fancybox-group=\"lightbox\" href=\"https:\/\/koton.de\/de\/classic-70-jahre-series-7-von-fritz-hansen\/\" class=\"single-image link-icon\"><img loading=\"lazy\" decoding=\"async\" src=\"https:\/\/koton.de\/de\/wp-content\/uploads\/2025\/02\/Fritz_Hansen_Series_7_Stuhl_Koton_Design_Muenchen_Gepolstert-580x360.webp\" width=\"580\" height=\"360\" alt=\"CLASSIC: 70 JAHRE SERIES 7 VON FRITZ HANSEN\" \/><\/a><\/li>\n                                                    <li><a data-fancybox-group=\"lightbox\" href=\"https:\/\/koton.de\/de\/classic-70-jahre-series-7-von-fritz-hansen\/\" class=\"single-image link-icon\"><img loading=\"lazy\" decoding=\"async\" src=\"https:\/\/koton.de\/de\/wp-content\/uploads\/2025\/02\/Fritz_Hansen_Series_7_Kinderstuhl_Koton_Design_Muenchen-580x360.webp\" width=\"580\" height=\"360\" alt=\"CLASSIC: 70 JAHRE SERIES 7 VON FRITZ HANSEN\" \/><\/a><\/li>\n                                            <\/ul>\n                <\/div><!--\/ .image-post-slider-->\n\n                        \n    <div class=\"entry-meta\">\n\t\t\n\t\t<h5 class=\"title\"><a href=\"https:\/\/koton.de\/de\/classic-70-jahre-series-7-von-fritz-hansen\/\">CLASSIC: 70 JAHRE SERIES 7 VON FRITZ HANSEN<\/a><\/h5>\n\t\t\n\t\t\t\t\n\t<\/div><!--\/ .entry-meta-->\n\n    <div class=\"entry-body\">\n\n        <p>\n            Mit dem zeitlosen Stuhl der Serie 7&#x2122; entwarf der d\u00e4nische Designer Arne Jacobsen 1955 eine der bedeutendsten Ikonen der modernen M\u00f6 ...        <\/p>\n\t\t\n\t\t \n    <\/div><!--\/ .entry-body-->\n\n<\/div><!--\/ .item--><\/div><div class=\"four columns\">\n<div class=\"item clearfix\">\n\n    \n            \n                <div class=\"image-post-slider\">\n                    <ul>\n                                                    <li><a data-fancybox-group=\"lightbox\" href=\"https:\/\/koton.de\/de\/neu-buerostuhl-3217-von-fritz-hansen\/\" class=\"single-image link-icon\"><img loading=\"lazy\" decoding=\"async\" src=\"https:\/\/koton.de\/de\/wp-content\/uploads\/2023\/11\/Fritz_Hansen_Series-7_Buerostuhl_Koton_Muenchen-580x360.jpeg\" width=\"580\" height=\"360\" alt=\"CLASSIC: B\u00dcROSTUHL 3117 VON FRITZ HANSEN\" \/><\/a><\/li>\n                                                    <li><a data-fancybox-group=\"lightbox\" href=\"https:\/\/koton.de\/de\/neu-buerostuhl-3217-von-fritz-hansen\/\" class=\"single-image link-icon\"><img loading=\"lazy\" decoding=\"async\" src=\"https:\/\/koton.de\/de\/wp-content\/uploads\/2023\/11\/Fritz-Hansen_PK22_Series7_Buerostuhl_Koton_Design-e1701271360949-580x360.jpeg\" width=\"580\" height=\"360\" alt=\"CLASSIC: B\u00dcROSTUHL 3117 VON FRITZ HANSEN\" \/><\/a><\/li>\n                                                    <li><a data-fancybox-group=\"lightbox\" href=\"https:\/\/koton.de\/de\/neu-buerostuhl-3217-von-fritz-hansen\/\" class=\"single-image link-icon\"><img loading=\"lazy\" decoding=\"async\" src=\"https:\/\/koton.de\/de\/wp-content\/uploads\/2023\/11\/Fritz_Hansen_Series-7_3127_Buerostuhl_Koton_Muenchen-580x360.jpeg\" width=\"580\" height=\"360\" alt=\"CLASSIC: B\u00dcROSTUHL 3117 VON FRITZ HANSEN\" \/><\/a><\/li>\n                                            <\/ul>\n                <\/div><!--\/ .image-post-slider-->\n\n                        \n    <div class=\"entry-meta\">\n\t\t\n\t\t<h5 class=\"title\"><a href=\"https:\/\/koton.de\/de\/neu-buerostuhl-3217-von-fritz-hansen\/\">CLASSIC: B\u00dcROSTUHL 3117 VON FRITZ HANSEN<\/a><\/h5>\n\t\t\n\t\t\t\t\n\t<\/div><!--\/ .entry-meta-->\n\n    <div class=\"entry-body\">\n\n        <p>\n            Der klassische Esszimmerstuhl Series 7 von Arne Jacobsen f\u00fcr Fritz Hansen gilt als eine der bedeutendsten Designikonen der modernen M\u00f6belg ...        <\/p>\n\t\t\n\t\t \n    <\/div><!--\/ .entry-body-->\n\n<\/div><!--\/ .item--><\/div><div class=\"four columns\">\n<div class=\"item clearfix\">\n\n    \n            \n                <div class=\"image-post-slider\">\n                    <ul>\n                                                    <li><a data-fancybox-group=\"lightbox\" href=\"https:\/\/koton.de\/de\/neu-fritz-hansen-pk-22-lounge-chair\/\" class=\"single-image link-icon\"><img loading=\"lazy\" decoding=\"async\" src=\"https:\/\/koton.de\/de\/wp-content\/uploads\/2023\/11\/Fritz_Hansen_PK22_Lounge_Sessel_Koton_Design_Muenchen-580x360.jpeg\" width=\"580\" height=\"360\" alt=\"CLASSIC: FRITZ HANSEN PK22 LOUNGE CHAIR\" \/><\/a><\/li>\n                                                    <li><a data-fancybox-group=\"lightbox\" href=\"https:\/\/koton.de\/de\/neu-fritz-hansen-pk-22-lounge-chair\/\" class=\"single-image link-icon\"><img loading=\"lazy\" decoding=\"async\" src=\"https:\/\/koton.de\/de\/wp-content\/uploads\/2023\/11\/Fritz_Hansen_PK22_Lounge_Sessel_Bast_Koton_Muenchen-580x360.jpeg\" width=\"580\" height=\"360\" alt=\"CLASSIC: FRITZ HANSEN PK22 LOUNGE CHAIR\" \/><\/a><\/li>\n                                                    <li><a data-fancybox-group=\"lightbox\" href=\"https:\/\/koton.de\/de\/neu-fritz-hansen-pk-22-lounge-chair\/\" class=\"single-image link-icon\"><img loading=\"lazy\" decoding=\"async\" src=\"https:\/\/koton.de\/de\/wp-content\/uploads\/2023\/11\/Fritz_Hansen_PK22_Lounge_Chair_Koton_Muenchen-580x360.jpeg\" width=\"580\" height=\"360\" alt=\"CLASSIC: FRITZ HANSEN PK22 LOUNGE CHAIR\" \/><\/a><\/li>\n                                            <\/ul>\n                <\/div><!--\/ .image-post-slider-->\n\n                        \n    <div class=\"entry-meta\">\n\t\t\n\t\t<h5 class=\"title\"><a href=\"https:\/\/koton.de\/de\/neu-fritz-hansen-pk-22-lounge-chair\/\">CLASSIC: FRITZ HANSEN PK22 LOUNGE CHAIR<\/a><\/h5>\n\t\t\n\t\t\t\t\n\t<\/div><!--\/ .entry-meta-->\n\n    <div class=\"entry-body\">\n\n        <p>\n            Der d\u00e4nische Designer Poul Kj\u00e6rholm besch\u00e4ftigte sich sein gesamtes Leben mit der perfekten Form in den richtigen Dimensionen. Mit dem De ...        <\/p>\n\t\t\n\t\t \n    <\/div><!--\/ .entry-body-->\n\n<\/div><!--\/ .item--><\/div><div class=\"four columns\">\n<div class=\"item clearfix\">\n\n    \n            \n                <div class=\"image-post-slider\">\n                    <ul>\n                                                    <li><a data-fancybox-group=\"lightbox\" href=\"https:\/\/koton.de\/de\/neu-fritz-hansen-egg-chair-collectors-edition\/\" class=\"single-image link-icon\"><img loading=\"lazy\" decoding=\"async\" src=\"https:\/\/koton.de\/de\/wp-content\/uploads\/2023\/11\/Fritz_Hansen_Egg_Chair_Collectors_Edtion_2023_Gruen_Koton_Muenchen-e1699372362858-580x360.jpeg\" width=\"580\" height=\"360\" alt=\"NEU: FRITZ HANSEN EGG CHAIR COLLECTOR&#039;S EDITION\" \/><\/a><\/li>\n                                            <\/ul>\n                <\/div><!--\/ .image-post-slider-->\n\n                        \n    <div class=\"entry-meta\">\n\t\t\n\t\t<h5 class=\"title\"><a href=\"https:\/\/koton.de\/de\/neu-fritz-hansen-egg-chair-collectors-edition\/\">NEU: FRITZ HANSEN EGG CHAIR COLLECTOR&#039;S EDITION<\/a><\/h5>\n\t\t\n\t\t\t\t\n\t<\/div><!--\/ .entry-meta-->\n\n    <div class=\"entry-body\">\n\n        <p>\n            Der Egg Chair von Arne Jacobsen f\u00fcr Fritz Hansen gilt als einer der bekanntesten Designklassiker der Moderne. Zum Ende des Jahres 2023 lanc ...        <\/p>\n\t\t\n\t\t \n    <\/div><!--\/ .entry-body-->\n\n<\/div><!--\/ .item--><\/div><div class=\"four columns\">\n<div class=\"item clearfix\">\n\n    \n            \n                <div class=\"image-post-slider\">\n                    <ul>\n                                                    <li><a data-fancybox-group=\"lightbox\" href=\"https:\/\/koton.de\/de\/neu-fritz-hansen-concert-haengelampe\/\" class=\"single-image link-icon\"><img loading=\"lazy\" decoding=\"async\" src=\"https:\/\/koton.de\/de\/wp-content\/uploads\/2023\/11\/Fritz_Hansen_Concert_Haengeleuchte_Koton_Muenchen-580x360.jpeg\" width=\"580\" height=\"360\" alt=\"CLASSIC: FRITZ HANSEN CONCERT H\u00c4NGELAMPE\" \/><\/a><\/li>\n                                                    <li><a data-fancybox-group=\"lightbox\" href=\"https:\/\/koton.de\/de\/neu-fritz-hansen-concert-haengelampe\/\" class=\"single-image link-icon\"><img loading=\"lazy\" decoding=\"async\" src=\"https:\/\/koton.de\/de\/wp-content\/uploads\/2023\/11\/Fritz_Hansen_Concert_Haengelampe_Koton_Muenchen_2-580x360.jpeg\" width=\"580\" height=\"360\" alt=\"CLASSIC: FRITZ HANSEN CONCERT H\u00c4NGELAMPE\" \/><\/a><\/li>\n                                                    <li><a data-fancybox-group=\"lightbox\" href=\"https:\/\/koton.de\/de\/neu-fritz-hansen-concert-haengelampe\/\" class=\"single-image link-icon\"><img loading=\"lazy\" decoding=\"async\" src=\"https:\/\/koton.de\/de\/wp-content\/uploads\/2023\/11\/Fritz_Hansen_Concert_Haengelampe_Koton_Muenchen-580x360.jpeg\" width=\"580\" height=\"360\" alt=\"CLASSIC: FRITZ HANSEN CONCERT H\u00c4NGELAMPE\" \/><\/a><\/li>\n                                            <\/ul>\n                <\/div><!--\/ .image-post-slider-->\n\n                        \n    <div class=\"entry-meta\">\n\t\t\n\t\t<h5 class=\"title\"><a href=\"https:\/\/koton.de\/de\/neu-fritz-hansen-concert-haengelampe\/\">CLASSIC: FRITZ HANSEN CONCERT H\u00c4NGELAMPE<\/a><\/h5>\n\t\t\n\t\t\t\t\n\t<\/div><!--\/ .entry-meta-->\n\n    <div class=\"entry-body\">\n\n        <p>\n            J\u00f8rn Utzon wurde durch seinen Entwurf f\u00fcr das Opera House in Sydney welber\u00fchmt. Eine \u00e4hnliche Designsprache spricht die H\u00e4ngelampe Conc ...        <\/p>\n\t\t\n\t\t \n    <\/div><!--\/ .entry-body-->\n\n<\/div><!--\/ .item--><\/div><div class=\"four columns\">\n<div class=\"item clearfix\">\n\n    \n            \n                <div class=\"image-post-slider\">\n                    <ul>\n                                                    <li><a data-fancybox-group=\"lightbox\" href=\"https:\/\/koton.de\/de\/neu-fritz-hansen-pk15\/\" class=\"single-image link-icon\"><img loading=\"lazy\" decoding=\"async\" src=\"https:\/\/koton.de\/de\/wp-content\/uploads\/2023\/10\/Fritz_Hansen_PK15_Stuhl_Koton_Design_Muenchen_3-e1696425557557-580x360.jpeg\" width=\"580\" height=\"360\" alt=\"CLASSIC: FRITZ HANSEN PK15 STUHL\" \/><\/a><\/li>\n                                                    <li><a data-fancybox-group=\"lightbox\" href=\"https:\/\/koton.de\/de\/neu-fritz-hansen-pk15\/\" class=\"single-image link-icon\"><img loading=\"lazy\" decoding=\"async\" src=\"https:\/\/koton.de\/de\/wp-content\/uploads\/2023\/10\/Fritz_Hansen_PK15_Stuhl_Koton_Design_Muenchen_6-580x360.jpeg\" width=\"580\" height=\"360\" alt=\"CLASSIC: FRITZ HANSEN PK15 STUHL\" \/><\/a><\/li>\n                                                    <li><a data-fancybox-group=\"lightbox\" href=\"https:\/\/koton.de\/de\/neu-fritz-hansen-pk15\/\" class=\"single-image link-icon\"><img loading=\"lazy\" decoding=\"async\" src=\"https:\/\/koton.de\/de\/wp-content\/uploads\/2023\/10\/Fritz_Hansen_PK15_Stuhl_Koton_Design_Muenchen_5-e1696425536532-580x360.jpeg\" width=\"580\" height=\"360\" alt=\"CLASSIC: FRITZ HANSEN PK15 STUHL\" \/><\/a><\/li>\n                                                    <li><a data-fancybox-group=\"lightbox\" href=\"https:\/\/koton.de\/de\/neu-fritz-hansen-pk15\/\" class=\"single-image link-icon\"><img loading=\"lazy\" decoding=\"async\" src=\"https:\/\/koton.de\/de\/wp-content\/uploads\/2023\/10\/Fritz_Hansen_PK15_Stuhl_Koton_Design_Muenchen-580x360.jpeg\" width=\"580\" height=\"360\" alt=\"CLASSIC: FRITZ HANSEN PK15 STUHL\" \/><\/a><\/li>\n                                                    <li><a data-fancybox-group=\"lightbox\" href=\"https:\/\/koton.de\/de\/neu-fritz-hansen-pk15\/\" class=\"single-image link-icon\"><img loading=\"lazy\" decoding=\"async\" src=\"https:\/\/koton.de\/de\/wp-content\/uploads\/2023\/10\/Fritz_Hansen_PK15_Stuhl_Koton_Design_Muenchen_2-e1696425577763-580x360.jpeg\" width=\"580\" height=\"360\" alt=\"CLASSIC: FRITZ HANSEN PK15 STUHL\" \/><\/a><\/li>\n                                                    <li><a data-fancybox-group=\"lightbox\" href=\"https:\/\/koton.de\/de\/neu-fritz-hansen-pk15\/\" class=\"single-image link-icon\"><img loading=\"lazy\" decoding=\"async\" src=\"https:\/\/koton.de\/de\/wp-content\/uploads\/2023\/10\/Fritz_Hansen_PK15_Stuhl_Koton_Design_Muenchen_4-580x360.jpeg\" width=\"580\" height=\"360\" alt=\"CLASSIC: FRITZ HANSEN PK15 STUHL\" \/><\/a><\/li>\n                                            <\/ul>\n                <\/div><!--\/ .image-post-slider-->\n\n                        \n    <div class=\"entry-meta\">\n\t\t\n\t\t<h5 class=\"title\"><a href=\"https:\/\/koton.de\/de\/neu-fritz-hansen-pk15\/\">CLASSIC: FRITZ HANSEN PK15 STUHL<\/a><\/h5>\n\t\t\n\t\t\t\t\n\t<\/div><!--\/ .entry-meta-->\n\n    <div class=\"entry-body\">\n\n        <p>\n            Im letzten Entwurf des d\u00e4nischen Designers Poul Kj\u00e6rholm , dem Holzstuhl PK15&#x2122; von Fritz Hansen, zeigt sich einmal mehr dessen Lieb ...        <\/p>\n\t\t\n\t\t \n    <\/div><!--\/ .entry-body-->\n\n<\/div><!--\/ .item--><\/div><div class=\"four columns\">\n<div class=\"item clearfix\">\n\n    \n            \n                <div class=\"image-post-slider\">\n                    <ul>\n                                                    <li><a data-fancybox-group=\"lightbox\" href=\"https:\/\/koton.de\/de\/neu-pk15-von-fritz-hansen\/\" class=\"single-image link-icon\"><img loading=\"lazy\" decoding=\"async\" src=\"https:\/\/koton.de\/de\/wp-content\/uploads\/2023\/09\/Fritz_Hansen_PK15_Stuhl_Koton_Design_Muenchen_2-e1694597282277-580x360.jpeg\" width=\"580\" height=\"360\" alt=\"CLASSIC: PK15 VON FRITZ HANSEN\" \/><\/a><\/li>\n                                                    <li><a data-fancybox-group=\"lightbox\" href=\"https:\/\/koton.de\/de\/neu-pk15-von-fritz-hansen\/\" class=\"single-image link-icon\"><img loading=\"lazy\" decoding=\"async\" src=\"https:\/\/koton.de\/de\/wp-content\/uploads\/2023\/09\/Fritz_Hansen_PK15_Stuhl_Koton_Design_Muenchen_4-580x360.jpeg\" width=\"580\" height=\"360\" alt=\"CLASSIC: PK15 VON FRITZ HANSEN\" \/><\/a><\/li>\n                                                    <li><a data-fancybox-group=\"lightbox\" href=\"https:\/\/koton.de\/de\/neu-pk15-von-fritz-hansen\/\" class=\"single-image link-icon\"><img loading=\"lazy\" decoding=\"async\" src=\"https:\/\/koton.de\/de\/wp-content\/uploads\/2023\/09\/Fritz_Hansen_PK15_Stuhl_Koton_Design_Muenchen_5-e1694597335812-580x360.jpeg\" width=\"580\" height=\"360\" alt=\"CLASSIC: PK15 VON FRITZ HANSEN\" \/><\/a><\/li>\n                                                    <li><a data-fancybox-group=\"lightbox\" href=\"https:\/\/koton.de\/de\/neu-pk15-von-fritz-hansen\/\" class=\"single-image link-icon\"><img loading=\"lazy\" decoding=\"async\" src=\"https:\/\/koton.de\/de\/wp-content\/uploads\/2023\/09\/Fritz_Hansen_PK15_Stuhl_Koton_Design_Muenchen_6-e1694597369261-580x360.jpeg\" width=\"580\" height=\"360\" alt=\"CLASSIC: PK15 VON FRITZ HANSEN\" \/><\/a><\/li>\n                                                    <li><a data-fancybox-group=\"lightbox\" href=\"https:\/\/koton.de\/de\/neu-pk15-von-fritz-hansen\/\" class=\"single-image link-icon\"><img loading=\"lazy\" decoding=\"async\" src=\"https:\/\/koton.de\/de\/wp-content\/uploads\/2023\/09\/Fritz_Hansen_PK15_Stuhl_Koton_Design_Muenchen_3-e1694597307790-580x360.jpeg\" width=\"580\" height=\"360\" alt=\"CLASSIC: PK15 VON FRITZ HANSEN\" \/><\/a><\/li>\n                                                    <li><a data-fancybox-group=\"lightbox\" href=\"https:\/\/koton.de\/de\/neu-pk15-von-fritz-hansen\/\" class=\"single-image link-icon\"><img loading=\"lazy\" decoding=\"async\" src=\"https:\/\/koton.de\/de\/wp-content\/uploads\/2023\/09\/Fritz_Hansen_PK15_Stuhl_Koton_Design_Muenchen-e1694597405169-580x360.jpeg\" width=\"580\" height=\"360\" alt=\"CLASSIC: PK15 VON FRITZ HANSEN\" \/><\/a><\/li>\n                                            <\/ul>\n                <\/div><!--\/ .image-post-slider-->\n\n                        \n    <div class=\"entry-meta\">\n\t\t\n\t\t<h5 class=\"title\"><a href=\"https:\/\/koton.de\/de\/neu-pk15-von-fritz-hansen\/\">CLASSIC: PK15 VON FRITZ HANSEN<\/a><\/h5>\n\t\t\n\t\t\t\t\n\t<\/div><!--\/ .entry-meta-->\n\n    <div class=\"entry-body\">\n\n        <p>\n            Der d\u00e4nische Tischler und Designer Poul Kj\u00e6rholm verschrieb sich klaren Linien und organischenen Formen sowie tiefem Respekt gegen\u00fcber Ma ...        <\/p>\n\t\t\n\t\t \n    <\/div><!--\/ .entry-body-->\n\n<\/div><!--\/ .item--><\/div><div class=\"four columns\">\n<div class=\"item clearfix\">\n\n    \n            \n                <div class=\"image-post-slider\">\n                    <ul>\n                                                    <li><a data-fancybox-group=\"lightbox\" href=\"https:\/\/koton.de\/de\/neu-fritz-hansen-ikebana-vase-aus-edelstahl\/\" class=\"single-image link-icon\"><img loading=\"lazy\" decoding=\"async\" src=\"http:\/\/koton.de\/de\/wp-content\/uploads\/2023\/06\/FH_Ikebana_longe_stainless_steel_RGB-e1687955652862-580x360.jpg\" width=\"580\" height=\"360\" alt=\"CLASSIC: FRITZ HANSEN IKEBANA VASE AUS EDELSTAHL\" \/><\/a><\/li>\n                                                    <li><a data-fancybox-group=\"lightbox\" href=\"https:\/\/koton.de\/de\/neu-fritz-hansen-ikebana-vase-aus-edelstahl\/\" class=\"single-image link-icon\"><img loading=\"lazy\" decoding=\"async\" src=\"http:\/\/koton.de\/de\/wp-content\/uploads\/2023\/06\/Fritz-Hansen-Ikebana-Vase-H-155-mm-glass-messing-Koton-Muenchen-e1687955788102-580x360.jpg\" width=\"580\" height=\"360\" alt=\"CLASSIC: FRITZ HANSEN IKEBANA VASE AUS EDELSTAHL\" \/><\/a><\/li>\n                                                    <li><a data-fancybox-group=\"lightbox\" href=\"https:\/\/koton.de\/de\/neu-fritz-hansen-ikebana-vase-aus-edelstahl\/\" class=\"single-image link-icon\"><img loading=\"lazy\" decoding=\"async\" src=\"http:\/\/koton.de\/de\/wp-content\/uploads\/2023\/06\/fritz-hansen-ikebana-vase-koton-muenchen-e1687955909269-580x360.jpeg\" width=\"580\" height=\"360\" alt=\"CLASSIC: FRITZ HANSEN IKEBANA VASE AUS EDELSTAHL\" \/><\/a><\/li>\n                                            <\/ul>\n                <\/div><!--\/ .image-post-slider-->\n\n                        \n    <div class=\"entry-meta\">\n\t\t\n\t\t<h5 class=\"title\"><a href=\"https:\/\/koton.de\/de\/neu-fritz-hansen-ikebana-vase-aus-edelstahl\/\">CLASSIC: FRITZ HANSEN IKEBANA VASE AUS EDELSTAHL<\/a><\/h5>\n\t\t\n\t\t\t\t\n\t<\/div><!--\/ .entry-meta-->\n\n    <div class=\"entry-body\">\n\n        <p>\n            Die Steckvase Ikebana erm\u00f6glicht kunstvolle Blumenarrangements nach alter japanischer Tradition. Die Neuinterpretation des spanischen Desig ...        <\/p>\n\t\t\n\t\t \n    <\/div><!--\/ .entry-body-->\n\n<\/div><!--\/ .item--><\/div><\/div>\n<p>&nbsp;<\/p>\n<hr \/>\n<p>&nbsp;<\/p>\n<div class=\"tnp tnp-subscription-minimal  \"><form action=\"https:\/\/koton.de\/de\/wp-admin\/admin-ajax.php?action=tnp&amp;na=s\" method=\"post\" style=\"text-align: center\"><input type=\"hidden\" name=\"nr\" value=\"minimal\">\n<input type=\"hidden\" name=\"nlang\" value=\"\">\n<input class=\"tnp-email\" type=\"email\" required name=\"ne\" value=\"\" placeholder=\"E-Mail-Adresse\"><input class=\"tnp-submit\" type=\"submit\" value=\"Abonnieren\" style=\"\">\n<\/form><\/div>\n\n","protected":false},"excerpt":{"rendered":"<p>Seit \u00fcber 150 Jahren steht der M\u00f6belhersteller Fritz Hansen f\u00fcr exklusives Danish Design. Zeitlose Entw\u00fcrfe aus Holz und Metall von bekannten d\u00e4nischen Designern wie Arne Jacobsen, Hans J. Wegner und Poul Kj\u00e6rholm bedeuten damals wie heute Qualit\u00e4t, Nachhaltigkeit und Raffinesse und werden noch immer in D\u00e4nemark und Europa hergestellt. In unserem Showroom in M\u00fcnchen erwarten [&hellip;]<\/p>\n","protected":false},"author":1,"featured_media":0,"parent":0,"menu_order":0,"comment_status":"closed","ping_status":"closed","template":"","meta":{"_exactmetrics_skip_tracking":false,"_exactmetrics_sitenote_active":false,"_exactmetrics_sitenote_note":"","_exactmetrics_sitenote_category":0,"footnotes":""},"class_list":["post-1627","page","type-page","status-publish","hentry"],"_links":{"self":[{"href":"https:\/\/koton.de\/de\/wp-json\/wp\/v2\/pages\/1627","targetHints":{"allow":["GET"]}}],"collection":[{"href":"https:\/\/koton.de\/de\/wp-json\/wp\/v2\/pages"}],"about":[{"href":"https:\/\/koton.de\/de\/wp-json\/wp\/v2\/types\/page"}],"author":[{"embeddable":true,"href":"https:\/\/koton.de\/de\/wp-json\/wp\/v2\/users\/1"}],"replies":[{"embeddable":true,"href":"https:\/\/koton.de\/de\/wp-json\/wp\/v2\/comments?post=1627"}],"version-history":[{"count":5,"href":"https:\/\/koton.de\/de\/wp-json\/wp\/v2\/pages\/1627\/revisions"}],"predecessor-version":[{"id":3124,"href":"https:\/\/koton.de\/de\/wp-json\/wp\/v2\/pages\/1627\/revisions\/3124"}],"wp:attachment":[{"href":"https:\/\/koton.de\/de\/wp-json\/wp\/v2\/media?parent=1627"}],"curies":[{"name":"wp","href":"https:\/\/api.w.org\/{rel}","templated":true}]}}