{"id":1539,"date":"2020-07-14T15:06:07","date_gmt":"2020-07-14T13:06:07","guid":{"rendered":"http:\/\/koton.de\/de\/?page_id=1539"},"modified":"2024-05-17T13:10:00","modified_gmt":"2024-05-17T11:10:00","slug":"usm-haller","status":"publish","type":"page","link":"https:\/\/koton.de\/de\/usm-haller\/","title":{"rendered":"USM Haller"},"content":{"rendered":"<p style=\"font-weight: 400; text-align: left;\"><strong>Das Schweizer Traditionsunternehmen USM steht f\u00fcr Modularit\u00e4t wie kaum ein anderer M\u00f6belhersteller. Das flexible M\u00f6belbausystem aus Stahlrohren, Chromkugeln und Blechw\u00e4nden in verschiedenfarbigen Lackierungen steht seit \u00fcber 50 Jahren f\u00fcr Variation und Langlebigkeit. F\u00fcr individuelle und zeitlose Designs f\u00fcr den Wohn- oder B\u00fcrobereich von USM stehen wir Ihnen gerne beratend zur Seite - vor Ort in der Barer Str. 38, M\u00fcnchen oder per Mail an usm<span lang=\"PT\">@koton.de .<\/span><\/strong><\/p>\n<p>&nbsp;<\/p>\n<hr \/>\n<p>&nbsp;<\/p>\n<div class=\"recent-posts clearfix\"><div class=\"four columns\">\n<div class=\"item clearfix\">\n\n    \n            \n                <div class=\"image-post-slider\">\n                    <ul>\n                                                    <li><a data-fancybox-group=\"lightbox\" href=\"https:\/\/koton.de\/de\/neu-usm-haller-olivgruen-im-standardprogramm\/\" class=\"single-image link-icon\"><img loading=\"lazy\" decoding=\"async\" src=\"https:\/\/koton.de\/de\/wp-content\/uploads\/2024\/02\/USM_Haller_Olivgruen_Limited_Edition_Koton_Muenchen-scaled-580x360.jpg\" width=\"580\" height=\"360\" alt=\"NEU: USM HALLER OLIVGR\u00dcN IM STANDARDPROGRAMM\" \/><\/a><\/li>\n                                                    <li><a data-fancybox-group=\"lightbox\" href=\"https:\/\/koton.de\/de\/neu-usm-haller-olivgruen-im-standardprogramm\/\" class=\"single-image link-icon\"><img loading=\"lazy\" decoding=\"async\" src=\"https:\/\/koton.de\/de\/wp-content\/uploads\/2024\/02\/USM_Haller_Olivgruen_Sideboard_Koton_Design_Muenchen_2-scaled-580x360.jpg\" width=\"580\" height=\"360\" alt=\"NEU: USM HALLER OLIVGR\u00dcN IM STANDARDPROGRAMM\" \/><\/a><\/li>\n                                                    <li><a data-fancybox-group=\"lightbox\" href=\"https:\/\/koton.de\/de\/neu-usm-haller-olivgruen-im-standardprogramm\/\" class=\"single-image link-icon\"><img loading=\"lazy\" decoding=\"async\" src=\"https:\/\/koton.de\/de\/wp-content\/uploads\/2023\/10\/USM_Haller_Sonderfarbe_Olivgruen_Sideboard_Koton_Muenchen-e1696943371797-580x360.jpeg\" width=\"580\" height=\"360\" alt=\"NEU: USM HALLER OLIVGR\u00dcN IM STANDARDPROGRAMM\" \/><\/a><\/li>\n                                                    <li><a data-fancybox-group=\"lightbox\" href=\"https:\/\/koton.de\/de\/neu-usm-haller-olivgruen-im-standardprogramm\/\" class=\"single-image link-icon\"><img loading=\"lazy\" decoding=\"async\" src=\"https:\/\/koton.de\/de\/wp-content\/uploads\/2024\/02\/USM_Haller_Olivgruen_Barwagen_Koton_Muenchen_2-scaled-580x360.jpg\" width=\"580\" height=\"360\" alt=\"NEU: USM HALLER OLIVGR\u00dcN IM STANDARDPROGRAMM\" \/><\/a><\/li>\n                                            <\/ul>\n                <\/div><!--\/ .image-post-slider-->\n\n                        \n    <div class=\"entry-meta\">\n\t\t\n\t\t<h5 class=\"title\"><a href=\"https:\/\/koton.de\/de\/neu-usm-haller-olivgruen-im-standardprogramm\/\">NEU: USM HALLER OLIVGR\u00dcN IM STANDARDPROGRAMM<\/a><\/h5>\n\t\t\n\t\t\t\t\n\t<\/div><!--\/ .entry-meta-->\n\n    <div class=\"entry-body\">\n\n        <p>\n            Aufgrund gro\u00dfer Nachfrage und hoher Beliebtheit wird der Farbton Olivgr\u00fcn zum 17. Juli ins Standarprogramm von USM Haller aufgenommen. Dur ...        <\/p>\n\t\t\n\t\t \n    <\/div><!--\/ .entry-body-->\n\n<\/div><!--\/ .item--><\/div><div class=\"four columns\">\n<div class=\"item clearfix\">\n\n    \n            \n                <div class=\"image-post-slider\">\n                    <ul>\n                                                    <li><a data-fancybox-group=\"lightbox\" href=\"https:\/\/koton.de\/de\/neu-usm-haller-sitzbank\/\" class=\"single-image link-icon\"><img loading=\"lazy\" decoding=\"async\" src=\"https:\/\/koton.de\/de\/wp-content\/uploads\/2024\/07\/USM_Haller_Sitzbank_Regal_Koton_Design_Muenchen-e1721126202981-580x360.png\" width=\"580\" height=\"360\" alt=\"NEU: USM HALLER SITZBANK\" \/><\/a><\/li>\n                                                    <li><a data-fancybox-group=\"lightbox\" href=\"https:\/\/koton.de\/de\/neu-usm-haller-sitzbank\/\" class=\"single-image link-icon\"><img loading=\"lazy\" decoding=\"async\" src=\"https:\/\/koton.de\/de\/wp-content\/uploads\/2024\/07\/USM_Haller_Sitzbank_Regal_Koton_Design_Muenchen_2-e1721126172605-580x360.png\" width=\"580\" height=\"360\" alt=\"NEU: USM HALLER SITZBANK\" \/><\/a><\/li>\n                                            <\/ul>\n                <\/div><!--\/ .image-post-slider-->\n\n                        \n    <div class=\"entry-meta\">\n\t\t\n\t\t<h5 class=\"title\"><a href=\"https:\/\/koton.de\/de\/neu-usm-haller-sitzbank\/\">NEU: USM HALLER SITZBANK<\/a><\/h5>\n\t\t\n\t\t\t\t\n\t<\/div><!--\/ .entry-meta-->\n\n    <div class=\"entry-body\">\n\n        <p>\n            Auf der Salone del Mobile 2024 in Mailand erstmals vorgestellt, zeugt diese Sitzbank\/Regal-Kombination von USM Haller von den unz\u00e4hligen Ko ...        <\/p>\n\t\t\n\t\t \n    <\/div><!--\/ .entry-body-->\n\n<\/div><!--\/ .item--><\/div><div class=\"four columns\">\n<div class=\"item clearfix\">\n\n    \n            \n                <div class=\"image-post-slider\">\n                    <ul>\n                                                    <li><a data-fancybox-group=\"lightbox\" href=\"https:\/\/koton.de\/de\/neu-usm-haller-sonderfarbe-olivgruen\/\" class=\"single-image link-icon\"><img loading=\"lazy\" decoding=\"async\" src=\"https:\/\/koton.de\/de\/wp-content\/uploads\/2023\/10\/USM_Haller_Sideboard_Olivgruen_Sonderfarbe_Koton_Muenchen_2-e1696943342192-580x360.jpeg\" width=\"580\" height=\"360\" alt=\"NEU: USM HALLER SONDERFARBE OLIVGR\u00dcN\" \/><\/a><\/li>\n                                                    <li><a data-fancybox-group=\"lightbox\" href=\"https:\/\/koton.de\/de\/neu-usm-haller-sonderfarbe-olivgruen\/\" class=\"single-image link-icon\"><img loading=\"lazy\" decoding=\"async\" src=\"https:\/\/koton.de\/de\/wp-content\/uploads\/2023\/10\/USM_Haller_Sideboard_Olivgruen_Sonderfarbe_Koton_Muenchen-580x360.jpeg\" width=\"580\" height=\"360\" alt=\"NEU: USM HALLER SONDERFARBE OLIVGR\u00dcN\" \/><\/a><\/li>\n                                                    <li><a data-fancybox-group=\"lightbox\" href=\"https:\/\/koton.de\/de\/neu-usm-haller-sonderfarbe-olivgruen\/\" class=\"single-image link-icon\"><img loading=\"lazy\" decoding=\"async\" src=\"https:\/\/koton.de\/de\/wp-content\/uploads\/2023\/10\/USM_Haller_Olivgruen_Barwagen_Koton_Muenchen-e1696943319788-580x360.jpeg\" width=\"580\" height=\"360\" alt=\"NEU: USM HALLER SONDERFARBE OLIVGR\u00dcN\" \/><\/a><\/li>\n                                                    <li><a data-fancybox-group=\"lightbox\" href=\"https:\/\/koton.de\/de\/neu-usm-haller-sonderfarbe-olivgruen\/\" class=\"single-image link-icon\"><img loading=\"lazy\" decoding=\"async\" src=\"https:\/\/koton.de\/de\/wp-content\/uploads\/2023\/10\/USM_Haller_Sonderfarbe_Olivgruen_Sideboard_Koton_Muenchen-e1696943371797-580x360.jpeg\" width=\"580\" height=\"360\" alt=\"NEU: USM HALLER SONDERFARBE OLIVGR\u00dcN\" \/><\/a><\/li>\n                                            <\/ul>\n                <\/div><!--\/ .image-post-slider-->\n\n                        \n    <div class=\"entry-meta\">\n\t\t\n\t\t<h5 class=\"title\"><a href=\"https:\/\/koton.de\/de\/neu-usm-haller-sonderfarbe-olivgruen\/\">NEU: USM HALLER SONDERFARBE OLIVGR\u00dcN<\/a><\/h5>\n\t\t\n\t\t\t\t\n\t<\/div><!--\/ .entry-meta-->\n\n    <div class=\"entry-body\">\n\n        <p>\n            Durch ihren organischen Ursprung verspr\u00fcht die Farbe Olivgr\u00fcn beruhigende und erdende Eigenschaften und passt somit ausgezeichnet zu Mater ...        <\/p>\n\t\t\n\t\t \n    <\/div><!--\/ .entry-body-->\n\n<\/div><!--\/ .item--><\/div><div class=\"four columns\">\n<div class=\"item clearfix\">\n\n    \n            \n                <div class=\"image-post-slider\">\n                    <ul>\n                                                    <li><a data-fancybox-group=\"lightbox\" href=\"https:\/\/koton.de\/de\/usm-haller-pflanzenwelten-bei-koton\/\" class=\"single-image link-icon\"><img loading=\"lazy\" decoding=\"async\" src=\"http:\/\/koton.de\/de\/wp-content\/uploads\/2021\/05\/pflanzenwelten-shop-2.jpg.466x466_q90_box-74011143483719_crop-580x360.jpg\" width=\"580\" height=\"360\" alt=\"USM Haller Pflanzenwelten bei KOTON\" \/><\/a><\/li>\n                                                    <li><a data-fancybox-group=\"lightbox\" href=\"https:\/\/koton.de\/de\/usm-haller-pflanzenwelten-bei-koton\/\" class=\"single-image link-icon\"><img loading=\"lazy\" decoding=\"async\" src=\"http:\/\/koton.de\/de\/wp-content\/uploads\/2021\/05\/USM_Pflanzen005-580x360.jpg\" width=\"580\" height=\"360\" alt=\"USM Haller Pflanzenwelten bei KOTON\" \/><\/a><\/li>\n                                                    <li><a data-fancybox-group=\"lightbox\" href=\"https:\/\/koton.de\/de\/usm-haller-pflanzenwelten-bei-koton\/\" class=\"single-image link-icon\"><img loading=\"lazy\" decoding=\"async\" src=\"http:\/\/koton.de\/de\/wp-content\/uploads\/2021\/05\/USM_0019841-scaled-1712x1302-1-580x360.jpg\" width=\"580\" height=\"360\" alt=\"USM Haller Pflanzenwelten bei KOTON\" \/><\/a><\/li>\n                                                    <li><a data-fancybox-group=\"lightbox\" href=\"https:\/\/koton.de\/de\/usm-haller-pflanzenwelten-bei-koton\/\" class=\"single-image link-icon\"><img loading=\"lazy\" decoding=\"async\" src=\"http:\/\/koton.de\/de\/wp-content\/uploads\/2021\/05\/usm-haller-wardrobe-plants-mediumgrey-1-pro-b-arcit18-scaled-580x360.jpg\" width=\"580\" height=\"360\" alt=\"USM Haller Pflanzenwelten bei KOTON\" \/><\/a><\/li>\n                                            <\/ul>\n                <\/div><!--\/ .image-post-slider-->\n\n                        \n    <div class=\"entry-meta\">\n\t\t\n\t\t<h5 class=\"title\"><a href=\"https:\/\/koton.de\/de\/usm-haller-pflanzenwelten-bei-koton\/\">USM Haller Pflanzenwelten bei KOTON<\/a><\/h5>\n\t\t\n\t\t\t\t\n\t<\/div><!--\/ .entry-meta-->\n\n    <div class=\"entry-body\">\n\n        <p>\n            Urban Jungle Zuhause oder B\u00fcro? Das neue Pflanzenzubeh\u00f6r f\u00fcr USM Haller kann, dank dem Prinzip der R\u00fcckw\u00e4rtskompatibilit\u00e4t, problemlos ...        <\/p>\n\t\t\n\t\t \n    <\/div><!--\/ .entry-body-->\n\n<\/div><!--\/ .item--><\/div><\/div>\n<p>&nbsp;<\/p>\n<hr \/>\n<p>&nbsp;<\/p>\n<h3 style=\"text-align: center;\"><span style=\"color: #000000;\"><strong>\u2192 <a href=\"https:\/\/affiliate.usm.com\/configurator\/0012p00003JpIBBAA3\">Hier geht's zum USM Konfigurator<\/a> \u2190<\/strong><\/span><\/h3>\n<h3 style=\"text-align: center;\"><span style=\"color: #000000;\"><strong>\u2192 <a href=\"https:\/\/affiliate.usm.com\/shop\/0012p00003JpIBBAA3\">Hier geht's zum USM SHOP<\/a> \u2190<\/strong><\/span><\/h3>\n<p>&nbsp;<\/p>\n<hr \/>\n<p>&nbsp;<\/p>\n<p style=\"text-align: left;\"><div class=\"tnp tnp-subscription-minimal  \"><form action=\"https:\/\/koton.de\/de\/wp-admin\/admin-ajax.php?action=tnp&amp;na=s\" method=\"post\" style=\"text-align: center\"><input type=\"hidden\" name=\"nr\" value=\"minimal\">\n<input type=\"hidden\" name=\"nlang\" value=\"\">\n<input class=\"tnp-email\" type=\"email\" required name=\"ne\" value=\"\" placeholder=\"E-Mail-Adresse\"><input class=\"tnp-submit\" type=\"submit\" value=\"Abonnieren\" style=\"\">\n<\/form><\/div>\n<\/p>\n","protected":false},"excerpt":{"rendered":"<p>Das Schweizer Traditionsunternehmen USM steht f\u00fcr Modularit\u00e4t wie kaum ein anderer M\u00f6belhersteller. Das flexible M\u00f6belbausystem aus Stahlrohren, Chromkugeln und Blechw\u00e4nden in verschiedenfarbigen Lackierungen steht seit \u00fcber 50 Jahren f\u00fcr Variation und Langlebigkeit. F\u00fcr individuelle und zeitlose Designs f\u00fcr den Wohn- oder B\u00fcrobereich von USM stehen wir Ihnen gerne beratend zur Seite &#8211; vor Ort in [&hellip;]<\/p>\n","protected":false},"author":1,"featured_media":0,"parent":0,"menu_order":0,"comment_status":"closed","ping_status":"closed","template":"","meta":{"_exactmetrics_skip_tracking":false,"_exactmetrics_sitenote_active":false,"_exactmetrics_sitenote_note":"","_exactmetrics_sitenote_category":0,"footnotes":""},"class_list":["post-1539","page","type-page","status-publish","hentry"],"_links":{"self":[{"href":"https:\/\/koton.de\/de\/wp-json\/wp\/v2\/pages\/1539","targetHints":{"allow":["GET"]}}],"collection":[{"href":"https:\/\/koton.de\/de\/wp-json\/wp\/v2\/pages"}],"about":[{"href":"https:\/\/koton.de\/de\/wp-json\/wp\/v2\/types\/page"}],"author":[{"embeddable":true,"href":"https:\/\/koton.de\/de\/wp-json\/wp\/v2\/users\/1"}],"replies":[{"embeddable":true,"href":"https:\/\/koton.de\/de\/wp-json\/wp\/v2\/comments?post=1539"}],"version-history":[{"count":14,"href":"https:\/\/koton.de\/de\/wp-json\/wp\/v2\/pages\/1539\/revisions"}],"predecessor-version":[{"id":3217,"href":"https:\/\/koton.de\/de\/wp-json\/wp\/v2\/pages\/1539\/revisions\/3217"}],"wp:attachment":[{"href":"https:\/\/koton.de\/de\/wp-json\/wp\/v2\/media?parent=1539"}],"curies":[{"name":"wp","href":"https:\/\/api.w.org\/{rel}","templated":true}]}}