{"id":1472,"date":"2019-09-20T11:20:53","date_gmt":"2019-09-20T09:20:53","guid":{"rendered":"http:\/\/koton.de\/de\/?page_id=1472"},"modified":"2024-04-23T14:16:27","modified_gmt":"2024-04-23T12:16:27","slug":"muuto","status":"publish","type":"page","link":"https:\/\/koton.de\/de\/muuto\/","title":{"rendered":"MUUTO"},"content":{"rendered":"<p><strong>Der Name Muuto leitet sich vom finnischen Wort \"muutos\" ab, was so viel wie \"neue Perspektiven\" bedeutet. Das spiegelt sich vor allem in der Designphilosophie des nordischen M\u00f6belherstellers wieder, die von f\u00fchrenden zeitgen\u00f6ssischen Designern gepr\u00e4gt wird. Muuto steht f\u00fcr skandinavisches Design von heute und enwickelte innovative Produkte wie den Cover Arm Chair, dem In Situ Sofa oder der Post Wall Lamp, die sich innerhalb k\u00fcrzester Zeit zu Designklassikern entwickelten. Besuchen Sie uns gerne in unserem Muuto-Showroom in M\u00fcnchen!<\/strong><\/p>\n<p>&nbsp;<\/p>\n<hr \/>\n<p>&nbsp;<\/p>\n<div class=\"recent-posts clearfix\"><div class=\"four columns\">\n<div class=\"item clearfix\">\n\n    \n            \n                <div class=\"image-post-slider\">\n                    <ul>\n                                                    <li><a data-fancybox-group=\"lightbox\" href=\"https:\/\/koton.de\/de\/neu-muuto-cover-sessel\/\" class=\"single-image link-icon\"><img loading=\"lazy\" decoding=\"async\" src=\"https:\/\/koton.de\/de\/wp-content\/uploads\/2023\/11\/Muuto_Cover_Stuhl_Koton_Design_Muenchen-580x360.jpg\" width=\"580\" height=\"360\" alt=\"CLASSIC: MUUTO COVER SESSEL\" \/><\/a><\/li>\n                                                    <li><a data-fancybox-group=\"lightbox\" href=\"https:\/\/koton.de\/de\/neu-muuto-cover-sessel\/\" class=\"single-image link-icon\"><img loading=\"lazy\" decoding=\"async\" src=\"https:\/\/koton.de\/de\/wp-content\/uploads\/2023\/11\/Muuto_Cover_Stuhl_Koton_Design_Muenchen_1-580x360.jpg\" width=\"580\" height=\"360\" alt=\"CLASSIC: MUUTO COVER SESSEL\" \/><\/a><\/li>\n                                                    <li><a data-fancybox-group=\"lightbox\" href=\"https:\/\/koton.de\/de\/neu-muuto-cover-sessel\/\" class=\"single-image link-icon\"><img loading=\"lazy\" decoding=\"async\" src=\"https:\/\/koton.de\/de\/wp-content\/uploads\/2023\/11\/Muuto_Cover_Stuhl_Armlehne_Koton_Design_Muenchen-580x360.jpg\" width=\"580\" height=\"360\" alt=\"CLASSIC: MUUTO COVER SESSEL\" \/><\/a><\/li>\n                                            <\/ul>\n                <\/div><!--\/ .image-post-slider-->\n\n                        \n    <div class=\"entry-meta\">\n\t\t\n\t\t<h5 class=\"title\"><a href=\"https:\/\/koton.de\/de\/neu-muuto-cover-sessel\/\">CLASSIC: MUUTO COVER SESSEL<\/a><\/h5>\n\t\t\n\t\t\t\t\n\t<\/div><!--\/ .entry-meta-->\n\n    <div class=\"entry-body\">\n\n        <p>\n            Der Holzsessel Cover von muuto vereint modernes Design mit traditioneller Handwerkskunst. Durch seine geschwungene R\u00fcckenlehne und gefaltet ...        <\/p>\n\t\t\n\t\t \n    <\/div><!--\/ .entry-body-->\n\n<\/div><!--\/ .item--><\/div><div class=\"four columns\">\n<div class=\"item clearfix\">\n\n    \n            \n                <div class=\"image-post-slider\">\n                    <ul>\n                                                    <li><a data-fancybox-group=\"lightbox\" href=\"https:\/\/koton.de\/de\/kuechenaccesories-von-muuto-bei-naum\/\" class=\"single-image link-icon\"><img loading=\"lazy\" decoding=\"async\" src=\"https:\/\/koton.de\/de\/wp-content\/uploads\/2023\/09\/Muuto_Tub_Jug_Karaffe_Naum_Koton_Muenchen_3-e1693919347472-580x360.jpeg\" width=\"580\" height=\"360\" alt=\"K\u00dcCHENACCESSOIRES VON MUUTO BEI NAUM\" \/><\/a><\/li>\n                                                    <li><a data-fancybox-group=\"lightbox\" href=\"https:\/\/koton.de\/de\/kuechenaccesories-von-muuto-bei-naum\/\" class=\"single-image link-icon\"><img loading=\"lazy\" decoding=\"async\" src=\"https:\/\/koton.de\/de\/wp-content\/uploads\/2023\/09\/Muuto_Groove_Trivet_Unterlage_Naum_Koton_Muenchen-e1693919425491-580x360.jpeg\" width=\"580\" height=\"360\" alt=\"K\u00dcCHENACCESSOIRES VON MUUTO BEI NAUM\" \/><\/a><\/li>\n                                                    <li><a data-fancybox-group=\"lightbox\" href=\"https:\/\/koton.de\/de\/kuechenaccesories-von-muuto-bei-naum\/\" class=\"single-image link-icon\"><img loading=\"lazy\" decoding=\"async\" src=\"https:\/\/koton.de\/de\/wp-content\/uploads\/2023\/09\/Muuto_Tub_Jug_Karaffe_Naum_Koton_Muenchen-e1693919281103-580x360.jpeg\" width=\"580\" height=\"360\" alt=\"K\u00dcCHENACCESSOIRES VON MUUTO BEI NAUM\" \/><\/a><\/li>\n                                                    <li><a data-fancybox-group=\"lightbox\" href=\"https:\/\/koton.de\/de\/kuechenaccesories-von-muuto-bei-naum\/\" class=\"single-image link-icon\"><img loading=\"lazy\" decoding=\"async\" src=\"https:\/\/koton.de\/de\/wp-content\/uploads\/2023\/09\/Muuto_Corky_Carafe_Karaffe_Naum_Koton_Muenchen_2-e1693919374122-580x360.jpeg\" width=\"580\" height=\"360\" alt=\"K\u00dcCHENACCESSOIRES VON MUUTO BEI NAUM\" \/><\/a><\/li>\n                                                    <li><a data-fancybox-group=\"lightbox\" href=\"https:\/\/koton.de\/de\/kuechenaccesories-von-muuto-bei-naum\/\" class=\"single-image link-icon\"><img loading=\"lazy\" decoding=\"async\" src=\"https:\/\/koton.de\/de\/wp-content\/uploads\/2023\/09\/Muuto_Corky_Carafe_Karaffe_Naum_Koton_Muenchen-e1693919402182-580x360.jpeg\" width=\"580\" height=\"360\" alt=\"K\u00dcCHENACCESSOIRES VON MUUTO BEI NAUM\" \/><\/a><\/li>\n                                                    <li><a data-fancybox-group=\"lightbox\" href=\"https:\/\/koton.de\/de\/kuechenaccesories-von-muuto-bei-naum\/\" class=\"single-image link-icon\"><img loading=\"lazy\" decoding=\"async\" src=\"https:\/\/koton.de\/de\/wp-content\/uploads\/2023\/09\/Muuto_Tub_Jug_Karaffe_Naum_Koton_Muenchen_2-e1693919329829-580x360.jpeg\" width=\"580\" height=\"360\" alt=\"K\u00dcCHENACCESSOIRES VON MUUTO BEI NAUM\" \/><\/a><\/li>\n                                            <\/ul>\n                <\/div><!--\/ .image-post-slider-->\n\n                        \n    <div class=\"entry-meta\">\n\t\t\n\t\t<h5 class=\"title\"><a href=\"https:\/\/koton.de\/de\/kuechenaccesories-von-muuto-bei-naum\/\">K\u00dcCHENACCESSOIRES VON MUUTO BEI NAUM<\/a><\/h5>\n\t\t\n\t\t\t\t\n\t<\/div><!--\/ .entry-meta-->\n\n    <div class=\"entry-body\">\n\n        <p>\n            In unserem muuto-Showroom im Restaurant NAUM direkt neben KOTON finden Sie ab sofort diverse K\u00fcchenaccesoires des nordischen Herstellers. M ...        <\/p>\n\t\t\n\t\t \n    <\/div><!--\/ .entry-body-->\n\n<\/div><!--\/ .item--><\/div><div class=\"four columns\">\n<div class=\"item clearfix\">\n\n    \n            \n                <div class=\"image-post-slider\">\n                    <ul>\n                                                    <li><a data-fancybox-group=\"lightbox\" href=\"https:\/\/koton.de\/de\/muuto-fiber-kampagne\/\" class=\"single-image link-icon\"><img loading=\"lazy\" decoding=\"async\" src=\"http:\/\/koton.de\/de\/wp-content\/uploads\/2021\/05\/70-70-solid-oak-Fiber-arm-tube-white-rime-pendant-white-ply-burnt-orange-enfold-grey-beam-muuto-org-scaled-580x360.jpg\" width=\"580\" height=\"360\" alt=\"Muuto Fiber Kampagne\" \/><\/a><\/li>\n                                                    <li><a data-fancybox-group=\"lightbox\" href=\"https:\/\/koton.de\/de\/muuto-fiber-kampagne\/\" class=\"single-image link-icon\"><img loading=\"lazy\" decoding=\"async\" src=\"http:\/\/koton.de\/de\/wp-content\/uploads\/2021\/05\/fiber-armchair-fiber-bar-stool-black-stained-dark-brown-70-70-black-kink-vase-muuto-org-scaled-580x360.jpg\" width=\"580\" height=\"360\" alt=\"Muuto Fiber Kampagne\" \/><\/a><\/li>\n                                                    <li><a data-fancybox-group=\"lightbox\" href=\"https:\/\/koton.de\/de\/muuto-fiber-kampagne\/\" class=\"single-image link-icon\"><img loading=\"lazy\" decoding=\"async\" src=\"http:\/\/koton.de\/de\/wp-content\/uploads\/2021\/05\/tip-table-lamp-grey-arrange-workshop-table-linoleum-oak-fiber-armchair-cognac-leather-alu-folded-V2-muuto-med-res-scaled-580x360.jpg\" width=\"580\" height=\"360\" alt=\"Muuto Fiber Kampagne\" \/><\/a><\/li>\n                                            <\/ul>\n                <\/div><!--\/ .image-post-slider-->\n\n                        \n    <div class=\"entry-meta\">\n\t\t\n\t\t<h5 class=\"title\"><a href=\"https:\/\/koton.de\/de\/muuto-fiber-kampagne\/\">Muuto Fiber Kampagne<\/a><\/h5>\n\t\t\n\t\t\t\t\n\t<\/div><!--\/ .entry-meta-->\n\n    <div class=\"entry-body\">\n\n        <p>\n            Ab sofort gibt es bei KOTON M\u00fcnchen 15% auf die Muuto Fiber Chair Family.\r\nVerf\u00fcgbar in Leder, Stoff, ungepolstert, als Barstuhl, als Essz ...        <\/p>\n\t\t\n\t\t \n    <\/div><!--\/ .entry-body-->\n\n<\/div><!--\/ .item--><\/div><div class=\"four columns\">\n<div class=\"item clearfix\">\n\n    \n            \n                <div class=\"image-post-slider\">\n                    <ul>\n                                                    <li><a data-fancybox-group=\"lightbox\" href=\"https:\/\/koton.de\/de\/neu-in-situ-sofa-von-muuto\/\" class=\"single-image link-icon\"><img loading=\"lazy\" decoding=\"async\" src=\"http:\/\/koton.de\/de\/wp-content\/uploads\/2020\/08\/In-situ-corner-conf-2-vidar-554-pebble-orange-workshop-oak-compile-grey-post-floor-muuto-org_150-scaled-580x360.jpg\" width=\"580\" height=\"360\" alt=\"NEU: IN SITU SOFA VON MUUTO\" \/><\/a><\/li>\n                                                    <li><a data-fancybox-group=\"lightbox\" href=\"https:\/\/koton.de\/de\/neu-in-situ-sofa-von-muuto\/\" class=\"single-image link-icon\"><img loading=\"lazy\" decoding=\"async\" src=\"http:\/\/koton.de\/de\/wp-content\/uploads\/2020\/08\/In-situ-corner-conf-2-vidar-554-pebble-orange-workshop-oak-post-lamp-muuto-landscape-org_150-scaled-580x360.jpg\" width=\"580\" height=\"360\" alt=\"NEU: IN SITU SOFA VON MUUTO\" \/><\/a><\/li>\n                                            <\/ul>\n                <\/div><!--\/ .image-post-slider-->\n\n                        \n    <div class=\"entry-meta\">\n\t\t\n\t\t<h5 class=\"title\"><a href=\"https:\/\/koton.de\/de\/neu-in-situ-sofa-von-muuto\/\">NEU: IN SITU SOFA VON MUUTO<\/a><\/h5>\n\t\t\n\t\t\t\t\n\t<\/div><!--\/ .entry-meta-->\n\n    <div class=\"entry-body\">\n\n        <p>\n            Das norwegische Designduo Torbj\u00f8rn Anderssen und Espen Voll entwarf mit dem In Situ Sofa von Muuto ein modulares Sofa, das individuell auf  ...        <\/p>\n\t\t\n\t\t \n    <\/div><!--\/ .entry-body-->\n\n<\/div><!--\/ .item--><\/div><\/div>\n<p>&nbsp;<\/p>\n<hr \/>\n<p>&nbsp;<\/p>\n<div class=\"tnp tnp-subscription-minimal  \"><form action=\"https:\/\/koton.de\/de\/wp-admin\/admin-ajax.php?action=tnp&amp;na=s\" method=\"post\" style=\"text-align: center\"><input type=\"hidden\" name=\"nr\" value=\"minimal\">\n<input type=\"hidden\" name=\"nlang\" value=\"\">\n<input class=\"tnp-email\" type=\"email\" required name=\"ne\" value=\"\" placeholder=\"E-Mail-Adresse\"><input class=\"tnp-submit\" type=\"submit\" value=\"Abonnieren\" style=\"\">\n<\/form><\/div>\n\n","protected":false},"excerpt":{"rendered":"<p>Der Name Muuto leitet sich vom finnischen Wort &#8222;muutos&#8220; ab, was so viel wie &#8222;neue Perspektiven&#8220; bedeutet. Das spiegelt sich vor allem in der Designphilosophie des nordischen M\u00f6belherstellers wieder, die von f\u00fchrenden zeitgen\u00f6ssischen Designern gepr\u00e4gt wird. Muuto steht f\u00fcr skandinavisches Design von heute und enwickelte innovative Produkte wie den Cover Arm Chair, dem In Situ [&hellip;]<\/p>\n","protected":false},"author":1,"featured_media":0,"parent":0,"menu_order":0,"comment_status":"closed","ping_status":"closed","template":"","meta":{"_exactmetrics_skip_tracking":false,"_exactmetrics_sitenote_active":false,"_exactmetrics_sitenote_note":"","_exactmetrics_sitenote_category":0,"footnotes":""},"class_list":["post-1472","page","type-page","status-publish","hentry"],"_links":{"self":[{"href":"https:\/\/koton.de\/de\/wp-json\/wp\/v2\/pages\/1472","targetHints":{"allow":["GET"]}}],"collection":[{"href":"https:\/\/koton.de\/de\/wp-json\/wp\/v2\/pages"}],"about":[{"href":"https:\/\/koton.de\/de\/wp-json\/wp\/v2\/types\/page"}],"author":[{"embeddable":true,"href":"https:\/\/koton.de\/de\/wp-json\/wp\/v2\/users\/1"}],"replies":[{"embeddable":true,"href":"https:\/\/koton.de\/de\/wp-json\/wp\/v2\/comments?post=1472"}],"version-history":[{"count":3,"href":"https:\/\/koton.de\/de\/wp-json\/wp\/v2\/pages\/1472\/revisions"}],"predecessor-version":[{"id":3139,"href":"https:\/\/koton.de\/de\/wp-json\/wp\/v2\/pages\/1472\/revisions\/3139"}],"wp:attachment":[{"href":"https:\/\/koton.de\/de\/wp-json\/wp\/v2\/media?parent=1472"}],"curies":[{"name":"wp","href":"https:\/\/api.w.org\/{rel}","templated":true}]}}